{"id":15790,"date":"2024-06-13T10:23:06","date_gmt":"2024-06-13T08:23:06","guid":{"rendered":"https:\/\/advincon.de\/contacta-con-nosotros\/"},"modified":"2024-10-07T17:19:59","modified_gmt":"2024-10-07T15:19:59","slug":"contacta-con-nosotros","status":"publish","type":"page","link":"https:\/\/advincon.de\/es\/contacta-con-nosotros\/","title":{"rendered":"Contacta con nosotros"},"content":{"rendered":"<div class=\"wpb-content-wrapper\"><p>[vc_row][vc_column]\n\t\t\t<!-- START Slider Unterseiten consulting REVOLUTION SLIDER 6.7.11 --><p class=\"rs-p-wp-fix\"><\/p>\n\t\t\t<rs-module-wrap id=\"rev_slider_13_1_wrapper\" data-source=\"gallery\" style=\"visibility:hidden;background:transparent;padding:0;margin:0px auto;margin-top:0;margin-bottom:0;\">\n\t\t\t\t<rs-module id=\"rev_slider_13_1\" style=\"\" data-version=\"6.7.11\">\n\t\t\t\t\t<rs-slides style=\"overflow: hidden; position: absolute;\">\n\t\t\t\t\t\t<rs-slide style=\"position: absolute;\" data-key=\"rs-25\" data-title=\"Slide\"data-sba=\"b:false;\" data-anim=\"ms:10;\" data-in=\"o:1;\" data-out=\"a:false;\">\n\t\t\t\t\t\t\t<img decoding=\"async\" src=\"\/\/advincon.de\/wp-content\/plugins\/revslider\/sr6\/assets\/assets\/dummy.png\" alt=\"\" title=\"adv_header_untern_consu\" width=\"1920\" height=\"698\" class=\"rev-slidebg tp-rs-img rs-lazyload\" data-lazyload=\"\/\/advincon.de\/wp-content\/uploads\/2024\/07\/adv_header_untern_consu.jpg\" data-parallax=\"15\" data-no-retina>\n\t\t\t\t\t\t\t<rs-bgvideo \n\t\t\t\t\t\t\t\tdata-video=\"w:100%;h:100%;nse:false;l:true;ptimer:false;vfc:true;\"\n\t\t\t\t\t\t\t\tdata-mp4=\"\/\/advincon.de\/wp-content\/uploads\/2024\/06\/adv_header_untern_consu.mp4\"\n\t\t\t\t\t\t\t><\/rs-bgvideo>\n<!--\n\t\t\t\t\t\t\t--><rs-layer\n\t\t\t\t\t\t\t\tid=\"slider-13-slide-25-layer-0\" \n\t\t\t\t\t\t\t\tdata-type=\"shape\"\n\t\t\t\t\t\t\t\tdata-rsp_ch=\"on\"\n\t\t\t\t\t\t\t\tdata-xy=\"x:-22px;y:254px;\"\n\t\t\t\t\t\t\t\tdata-text=\"w:normal;\"\n\t\t\t\t\t\t\t\tdata-dim=\"w:248px;h:238px;\"\n\t\t\t\t\t\t\t\tdata-blendmode=\"multiply\"\n\t\t\t\t\t\t\t\tdata-frame_999=\"o:0;st:w;\"\n\t\t\t\t\t\t\t\tstyle=\"z-index:7;background-color:#e30613;\"\n\t\t\t\t\t\t\t> \n\t\t\t\t\t\t\t<\/rs-layer><!--\n\n\t\t\t\t\t\t\t--><rs-layer\n\t\t\t\t\t\t\t\tid=\"slider-13-slide-25-layer-2\" \n\t\t\t\t\t\t\t\tdata-type=\"shape\"\n\t\t\t\t\t\t\t\tdata-rsp_ch=\"on\"\n\t\t\t\t\t\t\t\tdata-xy=\"x:-1022px;y:b;yo:1px;\"\n\t\t\t\t\t\t\t\tdata-text=\"w:normal;\"\n\t\t\t\t\t\t\t\tdata-dim=\"w:922px;h:402px;\"\n\t\t\t\t\t\t\t\tdata-frame_999=\"o:0;st:w;\"\n\t\t\t\t\t\t\t\tstyle=\"z-index:7;background-color:rgba(32,40,76,0.49);\"\n\t\t\t\t\t\t\t> \n\t\t\t\t\t\t\t<\/rs-layer><!--\n\n\t\t\t\t\t\t\t--><rs-layer\n\t\t\t\t\t\t\t\tid=\"slider-13-slide-25-layer-3\" \n\t\t\t\t\t\t\t\tdata-type=\"shape\"\n\t\t\t\t\t\t\t\tdata-rsp_ch=\"on\"\n\t\t\t\t\t\t\t\tdata-xy=\"x:-100px;y:b;yo:-2px;\"\n\t\t\t\t\t\t\t\tdata-text=\"w:normal;\"\n\t\t\t\t\t\t\t\tdata-dim=\"w:1237px;h:403px;\"\n\t\t\t\t\t\t\t\tdata-frame_999=\"o:0;st:w;\"\n\t\t\t\t\t\t\t\tstyle=\"z-index:6;background:linear-gradient(85deg, rgba(32,40,76,0.5) 0%, rgba(215,215,215,0) 75%);\"\n\t\t\t\t\t\t\t> \n\t\t\t\t\t\t\t<\/rs-layer><!--\n-->\t\t\t\t\t<\/rs-slide>\n\t\t\t\t\t<\/rs-slides>\n\t\t\t\t<\/rs-module>\n\t\t\t\t<script>\n\t\t\t\t\tsetREVStartSize({c: 'rev_slider_13_1',rl:[1240,1024,778,480],el:[400],gw:[1240],gh:[400],type:'standard',justify:'',layout:'fullwidth',mh:\"0\"});if (window.RS_MODULES!==undefined && window.RS_MODULES.modules!==undefined && window.RS_MODULES.modules[\"revslider131\"]!==undefined) {window.RS_MODULES.modules[\"revslider131\"].once = false;window.revapi13 = undefined;if (window.RS_MODULES.checkMinimal!==undefined) window.RS_MODULES.checkMinimal()}\n\t\t\t\t<\/script>\n\t\t\t<\/rs-module-wrap>\n\t\t\t<!-- END REVOLUTION SLIDER -->\n[\/vc_column][\/vc_row][vc_row inner_container=\u00bbtrue\u00bb css=\u00bb.vc_custom_1719323932595{margin-top: 10% !important;}\u00bb][vc_column width=\u00bb1\/3&#8243;][vc_row_inner inner_container=\u00bbtrue\u00bb css=\u00bb.vc_custom_1718088102212{margin-top: 3% !important;padding-top: 3% !important;padding-bottom: 5% !important;}\u00bb][vc_column_inner][vc_custom_heading text=\u00bbContacta con nosotros\u00bb font_container=\u00bbtag:h2|text_align:left|color:%23e30613&#8243; use_theme_fonts=\u00bbyes\u00bb css=\u00bb.vc_custom_1718267150431{margin-bottom: 5% !important;}\u00bb][vc_column_text css=\u00bb.vc_custom_1719481135326{margin-bottom: 15px !important;padding-right: 2% !important;}\u00bb]<\/p>\n<h5 style=\"text-align: left;\">Estamos a tu disposici\u00f3n.<\/h5>\n<p>\u00bfTienes alguna pregunta o sugerencia sobre nuestros servicios? Entonces ponte en contacto con nosotros directamente. Esperamos recibir tu consulta.[\/vc_column_text][\/vc_column_inner][\/vc_row_inner][\/vc_column][vc_column width=\u00bb1\/3&#8243;][vc_row_inner inner_container=\u00bbtrue\u00bb border=\u00bball\u00bb class=\u00bbborder-radius\u00bb css=\u00bb.vc_custom_1719323505574{margin-top: 3% !important;padding-top: 3% !important;}\u00bb][vc_column_inner css=\u00bb.vc_custom_1521259237478{border-top-width: 1px !important;border-right-width: 1px !important;border-bottom-width: 1px !important;border-left-width: 1px !important;padding-top: 15px !important;border-left-color: #cccccc !important;border-left-style: solid !important;border-right-color: #cccccc !important;border-right-style: solid !important;border-top-color: #cccccc !important;border-top-style: solid !important;border-bottom-color: #cccccc !important;border-bottom-style: solid !important;border-radius: 5px !important;}\u00bb]<style scoped>#noo-icon-1 i:hover {  color: #e30613; }<\/style>\n<span id=\"noo-icon-1\" class=\"noo-icon icon-circle fa-3x noo-icon-position-center\" style=\" color: #e30613;\">\n<i class=\"fa fas fa-map-marker-alt\" ><\/i>\n<\/span>[vc_column_text css=\u00bb.vc_custom_1719231671831{margin-bottom: 15px !important;}\u00bb]<\/p>\n<h5 style=\"text-align: center;\">Direcci\u00f3n<\/h5>\n<p style=\"text-align: center;\">Friedrichstra\u00dfe 53, 38102 Braunschweig<\/p>\n<p>[\/vc_column_text][\/vc_column_inner][\/vc_row_inner][\/vc_column][vc_column width=\u00bb1\/3&#8243;][vc_row_inner inner_container=\u00bbtrue\u00bb border=\u00bball\u00bb class=\u00bbborder-radius\u00bb css=\u00bb.vc_custom_1719323515509{margin-top: 3% !important;padding-top: 3% !important;}\u00bb][vc_column_inner css=\u00bb.vc_custom_1521259214500{border-top-width: 1px !important;border-right-width: 1px !important;border-bottom-width: 1px !important;border-left-width: 1px !important;padding-top: 15px !important;border-left-color: #c9c9c9 !important;border-left-style: solid !important;border-right-color: #c9c9c9 !important;border-right-style: solid !important;border-top-color: #c9c9c9 !important;border-top-style: solid !important;border-bottom-color: #c9c9c9 !important;border-bottom-style: solid !important;border-radius: 5px !important;}\u00bb]<style scoped>#noo-icon-2 i:hover {  color: #0f204c; }<\/style>\n<span id=\"noo-icon-2\" class=\"noo-icon icon-circle fa-3x noo-icon-position-center\" style=\" color: #e30613;\">\n<a class=\"noo-icon-url\" href=\"mailto:info@advincon.de\">\n<i class=\"fa fas fa-envelope\" ><\/i>\n<\/a>\n<\/span>[vc_column_text css=\u00bb.vc_custom_1720437635343{margin-bottom: 15px !important;}\u00bb]<\/p>\n<h5 style=\"text-align: center;\">Correo electr\u00f3nico<\/h5>\n<p style=\"text-align: center;\">info@advincon.de<\/p>\n<p>[\/vc_column_text][\/vc_column_inner][\/vc_row_inner][\/vc_column][\/vc_row][vc_row inner_container=\u00bbtrue\u00bb css=\u00bb.vc_custom_1719324103928{margin-top: 5% !important;padding-bottom: 10% !important;}\u00bb][vc_column]\n<div class=\"wpcf7 no-js\" id=\"wpcf7-f15938-o1\" lang=\"de-DE\" dir=\"ltr\">\n<div class=\"screen-reader-response\"><p role=\"status\" aria-live=\"polite\" aria-atomic=\"true\"><\/p> <ul><\/ul><\/div>\n<form action=\"\/es\/wp-json\/wp\/v2\/pages\/15790#wpcf7-f15938-o1\" method=\"post\" class=\"wpcf7-form init\" aria-label=\"Kontaktformular\" novalidate=\"novalidate\" data-status=\"init\">\n<div style=\"display: none;\">\n<input type=\"hidden\" name=\"_wpcf7\" value=\"15938\" \/>\n<input type=\"hidden\" name=\"_wpcf7_version\" value=\"5.9.8\" \/>\n<input type=\"hidden\" name=\"_wpcf7_locale\" value=\"de_DE\" \/>\n<input type=\"hidden\" name=\"_wpcf7_unit_tag\" value=\"wpcf7-f15938-o1\" \/>\n<input type=\"hidden\" name=\"_wpcf7_container_post\" value=\"0\" \/>\n<input type=\"hidden\" name=\"_wpcf7_posted_data_hash\" value=\"\" \/>\n<\/div>\n<div class=\"row\">\n\t<h4 style=\"text-align: center;\">Ponte en contacto con nosostros\n\t<\/h4>\n\t<div class=\"col-md-6\">\n\t\t<p><span class=\"wpcf7-form-control-wrap\" data-name=\"Nombre\"><input size=\"40\" maxlength=\"400\" class=\"wpcf7-form-control wpcf7-text wpcf7-validates-as-required\" aria-required=\"true\" aria-invalid=\"false\" placeholder=\"Nombre\" value=\"\" type=\"text\" name=\"Nombre\" \/><\/span>\n\t\t<\/p>\n\t<\/div>\n\t<div class=\"col-md-6\">\n\t\t<p><span class=\"wpcf7-form-control-wrap\" data-name=\"Apellido\"><input size=\"40\" maxlength=\"400\" class=\"wpcf7-form-control wpcf7-text wpcf7-validates-as-required\" aria-required=\"true\" aria-invalid=\"false\" placeholder=\"Apellido\" value=\"\" type=\"text\" name=\"Apellido\" \/><\/span>\n\t\t<\/p>\n\t<\/div>\n\t<div class=\"col-md-6\">\n\t\t<p><span class=\"wpcf7-form-control-wrap\" data-name=\"Empresa\"><input size=\"40\" maxlength=\"400\" class=\"wpcf7-form-control wpcf7-text\" aria-invalid=\"false\" placeholder=\"Empresa\" value=\"\" type=\"text\" name=\"Empresa\" \/><\/span>\n\t\t<\/p>\n\t<\/div>\n\t<div class=\"col-md-6\">\n\t\t<p><span class=\"wpcf7-form-control-wrap\" data-name=\"E-Mail\"><input size=\"40\" maxlength=\"400\" class=\"wpcf7-form-control wpcf7-email wpcf7-text wpcf7-validates-as-email\" aria-invalid=\"false\" placeholder=\"Correo electr\u00f3nico\" value=\"\" type=\"email\" name=\"E-Mail\" \/><\/span>\n\t\t<\/p>\n\t<\/div>\n\t<div class=\"col-md-6\">\n\t\t<p><span class=\"wpcf7-form-control-wrap\" data-name=\"Telefon\"><input size=\"40\" maxlength=\"400\" class=\"wpcf7-form-control wpcf7-tel wpcf7-text wpcf7-validates-as-tel\" aria-invalid=\"false\" placeholder=\"Tel\u00e9fono\" value=\"\" type=\"tel\" name=\"Telefon\" \/><\/span>\n\t\t<\/p>\n\t<\/div>\n\t<div class=\"col-md-12\">\n\t\t<p><span class=\"wpcf7-form-control-wrap\" data-name=\"Mensaje\"><textarea cols=\"40\" rows=\"10\" maxlength=\"2000\" class=\"wpcf7-form-control wpcf7-textarea\" aria-invalid=\"false\" placeholder=\"Mensaje\" name=\"Mensaje\"><\/textarea><\/span>\n\t\t<\/p>\n\t<\/div>\n\t<div class=\"col-md-12\">\n\t\t<p><span class=\"wpcf7-form-control-wrap\" data-name=\"Datenschutz\"><span class=\"wpcf7-form-control wpcf7-acceptance\"><span class=\"wpcf7-list-item\"><label><input type=\"checkbox\" name=\"Datenschutz\" value=\"1\" aria-invalid=\"false\" \/><span class=\"wpcf7-list-item-label\">Protecci\u00f3n de datos: He le\u00eddo la declaraci\u00f3n de <a href=\"https:\/\/https:\/\/advincon.de\/es\/proteccion-de-datos\/\">protecci\u00f3n de datos<\/a> y acepto la recogida, almacenamiento y tratamiento de mis datos.<\/span><\/label><\/span><\/span><\/span>\n\t\t<\/p>\n\t<\/div>\n\t<div class=\"col-md-12 text-center\">\n\t\t<p><input class=\"wpcf7-form-control wpcf7-submit has-spinner\" type=\"submit\" value=\"Enviar\" \/>\n\t\t<\/p>\n\t<\/div>\n<\/div><div class=\"wpcf7-response-output\" aria-hidden=\"true\"><\/div>\n<\/form>\n<\/div>\n[\/vc_column][\/vc_row]<\/p>\n<\/div>","protected":false},"excerpt":{"rendered":"<p>[vc_row][vc_column][\/vc_column][\/vc_row][vc_row inner_container=\u00bbtrue\u00bb css=\u00bb.vc_custom_1719323932595{margin-top: 10% !important;}\u00bb][vc_column width=\u00bb1\/3&#8243;][vc_row_inner inner_container=\u00bbtrue\u00bb css=\u00bb.vc_custom_1718088102212{margin-top: 3% !important;padding-top: 3% !important;padding-bottom: 5% !important;}\u00bb][vc_column_inner][vc_custom_heading text=\u00bbContacta con nosotros\u00bb font_container=\u00bbtag:h2|text_align:left|color:%23e30613&#8243; use_theme_fonts=\u00bbyes\u00bb css=\u00bb.vc_custom_1718267150431{margin-bottom: 5% !important;}\u00bb][vc_column_text css=\u00bb.vc_custom_1719481135326{margin-bottom: 15px !important;padding-right: 2% !important;}\u00bb] Estamos a tu disposici\u00f3n. \u00bfTienes alguna pregunta o sugerencia sobre nuestros servicios? Entonces ponte en contacto con nosotros directamente. Esperamos recibir tu consulta.[\/vc_column_text][\/vc_column_inner][\/vc_row_inner][\/vc_column][vc_column width=\u00bb1\/3&#8243;][vc_row_inner inner_container=\u00bbtrue\u00bb border=\u00bball\u00bb class=\u00bbborder-radius\u00bb css=\u00bb.vc_custom_1719323505574{margin-top: 3% !important;padding-top: 3% !important;}\u00bb][vc_column_inner css=\u00bb.vc_custom_1521259237478{border-top-width:<\/p>\n","protected":false},"author":11,"featured_media":0,"parent":0,"menu_order":0,"comment_status":"closed","ping_status":"closed","template":"page-full-width.php","meta":{"footnotes":""},"class_list":["post-15790","page","type-page","status-publish","hentry","no-featured","has-left-col"],"_links":{"self":[{"href":"https:\/\/advincon.de\/es\/wp-json\/wp\/v2\/pages\/15790","targetHints":{"allow":["GET"]}}],"collection":[{"href":"https:\/\/advincon.de\/es\/wp-json\/wp\/v2\/pages"}],"about":[{"href":"https:\/\/advincon.de\/es\/wp-json\/wp\/v2\/types\/page"}],"author":[{"embeddable":true,"href":"https:\/\/advincon.de\/es\/wp-json\/wp\/v2\/users\/11"}],"replies":[{"embeddable":true,"href":"https:\/\/advincon.de\/es\/wp-json\/wp\/v2\/comments?post=15790"}],"version-history":[{"count":1,"href":"https:\/\/advincon.de\/es\/wp-json\/wp\/v2\/pages\/15790\/revisions"}],"predecessor-version":[{"id":16656,"href":"https:\/\/advincon.de\/es\/wp-json\/wp\/v2\/pages\/15790\/revisions\/16656"}],"wp:attachment":[{"href":"https:\/\/advincon.de\/es\/wp-json\/wp\/v2\/media?parent=15790"}],"curies":[{"name":"wp","href":"https:\/\/api.w.org\/{rel}","templated":true}]}}