{"id":15794,"date":"2024-06-14T13:50:30","date_gmt":"2024-06-14T11:50:30","guid":{"rendered":"https:\/\/advincon.de\/para-tu-carrera\/"},"modified":"2024-10-07T17:23:23","modified_gmt":"2024-10-07T15:23:23","slug":"para-tu-carrera","status":"publish","type":"page","link":"https:\/\/advincon.de\/es\/para-tu-carrera\/","title":{"rendered":"Para tu carrera"},"content":{"rendered":"<div class=\"wpb-content-wrapper\"><p>[vc_row][vc_column]\n\t\t\t<!-- START Slider Unterseiten karriere REVOLUTION SLIDER 6.7.11 --><p class=\"rs-p-wp-fix\"><\/p>\n\t\t\t<rs-module-wrap id=\"rev_slider_12_1_wrapper\" data-source=\"gallery\" style=\"visibility:hidden;background:transparent;padding:0;margin:0px auto;margin-top:0;margin-bottom:0;\">\n\t\t\t\t<rs-module id=\"rev_slider_12_1\" style=\"\" data-version=\"6.7.11\">\n\t\t\t\t\t<rs-slides style=\"overflow: hidden; position: absolute;\">\n\t\t\t\t\t\t<rs-slide style=\"position: absolute;\" data-key=\"rs-23\" data-title=\"Slide\"data-sba=\"b:false;\" data-anim=\"ms:10;\" data-in=\"o:1;\" data-out=\"a:false;\">\n\t\t\t\t\t\t\t<img decoding=\"async\" src=\"\/\/advincon.de\/wp-content\/plugins\/revslider\/sr6\/assets\/assets\/dummy.png\" alt=\"\" title=\"adv_header_karriere\" width=\"1908\" height=\"698\" class=\"rev-slidebg tp-rs-img rs-lazyload\" data-lazyload=\"\/\/advincon.de\/wp-content\/uploads\/2024\/07\/adv_header_karriere.jpg\" data-parallax=\"15\" data-no-retina>\n\t\t\t\t\t\t\t<rs-bgvideo \n\t\t\t\t\t\t\t\tdata-video=\"w:100%;h:100%;nse:false;l:true;ptimer:false;vfc:true;\"\n\t\t\t\t\t\t\t\tdata-mp4=\"\/\/advincon.de\/wp-content\/uploads\/2024\/06\/adv_header_karriere-1.mp4\"\n\t\t\t\t\t\t\t><\/rs-bgvideo>\n<!--\n\t\t\t\t\t\t\t--><rs-layer\n\t\t\t\t\t\t\t\tid=\"slider-12-slide-23-layer-0\" \n\t\t\t\t\t\t\t\tdata-type=\"shape\"\n\t\t\t\t\t\t\t\tdata-rsp_ch=\"on\"\n\t\t\t\t\t\t\t\tdata-xy=\"xo:-22px,-22px,-22px,-8px;y:t,t,t,b;yo:254px,254px,254px,0;\"\n\t\t\t\t\t\t\t\tdata-text=\"w:normal;s:20,20,20,7;l:0,0,0,9;\"\n\t\t\t\t\t\t\t\tdata-dim=\"w:248px,248px,248px,95px;h:238px,238px,238px,91px;\"\n\t\t\t\t\t\t\t\tdata-blendmode=\"multiply\"\n\t\t\t\t\t\t\t\tdata-frame_999=\"o:0;st:w;\"\n\t\t\t\t\t\t\t\tstyle=\"z-index:8;background-color:#e30613;\"\n\t\t\t\t\t\t\t> \n\t\t\t\t\t\t\t<\/rs-layer><!--\n\n\t\t\t\t\t\t\t--><rs-layer\n\t\t\t\t\t\t\t\tid=\"slider-12-slide-23-layer-2\" \n\t\t\t\t\t\t\t\tdata-type=\"shape\"\n\t\t\t\t\t\t\t\tdata-rsp_ch=\"on\"\n\t\t\t\t\t\t\t\tdata-xy=\"x:l,l,l,c;xo:-1183px,-1183px,-1183px,-436px;y:b;yo:-11px,-11px,-11px,-1px;\"\n\t\t\t\t\t\t\t\tdata-text=\"w:normal;s:20,20,20,7;l:0,0,0,9;\"\n\t\t\t\t\t\t\t\tdata-dim=\"w:1183px,1183px,1183px,457px;h:1022px,1022px,1022px,394px;\"\n\t\t\t\t\t\t\t\tdata-frame_999=\"o:0;st:w;\"\n\t\t\t\t\t\t\t\tstyle=\"z-index:7;background-color:rgba(32,40,76,0.49);\"\n\t\t\t\t\t\t\t> \n\t\t\t\t\t\t\t<\/rs-layer><!--\n\n\t\t\t\t\t\t\t--><rs-layer\n\t\t\t\t\t\t\t\tid=\"slider-12-slide-23-layer-3\" \n\t\t\t\t\t\t\t\tdata-type=\"shape\"\n\t\t\t\t\t\t\t\tdata-rsp_ch=\"on\"\n\t\t\t\t\t\t\t\tdata-xy=\"x:l,l,l,c;xo:0,0,0,-49px;y:b;yo:-20px,-20px,-20px,-2px;\"\n\t\t\t\t\t\t\t\tdata-text=\"w:normal;s:20,20,20,7;l:0,0,0,9;\"\n\t\t\t\t\t\t\t\tdata-dim=\"w:1559px,1559px,1559px,602px;h:1022px,1022px,1022px,1020px;\"\n\t\t\t\t\t\t\t\tdata-frame_999=\"o:0;st:w;\"\n\t\t\t\t\t\t\t\tstyle=\"z-index:6;background:linear-gradient(85deg, rgba(32,40,76,0.5) 0%, rgba(215,215,215,0) 75%);\"\n\t\t\t\t\t\t\t> \n\t\t\t\t\t\t\t<\/rs-layer><!--\n-->\t\t\t\t\t<\/rs-slide>\n\t\t\t\t\t<\/rs-slides>\n\t\t\t\t<\/rs-module>\n\t\t\t\t<script>\n\t\t\t\t\tsetREVStartSize({c: 'rev_slider_12_1',rl:[1240,1240,1240,480],el:[400,400,400,400],gw:[1240,1240,1240,480],gh:[400,400,400,400],type:'standard',justify:'',layout:'fullwidth',mh:\"0\"});if (window.RS_MODULES!==undefined && window.RS_MODULES.modules!==undefined && window.RS_MODULES.modules[\"revslider121\"]!==undefined) {window.RS_MODULES.modules[\"revslider121\"].once = false;window.revapi12 = undefined;if (window.RS_MODULES.checkMinimal!==undefined) window.RS_MODULES.checkMinimal()}\n\t\t\t\t<\/script>\n\t\t\t<\/rs-module-wrap>\n\t\t\t<!-- END REVOLUTION SLIDER -->\n[\/vc_column][\/vc_row][vc_row css=\u00bb.vc_custom_1719227342687{margin-top: 5% !important;margin-bottom: 5% !important;}\u00bb][vc_column][vc_row_inner inner_container=\u00bbtrue\u00bb css=\u00bb.vc_custom_1719387175680{margin-top: 3% !important;padding-top: 3% !important;}\u00bb][vc_column_inner width=\u00bb2\/3&#8243;][vc_custom_heading text=\u00bbTrabaja con los mejores\u00bb font_container=\u00bbtag:h6|text_align:left|color:%235f646a\u00bb use_theme_fonts=\u00bbyes\u00bb css=\u00bb.vc_custom_1719227355641{margin-bottom: 3% !important;}\u00bb][vc_custom_heading text=\u00bbEncuentra el trabajo que te llevar\u00e1 m\u00e1s lejos\u00bb font_container=\u00bbtag:h2|text_align:left|color:%23223035&#8243; use_theme_fonts=\u00bbyes\u00bb css=\u00bb\u00bb][\/vc_column_inner][vc_column_inner width=\u00bb1\/3&#8243;][\/vc_column_inner][\/vc_row_inner][vc_row_inner inner_container=\u00bbtrue\u00bb css=\u00bb.vc_custom_1720512970541{padding-top: 2% !important;padding-bottom: 5% !important;}\u00bb][vc_column_inner width=\u00bb1\/2&#8243;][vc_column_text css=\u00bb\u00bb]\u00bfNo tiene tiempo para maratones de aplicaciones? \u00bfPero est\u00e1s interesado en avanzar en tu carrera y encontrar trabajos inteligentes y apasionantes en el sector de la ingenier\u00eda y la movilidad? P\u00e1sate a la v\u00eda r\u00e1pida m\u00e1s f\u00e1cilmente: con Advincon. Desde j\u00f3venes profesionales sin experiencia laboral hasta expertos y directivos, puedes desarrollar todo tu potencial: Los mejores compa\u00f1eros, equipos, proyectos: tareas apasionantes y esfuerzos recompensados.<\/p>\n<p>Conocemos a los responsables de la toma de decisiones y a menudo sabemos de los puestos de trabajo antes de que se anuncien. Benef\u00edciate de nosotros como socio para tu carrera en el sector de la ingenier\u00eda y la automoci\u00f3n. Por supuesto, nuestro servicio es confidencial y 100% gratuito para nuestros solicitantes.[\/vc_column_text][\/vc_column_inner][vc_column_inner width=\u00bb1\/2&#8243;][vc_single_image image=\u00bb15050&#8243; img_size=\u00bbfull\u00bb alignment=\u00bbright\u00bb css=\u00bb\u00bb][\/vc_column_inner][\/vc_row_inner][\/vc_column][\/vc_row][vc_row parallax=\u00bbcontent-moving-fade\u00bb parallax_image=\u00bb15090&#8243; css=\u00bb.vc_custom_1719321316020{padding-top: 5% !important;padding-bottom: 5% !important;}\u00bb][vc_column][vc_row_inner inner_container=\u00bbtrue\u00bb gap=\u00bb30&#8243;][vc_column_inner][vc_column_text css=\u00bb\u00bb]<\/p>\n<h4 style=\"color: #fff;\">Algunos de nuestros puestos de trabajo para tu carrera profesional<\/h4>\n<p style=\"color: #fff;\">Ingenieros electr\u00f3nicos, mec\u00e1nicos de automoci\u00f3n, ingenieros mecatr\u00f3nicos de automoci\u00f3n, capataces, t\u00e9cnicos, conductores de pruebas, PMO, asistentes, probadores de software, modeladores, simuladores, ingenieros de desarrollo, gestores de componentes, desarrolladores de diagn\u00f3stico, especialistas en redes, desarrolladores de software, gestores de requisitos, SW &amp; Arquitectos de sistemas, propietarios de funciones, especialistas en TI, inform\u00e1ticos, propietarios de productos, ingenieros de DevOps, responsables de pruebas, ingenieros de calidad, responsables de desarrollo empresarial, responsables de ventas, responsables de subproyectos y de proyectos, responsables de CoC, responsables de SE, ingenieros superiores, responsables (UMK, OMK)&#8230;<\/p>\n<p>[\/vc_column_text][\/vc_column_inner][\/vc_row_inner][\/vc_column][\/vc_row][vc_row css=\u00bb.vc_custom_1718875956500{padding-top: 6% !important;padding-bottom: 8% !important;background-color: #ffffff !important;}\u00bb][vc_column offset=\u00bbvc_hidden-sm vc_hidden-xs\u00bb][vc_row_inner inner_container=\u00bbtrue\u00bb][vc_column_inner width=\u00bb1\/2&#8243;][vc_custom_heading text=\u00bbTu perfil como candidato\u00bb font_container=\u00bbtag:h4|text_align:left|color:%23223035&#8243; use_theme_fonts=\u00bbyes\u00bb css=\u00bb\u00bb][vc_column_text css=\u00bb\u00bb]<\/p>\n<ul>\n<li>Licenciados, profesionales, directivos<\/li>\n<li>Formaci\u00f3n t\u00e9cnica, maestros artesanos, t\u00e9cnicos, acad\u00e9micos<\/li>\n<li>Con o sin experiencia profesional<\/li>\n<li>Alemania, Europa, en todo el mundo<\/li>\n<li>HW y SW, E\/E, ADAS, E-Movilidad, Infoentretenimiento\/Conexi\u00f3n, Seguridad, Calidad\/Procesos, Mec\u00e1nica\/Mecatr\u00f3nica, Oficina y Ventas<\/li>\n<\/ul>\n<p>[\/vc_column_text][\/vc_column_inner][vc_column_inner width=\u00bb1\/2&#8243;][vc_single_image image=\u00bb15035&#8243; img_size=\u00bbfull\u00bb css=\u00bb.vc_custom_1719320706816{padding-bottom: 5% !important;}\u00bb][\/vc_column_inner][\/vc_row_inner][\/vc_column][\/vc_row][vc_row css=\u00bb.vc_custom_1718876173782{padding-top: 6% !important;padding-bottom: 8% !important;background-color: #eaeaed !important;}\u00bb][vc_column][vc_row_inner inner_container=\u00bbtrue\u00bb gap=\u00bb30&#8243;][vc_column_inner width=\u00bb1\/2&#8243;][vc_single_image image=\u00bb15051&#8243; img_size=\u00bbfull\u00bb css=\u00bb\u00bb][\/vc_column_inner][vc_column_inner width=\u00bb1\/2&#8243;][vc_custom_heading text=\u00bbAs\u00ed es el proceso de mediaci\u00f3n\u00bb font_container=\u00bbtag:h4|text_align:left|color:%23223035&#8243; use_theme_fonts=\u00bbyes\u00bb css=\u00bb\u00bb][vc_column_text css=\u00bb\u00bb]<\/p>\n<ul>\n<li>Nuestro emparejamiento comienza con una reuni\u00f3n personal<\/li>\n<li>Te damos consejos para optimizar tu aplicaci\u00f3n<\/li>\n<li>C\u00e9ntrate en tus ideas y deseos<\/li>\n<li>Asesoramiento salarial y profesional previa solicitud<\/li>\n<li>Presentaci\u00f3n &amp; at Match: Contrato de trabajo entre el candidato y la empresa<\/li>\n<\/ul>\n<p>[\/vc_column_text][\/vc_column_inner][\/vc_row_inner][\/vc_column][\/vc_row][vc_row css=\u00bb.vc_custom_1718878592139{padding-top: 6% !important;padding-bottom: 6% !important;background-color: #ffffff !important;}\u00bb][vc_column][vc_row_inner inner_container=\u00bbtrue\u00bb][vc_column_inner width=\u00bb1\/2&#8243; offset=\u00bbvc_hidden-sm vc_hidden-xs\u00bb][vc_custom_heading text=\u00bbLas ventajas de nuestro servicio de carrera\u00bb font_container=\u00bbtag:h4|text_align:left|color:%23223035&#8243; use_theme_fonts=\u00bbyes\u00bb css=\u00bb\u00bb][vc_column_text css=\u00bb\u00bb]<\/p>\n<ul>\n<li>Centrados en ingenier\u00eda, TI, automoci\u00f3n y movilidad &#8211; en todo el mundo<\/li>\n<li>Comunicaci\u00f3n transparente y abierta, sin rodeos, directamente con los responsables de la toma de decisiones<\/li>\n<li>Identificar y acercarse a empleados, especialistas y directivos de alto potencial<\/li>\n<li>Intercambio sobre vacantes, deseos, oportunidades profesionales e idoneidad<\/li>\n<li>Presentaci\u00f3n a contactos seleccionados directamente en el departamento t\u00e9cnico<\/li>\n<li>Nuestro servicio es 100% gratuito para ti como solicitante<\/li>\n<\/ul>\n<p>[\/vc_column_text][\/vc_column_inner][vc_column_inner width=\u00bb1\/2&#8243; offset=\u00bbvc_hidden-sm vc_hidden-xs\u00bb][vc_single_image image=\u00bb15083&#8243; img_size=\u00bbfull\u00bb css=\u00bb.vc_custom_1719320726488{padding-bottom: 10% !important;}\u00bb][\/vc_column_inner][\/vc_row_inner][vc_row_inner inner_container=\u00bbtrue\u00bb][vc_column_inner width=\u00bb1\/2&#8243; offset=\u00bbvc_hidden-lg vc_hidden-md\u00bb][vc_single_image image=\u00bb15083&#8243; img_size=\u00bbfull\u00bb css=\u00bb.vc_custom_1719320736439{padding-bottom: 10% !important;}\u00bb][\/vc_column_inner][vc_column_inner width=\u00bb1\/2&#8243; offset=\u00bbvc_hidden-lg vc_hidden-md\u00bb][vc_custom_heading text=\u00bbVentajas\u00bb font_container=\u00bbtag:h4|text_align:left|color:%23223035&#8243; use_theme_fonts=\u00bbyes\u00bb css=\u00bb\u00bb][vc_column_text css=\u00bb\u00bb]<\/p>\n<ul>\n<li>Centrados en la ingenier\u00eda y las TI en la industria del autom\u00f3vil &#8211; en todo el mundo<\/li>\n<li>Comunicaci\u00f3n transparente y abierta, sin rodeos, directamente con los responsables de la toma de decisiones<\/li>\n<li>Identificar y acercarse a empleados, especialistas y directivos de alto potencial<\/li>\n<li>Intercambio sobre vacantes, deseos, oportunidades profesionales e idoneidad<\/li>\n<li>Presentaci\u00f3n a contactos seleccionados directamente en el departamento t\u00e9cnico<\/li>\n<\/ul>\n<p>[\/vc_column_text][\/vc_column_inner][\/vc_row_inner][vc_row_inner inner_container=\u00bbtrue\u00bb][vc_column_inner width=\u00bb3\/4&#8243;][vc_column_text css=\u00bb\u00bb]<\/p>\n<h5 style=\"text-align: left;\">Consigue el trabajo que te impulsa.<\/h5>\n<p style=\"text-align: left;\">Sabemos exactamente qu\u00e9 expertos se necesitan en Tecnolog\u00eda e IT, d\u00f3nde y cu\u00e1ndo. Benef\u00edciate de nuestra experiencia y conocimientos del sector. <strong>Habla con nosotros.<\/strong><\/p>\n<p>[\/vc_column_text][\/vc_column_inner][vc_column_inner width=\u00bb1\/4&#8243;][\/vc_column_inner][\/vc_row_inner][\/vc_column][\/vc_row][vc_row css=\u00bb.vc_custom_1718878270997{padding-top: 6% !important;padding-bottom: 8% !important;background-color: #eaeaed !important;}\u00bb][vc_column][vc_row_inner inner_container=\u00bbtrue\u00bb][vc_column_inner width=\u00bb1\/3&#8243;][vc_single_image image=\u00bb14381&#8243; img_size=\u00bb50px\u00bb alignment=\u00bbcenter\u00bb css=\u00bb.vc_custom_1718876613174{padding-bottom: 10% !important;}\u00bb][vc_custom_heading text=\u00bbExperiencia\u00bb font_container=\u00bbtag:h4|text_align:center|color:%23223035&#8243; use_theme_fonts=\u00bbyes\u00bb css=\u00bb\u00bb][vc_column_text css=\u00bb.vc_custom_1720437444607{padding-right: 5% !important;padding-left: 5% !important;}\u00bb]<\/p>\n<p style=\"text-align: center;\">Somos expertos t\u00e9cnicos e ingenieros de desarrollo, probadores, gestores de proyectos, BTV, gestores de SE, gestores de requisitos, auditores, desarrolladores de negocio, gestores de ventas, gerentes.<\/p>\n<p>[\/vc_column_text][\/vc_column_inner][vc_column_inner width=\u00bb1\/3&#8243;][vc_single_image image=\u00bb14380&#8243; img_size=\u00bb50px\u00bb alignment=\u00bbcenter\u00bb css=\u00bb.vc_custom_1718876888659{padding-bottom: 10% !important;}\u00bb][vc_custom_heading text=\u00bbRed\u00bb font_container=\u00bbtag:h4|text_align:center|color:%23223035&#8243; use_theme_fonts=\u00bbyes\u00bb css=\u00bb\u00bb][vc_column_text css=\u00bb.vc_custom_1718878518859{padding-right: 5% !important;padding-left: 5% !important;}\u00bb]<\/p>\n<p style=\"text-align: center;\">Con m\u00e1s de 25 a\u00f1os de experiencia en el desarrollo de autom\u00f3viles, estamos muy bien conectados con muchos responsables de la toma de decisiones y empresas.<\/p>\n<p>[\/vc_column_text][\/vc_column_inner][vc_column_inner width=\u00bb1\/3&#8243;][vc_single_image image=\u00bb14382&#8243; img_size=\u00bb50px\u00bb alignment=\u00bbcenter\u00bb css=\u00bb.vc_custom_1718876937330{padding-bottom: 10% !important;}\u00bb][vc_custom_heading text=\u00bbCalidad\u00bb font_container=\u00bbtag:h4|text_align:center|color:%23223035&#8243; use_theme_fonts=\u00bbyes\u00bb css=\u00bb\u00bb][vc_column_text css=\u00bb.vc_custom_1720437480319{margin-bottom: 17% !important;padding-right: 5% !important;padding-left: 5% !important;}\u00bb]<\/p>\n<p style=\"text-align: center;\">Gracias a nuestra comprensi\u00f3n t\u00e9cnica, empat\u00eda y a\u00f1os de experiencia en el desarrollo automovil\u00edstico, emparejamos con precisi\u00f3n candidatos y puestos de trabajo.<\/p>\n<p>[\/vc_column_text][\/vc_column_inner][\/vc_row_inner][\/vc_column][\/vc_row]<\/p>\n<\/div>","protected":false},"excerpt":{"rendered":"<p>[vc_row][vc_column][\/vc_column][\/vc_row][vc_row css=\u00bb.vc_custom_1719227342687{margin-top: 5% !important;margin-bottom: 5% !important;}\u00bb][vc_column][vc_row_inner inner_container=\u00bbtrue\u00bb css=\u00bb.vc_custom_1719387175680{margin-top: 3% !important;padding-top: 3% !important;}\u00bb][vc_column_inner width=\u00bb2\/3&#8243;][vc_custom_heading text=\u00bbTrabaja con los mejores\u00bb font_container=\u00bbtag:h6|text_align:left|color:%235f646a\u00bb use_theme_fonts=\u00bbyes\u00bb css=\u00bb.vc_custom_1719227355641{margin-bottom: 3% !important;}\u00bb][vc_custom_heading text=\u00bbEncuentra el trabajo que te llevar\u00e1 m\u00e1s lejos\u00bb font_container=\u00bbtag:h2|text_align:left|color:%23223035&#8243; use_theme_fonts=\u00bbyes\u00bb css=\u00bb\u00bb][\/vc_column_inner][vc_column_inner width=\u00bb1\/3&#8243;][\/vc_column_inner][\/vc_row_inner][vc_row_inner inner_container=\u00bbtrue\u00bb css=\u00bb.vc_custom_1720512970541{padding-top: 2% !important;padding-bottom: 5% !important;}\u00bb][vc_column_inner width=\u00bb1\/2&#8243;][vc_column_text css=\u00bb\u00bb]\u00bfNo tiene tiempo para maratones de aplicaciones? \u00bfPero est\u00e1s interesado en avanzar en tu carrera y encontrar trabajos inteligentes<\/p>\n","protected":false},"author":11,"featured_media":0,"parent":0,"menu_order":0,"comment_status":"closed","ping_status":"closed","template":"page-full-width.php","meta":{"footnotes":""},"class_list":["post-15794","page","type-page","status-publish","hentry","no-featured","has-left-col"],"_links":{"self":[{"href":"https:\/\/advincon.de\/es\/wp-json\/wp\/v2\/pages\/15794","targetHints":{"allow":["GET"]}}],"collection":[{"href":"https:\/\/advincon.de\/es\/wp-json\/wp\/v2\/pages"}],"about":[{"href":"https:\/\/advincon.de\/es\/wp-json\/wp\/v2\/types\/page"}],"author":[{"embeddable":true,"href":"https:\/\/advincon.de\/es\/wp-json\/wp\/v2\/users\/11"}],"replies":[{"embeddable":true,"href":"https:\/\/advincon.de\/es\/wp-json\/wp\/v2\/comments?post=15794"}],"version-history":[{"count":1,"href":"https:\/\/advincon.de\/es\/wp-json\/wp\/v2\/pages\/15794\/revisions"}],"predecessor-version":[{"id":16676,"href":"https:\/\/advincon.de\/es\/wp-json\/wp\/v2\/pages\/15794\/revisions\/16676"}],"wp:attachment":[{"href":"https:\/\/advincon.de\/es\/wp-json\/wp\/v2\/media?parent=15794"}],"curies":[{"name":"wp","href":"https:\/\/api.w.org\/{rel}","templated":true}]}}