{"id":15805,"date":"2024-06-12T16:01:01","date_gmt":"2024-06-12T14:01:01","guid":{"rendered":"https:\/\/advincon.de\/consulta\/"},"modified":"2024-10-07T17:19:58","modified_gmt":"2024-10-07T15:19:58","slug":"consulta","status":"publish","type":"page","link":"https:\/\/advincon.de\/es\/consulta\/","title":{"rendered":"Consulta"},"content":{"rendered":"<div class=\"wpb-content-wrapper\"><p>[vc_row][vc_column]\n\t\t\t<!-- START Slider Unterseiten REVOLUTION SLIDER 6.7.11 --><p class=\"rs-p-wp-fix\"><\/p>\n\t\t\t<rs-module-wrap id=\"rev_slider_5_1_wrapper\" data-source=\"gallery\" style=\"visibility:hidden;background:transparent;padding:0;margin:0px auto;margin-top:0;margin-bottom:0;\">\n\t\t\t\t<rs-module id=\"rev_slider_5_1\" style=\"\" data-version=\"6.7.11\">\n\t\t\t\t\t<rs-slides style=\"overflow: hidden; position: absolute;\">\n\t\t\t\t\t\t<rs-slide style=\"position: absolute;\" data-key=\"rs-13\" data-title=\"Slide\"data-sba=\"b:false;\" data-anim=\"ms:10;\" data-in=\"o:1;\" data-out=\"a:false;\">\n\t\t\t\t\t\t\t<img decoding=\"async\" src=\"\/\/advincon.de\/wp-content\/plugins\/revslider\/sr6\/assets\/assets\/dummy.png\" alt=\"\" title=\"adv_header_untern\" width=\"1896\" height=\"698\" class=\"rev-slidebg tp-rs-img rs-lazyload\" data-lazyload=\"\/\/advincon.de\/wp-content\/uploads\/2024\/07\/adv_header_untern.jpg\" data-parallax=\"15\" data-no-retina>\n\t\t\t\t\t\t\t<rs-bgvideo \n\t\t\t\t\t\t\t\tdata-video=\"w:100%;h:100%;nse:false;l:true;ptimer:false;vfc:true;\"\n\t\t\t\t\t\t\t\tdata-mp4=\"\/\/advincon.de\/wp-content\/uploads\/2024\/06\/adv_header_untern.mp4\"\n\t\t\t\t\t\t\t><\/rs-bgvideo>\n<!--\n\t\t\t\t\t\t\t--><rs-layer\n\t\t\t\t\t\t\t\tid=\"slider-5-slide-13-layer-0\" \n\t\t\t\t\t\t\t\tdata-type=\"shape\"\n\t\t\t\t\t\t\t\tdata-rsp_ch=\"on\"\n\t\t\t\t\t\t\t\tdata-xy=\"xo:935px,935px,935px,361px;y:t,t,t,b;yo:218px,218px,218px,0;\"\n\t\t\t\t\t\t\t\tdata-text=\"w:normal;s:20,20,20,7;l:0,0,0,9;\"\n\t\t\t\t\t\t\t\tdata-dim=\"w:248px,248px,248px,95px;h:238px,238px,238px,91px;\"\n\t\t\t\t\t\t\t\tdata-blendmode=\"multiply\"\n\t\t\t\t\t\t\t\tdata-frame_999=\"o:0;st:w;\"\n\t\t\t\t\t\t\t\tstyle=\"z-index:7;background-color:#e30613;\"\n\t\t\t\t\t\t\t> \n\t\t\t\t\t\t\t<\/rs-layer><!--\n\n\t\t\t\t\t\t\t--><rs-layer\n\t\t\t\t\t\t\t\tid=\"slider-5-slide-13-layer-4\" \n\t\t\t\t\t\t\t\tdata-type=\"shape\"\n\t\t\t\t\t\t\t\tdata-rsp_ch=\"on\"\n\t\t\t\t\t\t\t\tdata-xy=\"x:l,l,l,c;xo:-1183px,-1183px,-1183px,-436px;y:b;yo:-11px,-11px,-11px,-1px;\"\n\t\t\t\t\t\t\t\tdata-text=\"w:normal;s:20,20,20,7;l:0,0,0,9;\"\n\t\t\t\t\t\t\t\tdata-dim=\"w:1183px,1183px,1183px,457px;h:1022px,1022px,1022px,394px;\"\n\t\t\t\t\t\t\t\tdata-frame_999=\"o:0;st:w;\"\n\t\t\t\t\t\t\t\tstyle=\"z-index:7;background-color:rgba(32,40,76,0.49);\"\n\t\t\t\t\t\t\t> \n\t\t\t\t\t\t\t<\/rs-layer><!--\n\n\t\t\t\t\t\t\t--><rs-layer\n\t\t\t\t\t\t\t\tid=\"slider-5-slide-13-layer-5\" \n\t\t\t\t\t\t\t\tdata-type=\"shape\"\n\t\t\t\t\t\t\t\tdata-rsp_ch=\"on\"\n\t\t\t\t\t\t\t\tdata-xy=\"x:l,l,l,c;xo:0,0,0,-49px;y:b;yo:-20px,-20px,-20px,-2px;\"\n\t\t\t\t\t\t\t\tdata-text=\"w:normal;s:20,20,20,7;l:0,0,0,9;\"\n\t\t\t\t\t\t\t\tdata-dim=\"w:1559px,1559px,1559px,602px;h:1022px,1022px,1022px,1020px;\"\n\t\t\t\t\t\t\t\tdata-frame_999=\"o:0;st:w;\"\n\t\t\t\t\t\t\t\tstyle=\"z-index:6;background:linear-gradient(85deg, rgba(32,40,76,0.5) 0%, rgba(215,215,215,0) 75%);\"\n\t\t\t\t\t\t\t> \n\t\t\t\t\t\t\t<\/rs-layer><!--\n-->\t\t\t\t\t<\/rs-slide>\n\t\t\t\t\t<\/rs-slides>\n\t\t\t\t<\/rs-module>\n\t\t\t\t<script>\n\t\t\t\t\tsetREVStartSize({c: 'rev_slider_5_1',rl:[1240,1240,1240,480],el:[400,400,400,400],gw:[1240,1240,1240,480],gh:[400,400,400,400],type:'standard',justify:'',layout:'fullwidth',mh:\"0\"});if (window.RS_MODULES!==undefined && window.RS_MODULES.modules!==undefined && window.RS_MODULES.modules[\"revslider51\"]!==undefined) {window.RS_MODULES.modules[\"revslider51\"].once = false;window.revapi5 = undefined;if (window.RS_MODULES.checkMinimal!==undefined) window.RS_MODULES.checkMinimal()}\n\t\t\t\t<\/script>\n\t\t\t<\/rs-module-wrap>\n\t\t\t<!-- END REVOLUTION SLIDER -->\n[\/vc_column][\/vc_row][vc_row css=\u00bb.vc_custom_1719228808155{margin-top: 5% !important;margin-bottom: 5% !important;}\u00bb][vc_column][vc_row_inner inner_container=\u00bbtrue\u00bb css=\u00bb.vc_custom_1719219895710{margin-top: 3% !important;padding-top: 3% !important;}\u00bb][vc_column_inner width=\u00bb2\/3&#8243;][vc_custom_heading text=\u00bbServicios \u00f3ptimos para los retos tecnol\u00f3gicos\u00bb font_container=\u00bbtag:h6|text_align:left|color:%2344494b\u00bb use_theme_fonts=\u00bbyes\u00bb css=\u00bb.vc_custom_1719228828545{margin-bottom: 3% !important;}\u00bb][vc_custom_heading text=\u00bbConsultor\u00eda tecno\u00adl\u00f3gica inteligente para soluciones eficaces y espec\u00edficas\u00bb font_container=\u00bbtag:h2|text_align:left|color:%23223035&#8243; use_theme_fonts=\u00bbyes\u00bb css=\u00bb\u00bb][\/vc_column_inner][vc_column_inner width=\u00bb1\/3&#8243;][\/vc_column_inner][\/vc_row_inner][vc_row_inner inner_container=\u00bbtrue\u00bb css=\u00bb.vc_custom_1719325563336{margin-top: 1% !important;}\u00bb][vc_column_inner width=\u00bb1\/2&#8243;][vc_column_text css=\u00bb\u00bb]Te ofrecemos nuestros conocimientos y experiencia para ayudarte a superar retos, optimizar procesos, implantar cambios o alcanzar tus objetivos.<\/p>\n<p>Nuestro experimentado equipo de profesionales trabajar\u00e1 estrechamente contigo para desarrollar soluciones innovadoras que respalden tus objetivos empresariales e impulsen tu organizaci\u00f3n. Si buscas soluciones de software personalizadas, quieres mejorar tus relaciones con los clientes o buscas formas de aumentar tu eficacia y crecimiento, somos tu socio de confianza.<\/p>\n<p>Gracias a nuestros muchos a\u00f1os de experiencia y a nuestras diversas asignaciones de trabajo, as\u00ed como a nuestro establecimiento independiente de sedes en todo el mundo, hemos adquirido una valiosa perspectiva de una gran variedad de empresas, autoridades, culturas y, sobre todo, de las necesidades de las personas. Esta experiencia polifac\u00e9tica nos permite desarrollar soluciones personalizadas para tus objetivos individuales. T\u00fa tambi\u00e9n puedes beneficiarte de nuestros amplios conocimientos y de nuestra red mundial si buscas soluciones de \u00e9xito.[\/vc_column_text][\/vc_column_inner][vc_column_inner width=\u00bb1\/2&#8243;][vc_single_image image=\u00bb15045&#8243; img_size=\u00bbfull\u00bb alignment=\u00bbright\u00bb css=\u00bb.vc_custom_1719325574548{margin-top: 3% !important;}\u00bb][\/vc_column_inner][\/vc_row_inner][\/vc_column][\/vc_row][vc_row css=\u00bb.vc_custom_1718789291681{background-position: center !important;background-repeat: no-repeat !important;background-size: cover !important;}\u00bb][vc_column]<div class=\"noo-rev-slider\" >\n\n\t\t\t<!-- START Trenner advincon Consulting 2 REVOLUTION SLIDER 6.7.11 --><p class=\"rs-p-wp-fix\"><\/p>\n\t\t\t<rs-module-wrap id=\"rev_slider_23_2_wrapper\" data-source=\"gallery\" style=\"visibility:hidden;background:transparent;padding:0;margin:0px auto;margin-top:0;margin-bottom:0;\">\n\t\t\t\t<rs-module id=\"rev_slider_23_2\" style=\"\" data-version=\"6.7.11\">\n\t\t\t\t\t<rs-slides style=\"overflow: hidden; position: absolute;\">\n\t\t\t\t\t\t<rs-slide style=\"position: absolute;\" data-key=\"rs-38\" data-title=\"Slide\"data-sba=\"b:false;\" data-anim=\"ms:10;\" data-in=\"o:1;\" data-out=\"a:false;\">\n\t\t\t\t\t\t\t<img decoding=\"async\" src=\"\/\/advincon.de\/wp-content\/plugins\/revslider\/sr6\/assets\/assets\/dummy.png\" alt=\"\" title=\"parallax_consulting\" width=\"1000\" height=\"563\" class=\"rev-slidebg tp-rs-img rs-lazyload\" data-lazyload=\"\/\/advincon.de\/wp-content\/uploads\/2024\/07\/parallax_consulting.jpg\" data-parallax=\"15\" data-no-retina>\n<!--\n\t\t\t\t\t\t\t--><rs-layer\n\t\t\t\t\t\t\t\tid=\"slider-23-slide-38-layer-0\" \n\t\t\t\t\t\t\t\tdata-type=\"image\"\n\t\t\t\t\t\t\t\tdata-rsp_ch=\"on\"\n\t\t\t\t\t\t\t\tdata-xy=\"x:c;xo:-1px;y:354px;\"\n\t\t\t\t\t\t\t\tdata-text=\"w:normal;\"\n\t\t\t\t\t\t\t\tdata-dim=\"w:1452px;h:203px;\"\n\t\t\t\t\t\t\t\tdata-blendmode=\"multiply\"\n\t\t\t\t\t\t\t\tdata-frame_999=\"o:0;st:w;\"\n\t\t\t\t\t\t\t\tstyle=\"z-index:6;\"\n\t\t\t\t\t\t\t><img decoding=\"async\" src=\"\/\/advincon.de\/wp-content\/plugins\/revslider\/sr6\/assets\/assets\/dummy.png\" alt=\"\" class=\"tp-rs-img rs-lazyload\" width=\"1238\" height=\"173\" data-lazyload=\"\/\/advincon.de\/wp-content\/uploads\/2024\/06\/ADVINCON_rot.png\" data-no-retina> \n\t\t\t\t\t\t\t<\/rs-layer><!--\n-->\t\t\t\t\t<\/rs-slide>\n\t\t\t\t\t<\/rs-slides>\n\t\t\t\t<\/rs-module>\n\t\t\t\t<script>\n\t\t\t\t\tsetREVStartSize({c: 'rev_slider_23_2',rl:[1240,1024,778,480],el:[500],gw:[1240],gh:[500],type:'standard',justify:'',layout:'fullwidth',mh:\"0\"});if (window.RS_MODULES!==undefined && window.RS_MODULES.modules!==undefined && window.RS_MODULES.modules[\"revslider232\"]!==undefined) {window.RS_MODULES.modules[\"revslider232\"].once = false;window.revapi23 = undefined;if (window.RS_MODULES.checkMinimal!==undefined) window.RS_MODULES.checkMinimal()}\n\t\t\t\t<\/script>\n\t\t\t<\/rs-module-wrap>\n\t\t\t<!-- END REVOLUTION SLIDER -->\n\n<\/div>[\/vc_column][\/vc_row][vc_row css=\u00bb.vc_custom_1719558089626{margin-top: 5% !important;margin-bottom: 7% !important;background-color: #ffffff !important;}\u00bb][vc_column][vc_row_inner inner_container=\u00bbtrue\u00bb css=\u00bb.vc_custom_1719325609546{margin-top: 1% !important;}\u00bb][vc_column_inner width=\u00bb1\/2&#8243;][vc_column_text css=\u00bb\u00bb]<\/p>\n<h5>Estrategia y desarrollo empresarial<\/h5>\n<p><strong>1. Determinaci\u00f3n de los objetivos de la empresa y seguimiento de los avances<br \/>\n<\/strong>Le ayudamos a definir objetivos empresariales claros y alcanzables y supervisamos continuamente sus progresos para asegurarnos de que no se sale del camino marcado.<\/p>\n<p><strong>2. Consultor\u00eda para nuevas empresas<br \/>\n<\/strong>Ofrecemos asesoramiento exhaustivo sobre las mejores pr\u00e1cticas y la secuencia \u00f3ptima de pasos a la hora de fundar nuevas empresas de nueva creaci\u00f3n.[\/vc_column_text][vc_column_text css=\u00bb\u00bb]<\/p>\n<h5>Gesti\u00f3n organizativa<\/h5>\n<p><strong>1. Gesti\u00f3n de centros de beneficio<br \/>\n<\/strong>Nuestro equipo le ayuda a crear, organizar, gestionar y reestructurar sus centros de beneficio para garantizar la m\u00e1xima eficacia y rentabilidad.<\/p>\n<p><strong>2. Fusi\u00f3n de modelos de negocio<br \/>\n<\/strong>Le asesoramos sobre la fusi\u00f3n de modelos de cooperaci\u00f3n y negocio para aprovechar al m\u00e1ximo las sinergias.<\/p>\n<p><strong>3. Digitalizaci\u00f3n<br \/>\n<\/strong>En la era de la transformaci\u00f3n digital, es crucial poner en pr\u00e1ctica ideas innovadoras de manera eficiente. Te apoyamos in situ en la digitalizaci\u00f3n de tus procesos y desarrollamos contigo soluciones de vanguardia. Al implantar las \u00faltimas tecnolog\u00edas, nos aseguramos de que tu empresa domine con \u00e9xito la transformaci\u00f3n digital.<strong><br \/>\n<\/strong>[\/vc_column_text][vc_column_text css=\u00bb\u00bb]<\/p>\n<h5>Gesti\u00f3n de personal<\/h5>\n<p><strong>1. Posicionamiento y desarrollo de la gesti\u00f3n<br \/>\n<\/strong>Le ayudamos a determinar la situaci\u00f3n actual de sus empleados y a elaborar programas de desarrollo personalizados para sus directivos.<\/p>\n<p><strong>2. Sucesi\u00f3n de empresas y b\u00fasqueda de inversores<br \/>\n<\/strong>Wir beraten Le asesoramos en la planificaci\u00f3n y ejecuci\u00f3n de la sucesi\u00f3n de empresas y en la b\u00fasqueda de inversores adecuados.[\/vc_column_text][vc_column_text css=\u00bb\u00bb]<\/p>\n<h5>Expansi\u00f3n internacional<\/h5>\n<p><strong>1. Optimizaci\u00f3n de los negocios en el extranjero<br \/>\n<\/strong>Le ayudamos a optimizar sus negocios internacionales y a establecer valiosos contactos comerciales en todo el mundo.<\/p>\n<p><strong>2. Desarrollo de sedes en el extranjero<br \/>\n<\/strong>Le apoyamos desde la planificaci\u00f3n hasta la implantaci\u00f3n con \u00e9xito de nuevas sedes en el extranjero. Nuestros expertos analizan los mercados potenciales, te ayudan a elegir un emplazamiento y garantizan una instalaci\u00f3n e integraci\u00f3n sin problemas en tus estructuras existentes.<\/p>\n<p><strong>3. Enfoque del pa\u00eds m\u00e1s rentable<br \/>\n<\/strong>Con nuestro enfoque del pa\u00eds con los mejores costes, identificamos los pa\u00edses que ofrecen estructuras de costes \u00f3ptimas y condiciones de producci\u00f3n y desarrollo de alta calidad. Te ayudamos a seleccionar las mejores ubicaciones para las necesidades de tu negocio y te apoyamos en la implantaci\u00f3n y ampliaci\u00f3n de tus actividades. Benef\u00edciate de nuestra experiencia y de nuestra red mundial[\/vc_column_text][vc_column_text css=\u00bb\u00bb]<\/p>\n<h5>Gesti\u00f3n de conflictos y tutor\u00eda<\/h5>\n<p>Representamos tus intereses y ofrecemos asesoramiento en situaciones de conflicto y crisis para resolverlas eficazmente y evitar problemas futuros.[\/vc_column_text][\/vc_column_inner][vc_column_inner width=\u00bb1\/2&#8243;][vc_single_image image=\u00bb15058&#8243; img_size=\u00bbfull\u00bb alignment=\u00bbright\u00bb css=\u00bb.vc_custom_1719325483016{margin-top: 3% !important;padding-bottom: 10% !important;}\u00bb][\/vc_column_inner][\/vc_row_inner][\/vc_column][\/vc_row]<\/p>\n<\/div>","protected":false},"excerpt":{"rendered":"<p>[vc_row][vc_column][\/vc_column][\/vc_row][vc_row css=\u00bb.vc_custom_1719228808155{margin-top: 5% !important;margin-bottom: 5% !important;}\u00bb][vc_column][vc_row_inner inner_container=\u00bbtrue\u00bb css=\u00bb.vc_custom_1719219895710{margin-top: 3% !important;padding-top: 3% !important;}\u00bb][vc_column_inner width=\u00bb2\/3&#8243;][vc_custom_heading text=\u00bbServicios \u00f3ptimos para los retos tecnol\u00f3gicos\u00bb font_container=\u00bbtag:h6|text_align:left|color:%2344494b\u00bb use_theme_fonts=\u00bbyes\u00bb css=\u00bb.vc_custom_1719228828545{margin-bottom: 3% !important;}\u00bb][vc_custom_heading text=\u00bbConsultor\u00eda tecno\u00adl\u00f3gica inteligente para soluciones eficaces y espec\u00edficas\u00bb font_container=\u00bbtag:h2|text_align:left|color:%23223035&#8243; use_theme_fonts=\u00bbyes\u00bb css=\u00bb\u00bb][\/vc_column_inner][vc_column_inner width=\u00bb1\/3&#8243;][\/vc_column_inner][\/vc_row_inner][vc_row_inner inner_container=\u00bbtrue\u00bb css=\u00bb.vc_custom_1719325563336{margin-top: 1% !important;}\u00bb][vc_column_inner width=\u00bb1\/2&#8243;][vc_column_text css=\u00bb\u00bb]Te ofrecemos nuestros conocimientos y experiencia para ayudarte a superar retos, optimizar procesos, implantar cambios o alcanzar tus objetivos.<\/p>\n","protected":false},"author":11,"featured_media":0,"parent":0,"menu_order":0,"comment_status":"closed","ping_status":"closed","template":"page-full-width.php","meta":{"footnotes":""},"class_list":["post-15805","page","type-page","status-publish","hentry","no-featured","has-left-col"],"_links":{"self":[{"href":"https:\/\/advincon.de\/es\/wp-json\/wp\/v2\/pages\/15805","targetHints":{"allow":["GET"]}}],"collection":[{"href":"https:\/\/advincon.de\/es\/wp-json\/wp\/v2\/pages"}],"about":[{"href":"https:\/\/advincon.de\/es\/wp-json\/wp\/v2\/types\/page"}],"author":[{"embeddable":true,"href":"https:\/\/advincon.de\/es\/wp-json\/wp\/v2\/users\/11"}],"replies":[{"embeddable":true,"href":"https:\/\/advincon.de\/es\/wp-json\/wp\/v2\/comments?post=15805"}],"version-history":[{"count":1,"href":"https:\/\/advincon.de\/es\/wp-json\/wp\/v2\/pages\/15805\/revisions"}],"predecessor-version":[{"id":16652,"href":"https:\/\/advincon.de\/es\/wp-json\/wp\/v2\/pages\/15805\/revisions\/16652"}],"wp:attachment":[{"href":"https:\/\/advincon.de\/es\/wp-json\/wp\/v2\/media?parent=15805"}],"curies":[{"name":"wp","href":"https:\/\/api.w.org\/{rel}","templated":true}]}}