{"id":15812,"date":"2024-06-18T08:18:21","date_gmt":"2024-06-18T06:18:21","guid":{"rendered":"https:\/\/advincon.de\/experiencia-en-el-sector\/"},"modified":"2024-10-07T17:20:00","modified_gmt":"2024-10-07T15:20:00","slug":"experiencia-en-el-sector","status":"publish","type":"page","link":"https:\/\/advincon.de\/es\/experiencia-en-el-sector\/","title":{"rendered":"Experiencia en el sector"},"content":{"rendered":"<div class=\"wpb-content-wrapper\"><p>[vc_row][vc_column]\n\t\t\t<!-- START Slider Unterseiten REVOLUTION SLIDER 6.7.11 --><p class=\"rs-p-wp-fix\"><\/p>\n\t\t\t<rs-module-wrap id=\"rev_slider_5_1_wrapper\" data-source=\"gallery\" style=\"visibility:hidden;background:transparent;padding:0;margin:0px auto;margin-top:0;margin-bottom:0;\">\n\t\t\t\t<rs-module id=\"rev_slider_5_1\" style=\"\" data-version=\"6.7.11\">\n\t\t\t\t\t<rs-slides style=\"overflow: hidden; position: absolute;\">\n\t\t\t\t\t\t<rs-slide style=\"position: absolute;\" data-key=\"rs-13\" data-title=\"Slide\"data-sba=\"b:false;\" data-anim=\"ms:10;\" data-in=\"o:1;\" data-out=\"a:false;\">\n\t\t\t\t\t\t\t<img decoding=\"async\" src=\"\/\/advincon.de\/wp-content\/plugins\/revslider\/sr6\/assets\/assets\/dummy.png\" alt=\"\" title=\"adv_header_untern\" width=\"1896\" height=\"698\" class=\"rev-slidebg tp-rs-img rs-lazyload\" data-lazyload=\"\/\/advincon.de\/wp-content\/uploads\/2024\/07\/adv_header_untern.jpg\" data-parallax=\"15\" data-no-retina>\n\t\t\t\t\t\t\t<rs-bgvideo \n\t\t\t\t\t\t\t\tdata-video=\"w:100%;h:100%;nse:false;l:true;ptimer:false;vfc:true;\"\n\t\t\t\t\t\t\t\tdata-mp4=\"\/\/advincon.de\/wp-content\/uploads\/2024\/06\/adv_header_untern.mp4\"\n\t\t\t\t\t\t\t><\/rs-bgvideo>\n<!--\n\t\t\t\t\t\t\t--><rs-layer\n\t\t\t\t\t\t\t\tid=\"slider-5-slide-13-layer-0\" \n\t\t\t\t\t\t\t\tdata-type=\"shape\"\n\t\t\t\t\t\t\t\tdata-rsp_ch=\"on\"\n\t\t\t\t\t\t\t\tdata-xy=\"xo:935px,935px,935px,361px;y:t,t,t,b;yo:218px,218px,218px,0;\"\n\t\t\t\t\t\t\t\tdata-text=\"w:normal;s:20,20,20,7;l:0,0,0,9;\"\n\t\t\t\t\t\t\t\tdata-dim=\"w:248px,248px,248px,95px;h:238px,238px,238px,91px;\"\n\t\t\t\t\t\t\t\tdata-blendmode=\"multiply\"\n\t\t\t\t\t\t\t\tdata-frame_999=\"o:0;st:w;\"\n\t\t\t\t\t\t\t\tstyle=\"z-index:7;background-color:#e30613;\"\n\t\t\t\t\t\t\t> \n\t\t\t\t\t\t\t<\/rs-layer><!--\n\n\t\t\t\t\t\t\t--><rs-layer\n\t\t\t\t\t\t\t\tid=\"slider-5-slide-13-layer-4\" \n\t\t\t\t\t\t\t\tdata-type=\"shape\"\n\t\t\t\t\t\t\t\tdata-rsp_ch=\"on\"\n\t\t\t\t\t\t\t\tdata-xy=\"x:l,l,l,c;xo:-1183px,-1183px,-1183px,-436px;y:b;yo:-11px,-11px,-11px,-1px;\"\n\t\t\t\t\t\t\t\tdata-text=\"w:normal;s:20,20,20,7;l:0,0,0,9;\"\n\t\t\t\t\t\t\t\tdata-dim=\"w:1183px,1183px,1183px,457px;h:1022px,1022px,1022px,394px;\"\n\t\t\t\t\t\t\t\tdata-frame_999=\"o:0;st:w;\"\n\t\t\t\t\t\t\t\tstyle=\"z-index:7;background-color:rgba(32,40,76,0.49);\"\n\t\t\t\t\t\t\t> \n\t\t\t\t\t\t\t<\/rs-layer><!--\n\n\t\t\t\t\t\t\t--><rs-layer\n\t\t\t\t\t\t\t\tid=\"slider-5-slide-13-layer-5\" \n\t\t\t\t\t\t\t\tdata-type=\"shape\"\n\t\t\t\t\t\t\t\tdata-rsp_ch=\"on\"\n\t\t\t\t\t\t\t\tdata-xy=\"x:l,l,l,c;xo:0,0,0,-49px;y:b;yo:-20px,-20px,-20px,-2px;\"\n\t\t\t\t\t\t\t\tdata-text=\"w:normal;s:20,20,20,7;l:0,0,0,9;\"\n\t\t\t\t\t\t\t\tdata-dim=\"w:1559px,1559px,1559px,602px;h:1022px,1022px,1022px,1020px;\"\n\t\t\t\t\t\t\t\tdata-frame_999=\"o:0;st:w;\"\n\t\t\t\t\t\t\t\tstyle=\"z-index:6;background:linear-gradient(85deg, rgba(32,40,76,0.5) 0%, rgba(215,215,215,0) 75%);\"\n\t\t\t\t\t\t\t> \n\t\t\t\t\t\t\t<\/rs-layer><!--\n-->\t\t\t\t\t<\/rs-slide>\n\t\t\t\t\t<\/rs-slides>\n\t\t\t\t<\/rs-module>\n\t\t\t\t<script>\n\t\t\t\t\tsetREVStartSize({c: 'rev_slider_5_1',rl:[1240,1240,1240,480],el:[400,400,400,400],gw:[1240,1240,1240,480],gh:[400,400,400,400],type:'standard',justify:'',layout:'fullwidth',mh:\"0\"});if (window.RS_MODULES!==undefined && window.RS_MODULES.modules!==undefined && window.RS_MODULES.modules[\"revslider51\"]!==undefined) {window.RS_MODULES.modules[\"revslider51\"].once = false;window.revapi5 = undefined;if (window.RS_MODULES.checkMinimal!==undefined) window.RS_MODULES.checkMinimal()}\n\t\t\t\t<\/script>\n\t\t\t<\/rs-module-wrap>\n\t\t\t<!-- END REVOLUTION SLIDER -->\n[\/vc_column][\/vc_row][vc_row css=\u00bb.vc_custom_1719817729157{margin-top: 5% !important;margin-bottom: 6% !important;}\u00bb][vc_column][vc_row_inner inner_container=\u00bbtrue\u00bb css=\u00bb.vc_custom_1718790713090{margin-top: 3% !important;padding-top: 3% !important;}\u00bb][vc_column_inner width=\u00bb2\/3&#8243;][vc_custom_heading text=\u00bbBenef\u00edciate de un amplio conocimiento del sector y de la experiencia tecnol\u00f3gica\u00bb font_container=\u00bbtag:h6|text_align:left|color:%2344494b\u00bb use_theme_fonts=\u00bbyes\u00bb css=\u00bb.vc_custom_1719387067579{margin-bottom: 3% !important;}\u00bb][vc_custom_heading text=\u00bbNuestra amplia expe\u00adriencia en tecno\u00adlog\u00eda e inform\u00e1tica te enriquecer\u00e1\u00bb font_container=\u00bbtag:h2|text_align:left|color:%23223035&#8243; use_theme_fonts=\u00bbyes\u00bb css=\u00bb\u00bb][\/vc_column_inner][vc_column_inner width=\u00bb1\/3&#8243;][\/vc_column_inner][\/vc_row_inner][vc_row_inner inner_container=\u00bbtrue\u00bb css=\u00bb.vc_custom_1719817701325{padding-top: 2% !important;padding-bottom: 5% !important;}\u00bb][vc_column_inner width=\u00bb1\/2&#8243;][vc_column_text css=\u00bb\u00bb]Llevamos m\u00e1s de 25 a\u00f1os apoyando y asesorando a nuestros clientes a la hora de afrontar retos tecnol\u00f3gicos y materializar soluciones e implantaciones. En todo el mundo. Combinamos d\u00e9cadas de experiencia con un alto grado de interconexi\u00f3n y una comprensi\u00f3n hol\u00edstica de los procesos que intervienen en el desarrollo de productos en la industria. Esta es la base de nuestra experiencia profesional en los \u00e1mbitos de la movilidad, la electr\u00f3nica y la inform\u00e1tica.[\/vc_column_text][\/vc_column_inner][vc_column_inner width=\u00bb1\/2&#8243;][vc_single_image image=\u00bb15040&#8243; img_size=\u00bbfull\u00bb alignment=\u00bbright\u00bb css=\u00bb\u00bb][\/vc_column_inner][\/vc_row_inner][\/vc_column][\/vc_row][vc_row css=\u00bb.vc_custom_1718872165197{background-color: #eaeaed !important;}\u00bb][vc_column][vc_row_inner inner_container=\u00bbtrue\u00bb gap=\u00bb30&#8243; css=\u00bb.vc_custom_1718871901784{margin-top: 3% !important;padding-top: 3% !important;padding-bottom: 5% !important;}\u00bb][vc_column_inner width=\u00bb1\/2&#8243;][vc_single_image image=\u00bb15054&#8243; img_size=\u00bbfull\u00bb alignment=\u00bbright\u00bb css=\u00bb\u00bb][\/vc_column_inner][vc_column_inner width=\u00bb1\/2&#8243;][vc_custom_heading text=\u00bbMovilidad y Automoci\u00f3n\u00bb font_container=\u00bbtag:h4|text_align:left|color:%23223035&#8243; use_theme_fonts=\u00bbyes\u00bb css=\u00bb.vc_custom_1718791290374{margin-bottom: 5% !important;}\u00bb][vc_column_text css=\u00bb\u00bb]La pr\u00f3xima d\u00e9cada se caracterizar\u00e1 por los r\u00e1pidos cambios en la industria del autom\u00f3vil y en las empresas manufactureras en general. Temas de tendencia como la digitalizaci\u00f3n, la e-movilidad y los sistemas aut\u00f3nomos permiten la innovaci\u00f3n e impulsan el progreso sostenible.<\/p>\n<p>Nuestros expertos son socios experimentados a lo largo de todo el proceso de desarrollo en la industria del autom\u00f3vil. Hemos acompa\u00f1ado proyectos que renuevan la eficiencia y garantizan la rentabilidad. Nuestro objetivo es proporcionar a nuestros clientes una transici\u00f3n fluida, desde la idea inicial hasta la puesta en circulaci\u00f3n por carretera, ferrocarril o aire.<\/p>\n<p>No somos ajenos a t\u00e9rminos como SOP, maqueta y PEP o AE, etc. Para nosotros, los hitos son l\u00edneas rojas, y sabemos lo que eso significa. Vemos el cambio como una oportunidad de crear valor para el futuro.[\/vc_column_text][\/vc_column_inner][\/vc_row_inner][vc_row_inner inner_container=\u00bbtrue\u00bb gap=\u00bb30&#8243; css=\u00bb.vc_custom_1719226341258{margin-top: -100px !important;margin-bottom: -100px !important;padding-top: 3% !important;padding-bottom: 5% !important;}\u00bb][vc_column_inner offset=\u00bbvc_hidden-sm vc_hidden-xs\u00bb][vc_column_text css=\u00bb\u00bb]Nuestra empresa es un socio indispensable a lo largo de todo el proceso de desarrollo del producto en el entorno de la automoci\u00f3n. Desde la concepci\u00f3n hasta la producci\u00f3n en serie, apoyamos a los fabricantes y proveedores de autom\u00f3viles con nuestra amplia gama de servicios y soluciones.<\/p>\n<p>Nuestra experiencia abarca todas las fases del ciclo de desarrollo. Durante la fase de concepci\u00f3n, apoyamos a nuestros clientes con ideas innovadoras y asesoramiento t\u00e9cnico. Ayudamos a definir los requisitos y preparamos estudios de viabilidad para garantizar que cada proyecto se construya sobre una base s\u00f3lida.[\/vc_column_text][\/vc_column_inner][\/vc_row_inner][vc_row_inner inner_container=\u00bbtrue\u00bb gap=\u00bb30&#8243; css=\u00bb.vc_custom_1719226341258{margin-top: -100px !important;margin-bottom: -100px !important;padding-top: 3% !important;padding-bottom: 5% !important;}\u00bb][vc_column_inner offset=\u00bbvc_hidden-lg vc_hidden-md\u00bb css=\u00bb.vc_custom_1720523456233{margin-bottom: 20% !important;}\u00bb][vc_column_text css=\u00bb\u00bb]Nuestra empresa es un socio indispensable a lo largo de todo el proceso de desarrollo del producto en el entorno de la automoci\u00f3n. Desde la concepci\u00f3n hasta la producci\u00f3n en serie, apoyamos a los fabricantes y proveedores de autom\u00f3viles con nuestra amplia gama de servicios y soluciones.<\/p>\n<p>Nuestra experiencia abarca todas las fases del ciclo de desarrollo. Durante la fase de concepci\u00f3n, apoyamos a nuestros clientes con ideas innovadoras y asesoramiento t\u00e9cnico. Ayudamos a definir los requisitos y preparamos estudios de viabilidad para garantizar que cada proyecto se construya sobre una base s\u00f3lida.[\/vc_column_text][\/vc_column_inner][\/vc_row_inner][\/vc_column][\/vc_row][vc_row][vc_column][vc_row_inner inner_container=\u00bbtrue\u00bb gap=\u00bb30&#8243; css=\u00bb.vc_custom_1718872194907{padding-top: 3% !important;padding-bottom: 5% !important;}\u00bb][vc_column_inner width=\u00bb1\/3&#8243;][vc_single_image image=\u00bb15079&#8243; img_size=\u00bbmedium\u00bb css=\u00bb.vc_custom_1719558406131{padding-bottom: 10% !important;}\u00bb][vc_custom_heading text=\u00bbConcepci\u00f3n y desarrollo\u00bb font_container=\u00bbtag:h4|text_align:left|color:%23223035&#8243; use_theme_fonts=\u00bbyes\u00bb css=\u00bb\u00bb][vc_column_text css=\u00bb\u00bb]En desarrollo, utilizamos nuestros amplios conocimientos y experiencia para crear soluciones a medida. Nuestro equipo multidisciplinar colabora estrechamente con usted para crear conceptos, desarrollar prototipos y hacerse cargo de los procesos de asistencia. Damos especial importancia a la calidad, la fiabilidad y la eficacia.[\/vc_column_text][\/vc_column_inner][vc_column_inner width=\u00bb1\/3&#8243;][vc_single_image image=\u00bb15082&#8243; img_size=\u00bbmedium\u00bb css=\u00bb.vc_custom_1719558425592{padding-bottom: 10% !important;}\u00bb][vc_custom_heading text=\u00bbPrueba y validaci\u00f3n\u00bb font_container=\u00bbtag:h4|text_align:left|color:%23223035&#8243; use_theme_fonts=\u00bbyes\u00bb css=\u00bb\u00bb][vc_column_text css=\u00bb\u00bb]Durante la fase de verificaci\u00f3n y validaci\u00f3n, te ayudamos a realizar pruebas y an\u00e1lisis exhaustivos para garantizar que tus productos cumplen las normas de calidad m\u00e1s exigentes y se ajustan a todos los reglamentos y normas pertinentes.[\/vc_column_text][\/vc_column_inner][vc_column_inner width=\u00bb1\/3&#8243;][vc_single_image image=\u00bb14432&#8243; img_size=\u00bbmedium\u00bb css=\u00bb.vc_custom_1718872616248{padding-bottom: 10% !important;}\u00bb][vc_custom_heading text=\u00bbIngenier\u00eda de fabricaci\u00f3n\u00bb font_container=\u00bbtag:h4|text_align:left|color:%23223035&#8243; use_theme_fonts=\u00bbyes\u00bb css=\u00bb\u00bb][vc_column_text css=\u00bb\u00bb]Le ayudamos desde la selecci\u00f3n y el desarrollo de proveedores hasta la resoluci\u00f3n de problemas y el servicio posventa. Nuestro objetivo es facilitarle la transici\u00f3n del desarrollo a la producci\u00f3n en serie y al servicio posventa, y ayudarle a alcanzar sus objetivos en t\u00e9rminos de costes, calidad y plazos.[\/vc_column_text][\/vc_column_inner][\/vc_row_inner][vc_row_inner inner_container=\u00bbtrue\u00bb gap=\u00bb30&#8243; css=\u00bb.vc_custom_1719226487657{margin-top: -100px !important;margin-bottom: -80px !important;padding-top: 3% !important;padding-bottom: 5% !important;}\u00bb][vc_column_inner][vc_column_text css=\u00bb\u00bb]Nuestra empresa se caracteriza por su compromiso con la excelencia y su orientaci\u00f3n al cliente. Estamos orgullosos de ser un socio de confianza para empresas l\u00edderes del sector de la automoci\u00f3n y de apoyarlas para que lleven con \u00e9xito sus productos al mercado.[\/vc_column_text][\/vc_column_inner][\/vc_row_inner][\/vc_column][\/vc_row][vc_row parallax=\u00bbcontent-moving-fade\u00bb parallax_image=\u00bb15023&#8243; parallax_speed_bg=\u00bb2&#8243; css=\u00bb.vc_custom_1720081395806{margin-top: 10% !important;margin-bottom: 5% !important;padding-top: 7% !important;padding-bottom: 7% !important;background-position: center;background-repeat: no-repeat !important;background-size: cover !important;}\u00bb][vc_column][vc_row_inner inner_container=\u00bbtrue\u00bb][vc_column_inner width=\u00bb1\/2&#8243;][vc_single_image image=\u00bb14394&#8243; img_size=\u00bb200px\u00bb alignment=\u00bbcenter\u00bb css=\u00bb\u00bb][\/vc_column_inner][vc_column_inner width=\u00bb1\/2&#8243;][vc_custom_heading text=\u00bbExpertos trabajando\u00bb font_container=\u00bbtag:h2|text_align:left|color:%23ffffff\u00bb use_theme_fonts=\u00bbyes\u00bb css=\u00bb.vc_custom_1718869537162{margin-top: 8% !important;}\u00bb][vc_custom_heading text=\u00bbValor a\u00f1adido gracias a la experiencia en el sector\u00bb font_container=\u00bbtag:h6|text_align:left|color:%23ffffff\u00bb use_theme_fonts=\u00bbyes\u00bb css=\u00bb\u00bb][\/vc_column_inner][\/vc_row_inner][\/vc_column][\/vc_row][vc_row css=\u00bb.vc_custom_1719571041865{margin-top: 5% !important;margin-bottom: 6% !important;}\u00bb][vc_column][vc_row_inner inner_container=\u00bbtrue\u00bb css=\u00bb.vc_custom_1718088102212{margin-top: 3% !important;padding-top: 3% !important;padding-bottom: 5% !important;}\u00bb][vc_column_inner width=\u00bb1\/2&#8243;][vc_custom_heading text=\u00bbElectr\u00f3nica y desarrollo inform\u00e1tico\u00bb font_container=\u00bbtag:h4|text_align:left|color:%23223035&#8243; use_theme_fonts=\u00bbyes\u00bb css=\u00bb.vc_custom_1718791360269{margin-bottom: 5% !important;}\u00bb][vc_column_text css=\u00bb\u00bb]<\/p>\n<p style=\"background: white;\"><span style=\"font-family: 'PT Sans',sans-serif; color: #5f646a; letter-spacing: .4pt;\">Electr\u00f3nica, inform\u00e1tica y software a medida, desarrollo para tus procesos y m\u00e9todos, ya sea unidad de control o aplicaci\u00f3n. Sencillo y bien pensado. Acelera tu desarrollo hoy para allanar el camino a los retos del ma\u00f1ana.<\/span><\/p>\n<p style=\"margin-bottom: 0cm; background: white; box-sizing: border-box;\"><span style=\"font-family: 'PT Sans',sans-serif; color: #5f646a; letter-spacing: .4pt;\">La pieza central de la tecnolog\u00eda moderna se manifiesta en la interfaz entre la electr\u00f3nica y el desarrollo de software. En el sector de la automoci\u00f3n, estas disciplinas son cruciales para la innovaci\u00f3n y el rendimiento de las unidades de control y las aplicaciones. Aqu\u00ed estamos como en casa. <\/span>Demos forma juntos al futuro de la movilidad y la ingenier\u00eda. Habla con nosotros.<\/p>\n<p>[\/vc_column_text][\/vc_column_inner][vc_column_inner width=\u00bb1\/2&#8243;][vc_single_image image=\u00bb15080&#8243; img_size=\u00bbfull\u00bb alignment=\u00bbright\u00bb css=\u00bb\u00bb][\/vc_column_inner][\/vc_row_inner][\/vc_column][\/vc_row]<\/p>\n<\/div>","protected":false},"excerpt":{"rendered":"<p>[vc_row][vc_column][\/vc_column][\/vc_row][vc_row css=\u00bb.vc_custom_1719817729157{margin-top: 5% !important;margin-bottom: 6% !important;}\u00bb][vc_column][vc_row_inner inner_container=\u00bbtrue\u00bb css=\u00bb.vc_custom_1718790713090{margin-top: 3% !important;padding-top: 3% !important;}\u00bb][vc_column_inner width=\u00bb2\/3&#8243;][vc_custom_heading text=\u00bbBenef\u00edciate de un amplio conocimiento del sector y de la experiencia tecnol\u00f3gica\u00bb font_container=\u00bbtag:h6|text_align:left|color:%2344494b\u00bb use_theme_fonts=\u00bbyes\u00bb css=\u00bb.vc_custom_1719387067579{margin-bottom: 3% !important;}\u00bb][vc_custom_heading text=\u00bbNuestra amplia expe\u00adriencia en tecno\u00adlog\u00eda e inform\u00e1tica te enriquecer\u00e1\u00bb font_container=\u00bbtag:h2|text_align:left|color:%23223035&#8243; use_theme_fonts=\u00bbyes\u00bb css=\u00bb\u00bb][\/vc_column_inner][vc_column_inner width=\u00bb1\/3&#8243;][\/vc_column_inner][\/vc_row_inner][vc_row_inner inner_container=\u00bbtrue\u00bb css=\u00bb.vc_custom_1719817701325{padding-top: 2% !important;padding-bottom: 5% !important;}\u00bb][vc_column_inner width=\u00bb1\/2&#8243;][vc_column_text css=\u00bb\u00bb]Llevamos m\u00e1s de 25 a\u00f1os apoyando y asesorando a nuestros<\/p>\n","protected":false},"author":11,"featured_media":0,"parent":0,"menu_order":0,"comment_status":"closed","ping_status":"closed","template":"page-full-width.php","meta":{"footnotes":""},"class_list":["post-15812","page","type-page","status-publish","hentry","no-featured","has-left-col"],"_links":{"self":[{"href":"https:\/\/advincon.de\/es\/wp-json\/wp\/v2\/pages\/15812","targetHints":{"allow":["GET"]}}],"collection":[{"href":"https:\/\/advincon.de\/es\/wp-json\/wp\/v2\/pages"}],"about":[{"href":"https:\/\/advincon.de\/es\/wp-json\/wp\/v2\/types\/page"}],"author":[{"embeddable":true,"href":"https:\/\/advincon.de\/es\/wp-json\/wp\/v2\/users\/11"}],"replies":[{"embeddable":true,"href":"https:\/\/advincon.de\/es\/wp-json\/wp\/v2\/comments?post=15812"}],"version-history":[{"count":1,"href":"https:\/\/advincon.de\/es\/wp-json\/wp\/v2\/pages\/15812\/revisions"}],"predecessor-version":[{"id":16661,"href":"https:\/\/advincon.de\/es\/wp-json\/wp\/v2\/pages\/15812\/revisions\/16661"}],"wp:attachment":[{"href":"https:\/\/advincon.de\/es\/wp-json\/wp\/v2\/media?parent=15812"}],"curies":[{"name":"wp","href":"https:\/\/api.w.org\/{rel}","templated":true}]}}