{"id":15829,"date":"2024-06-27T10:58:59","date_gmt":"2024-06-27T08:58:59","guid":{"rendered":"https:\/\/advincon.de\/ingenieria\/"},"modified":"2024-10-07T17:23:22","modified_gmt":"2024-10-07T15:23:22","slug":"ingenieria","status":"publish","type":"page","link":"https:\/\/advincon.de\/es\/ingenieria\/","title":{"rendered":"Ingenier\u00eda"},"content":{"rendered":"<div class=\"wpb-content-wrapper\"><p>[vc_row][vc_column]\n\t\t\t<!-- START Slider Unterseiten REVOLUTION SLIDER 6.7.11 --><p class=\"rs-p-wp-fix\"><\/p>\n\t\t\t<rs-module-wrap id=\"rev_slider_5_1_wrapper\" data-source=\"gallery\" style=\"visibility:hidden;background:transparent;padding:0;margin:0px auto;margin-top:0;margin-bottom:0;\">\n\t\t\t\t<rs-module id=\"rev_slider_5_1\" style=\"\" data-version=\"6.7.11\">\n\t\t\t\t\t<rs-slides style=\"overflow: hidden; position: absolute;\">\n\t\t\t\t\t\t<rs-slide style=\"position: absolute;\" data-key=\"rs-13\" data-title=\"Slide\"data-sba=\"b:false;\" data-anim=\"ms:10;\" data-in=\"o:1;\" data-out=\"a:false;\">\n\t\t\t\t\t\t\t<img decoding=\"async\" src=\"\/\/advincon.de\/wp-content\/plugins\/revslider\/sr6\/assets\/assets\/dummy.png\" alt=\"\" title=\"adv_header_untern\" width=\"1896\" height=\"698\" class=\"rev-slidebg tp-rs-img rs-lazyload\" data-lazyload=\"\/\/advincon.de\/wp-content\/uploads\/2024\/07\/adv_header_untern.jpg\" data-parallax=\"15\" data-no-retina>\n\t\t\t\t\t\t\t<rs-bgvideo \n\t\t\t\t\t\t\t\tdata-video=\"w:100%;h:100%;nse:false;l:true;ptimer:false;vfc:true;\"\n\t\t\t\t\t\t\t\tdata-mp4=\"\/\/advincon.de\/wp-content\/uploads\/2024\/06\/adv_header_untern.mp4\"\n\t\t\t\t\t\t\t><\/rs-bgvideo>\n<!--\n\t\t\t\t\t\t\t--><rs-layer\n\t\t\t\t\t\t\t\tid=\"slider-5-slide-13-layer-0\" \n\t\t\t\t\t\t\t\tdata-type=\"shape\"\n\t\t\t\t\t\t\t\tdata-rsp_ch=\"on\"\n\t\t\t\t\t\t\t\tdata-xy=\"xo:935px,935px,935px,361px;y:t,t,t,b;yo:218px,218px,218px,0;\"\n\t\t\t\t\t\t\t\tdata-text=\"w:normal;s:20,20,20,7;l:0,0,0,9;\"\n\t\t\t\t\t\t\t\tdata-dim=\"w:248px,248px,248px,95px;h:238px,238px,238px,91px;\"\n\t\t\t\t\t\t\t\tdata-blendmode=\"multiply\"\n\t\t\t\t\t\t\t\tdata-frame_999=\"o:0;st:w;\"\n\t\t\t\t\t\t\t\tstyle=\"z-index:7;background-color:#e30613;\"\n\t\t\t\t\t\t\t> \n\t\t\t\t\t\t\t<\/rs-layer><!--\n\n\t\t\t\t\t\t\t--><rs-layer\n\t\t\t\t\t\t\t\tid=\"slider-5-slide-13-layer-4\" \n\t\t\t\t\t\t\t\tdata-type=\"shape\"\n\t\t\t\t\t\t\t\tdata-rsp_ch=\"on\"\n\t\t\t\t\t\t\t\tdata-xy=\"x:l,l,l,c;xo:-1183px,-1183px,-1183px,-436px;y:b;yo:-11px,-11px,-11px,-1px;\"\n\t\t\t\t\t\t\t\tdata-text=\"w:normal;s:20,20,20,7;l:0,0,0,9;\"\n\t\t\t\t\t\t\t\tdata-dim=\"w:1183px,1183px,1183px,457px;h:1022px,1022px,1022px,394px;\"\n\t\t\t\t\t\t\t\tdata-frame_999=\"o:0;st:w;\"\n\t\t\t\t\t\t\t\tstyle=\"z-index:7;background-color:rgba(32,40,76,0.49);\"\n\t\t\t\t\t\t\t> \n\t\t\t\t\t\t\t<\/rs-layer><!--\n\n\t\t\t\t\t\t\t--><rs-layer\n\t\t\t\t\t\t\t\tid=\"slider-5-slide-13-layer-5\" \n\t\t\t\t\t\t\t\tdata-type=\"shape\"\n\t\t\t\t\t\t\t\tdata-rsp_ch=\"on\"\n\t\t\t\t\t\t\t\tdata-xy=\"x:l,l,l,c;xo:0,0,0,-49px;y:b;yo:-20px,-20px,-20px,-2px;\"\n\t\t\t\t\t\t\t\tdata-text=\"w:normal;s:20,20,20,7;l:0,0,0,9;\"\n\t\t\t\t\t\t\t\tdata-dim=\"w:1559px,1559px,1559px,602px;h:1022px,1022px,1022px,1020px;\"\n\t\t\t\t\t\t\t\tdata-frame_999=\"o:0;st:w;\"\n\t\t\t\t\t\t\t\tstyle=\"z-index:6;background:linear-gradient(85deg, rgba(32,40,76,0.5) 0%, rgba(215,215,215,0) 75%);\"\n\t\t\t\t\t\t\t> \n\t\t\t\t\t\t\t<\/rs-layer><!--\n-->\t\t\t\t\t<\/rs-slide>\n\t\t\t\t\t<\/rs-slides>\n\t\t\t\t<\/rs-module>\n\t\t\t\t<script>\n\t\t\t\t\tsetREVStartSize({c: 'rev_slider_5_1',rl:[1240,1240,1240,480],el:[400,400,400,400],gw:[1240,1240,1240,480],gh:[400,400,400,400],type:'standard',justify:'',layout:'fullwidth',mh:\"0\"});if (window.RS_MODULES!==undefined && window.RS_MODULES.modules!==undefined && window.RS_MODULES.modules[\"revslider51\"]!==undefined) {window.RS_MODULES.modules[\"revslider51\"].once = false;window.revapi5 = undefined;if (window.RS_MODULES.checkMinimal!==undefined) window.RS_MODULES.checkMinimal()}\n\t\t\t\t<\/script>\n\t\t\t<\/rs-module-wrap>\n\t\t\t<!-- END REVOLUTION SLIDER -->\n[\/vc_column][\/vc_row][vc_row css=\u00bb.vc_custom_1719228808155{margin-top: 5% !important;margin-bottom: 5% !important;}\u00bb][vc_column][vc_row_inner inner_container=\u00bbtrue\u00bb css=\u00bb.vc_custom_1719219895710{margin-top: 3% !important;padding-top: 3% !important;}\u00bb][vc_column_inner width=\u00bb2\/3&#8243;][vc_custom_heading text=\u00bbSimplificamos la complejidad\u00bb font_container=\u00bbtag:h6|text_align:left|color:%2344494b\u00bb use_theme_fonts=\u00bbyes\u00bb css=\u00bb.vc_custom_1720603577568{margin-bottom: 3% !important;}\u00bb][vc_custom_heading text=\u00bbOptimiza tu tecno&shy;log\u00eda de desarrollo y pro&shy;ducci\u00f3n con nosotros\u00bb font_container=\u00bbtag:h3|text_align:left|color:%23223035&#8243; use_theme_fonts=\u00bbyes\u00bb css=\u00bb\u00bb][\/vc_column_inner][vc_column_inner width=\u00bb1\/3&#8243;][\/vc_column_inner][\/vc_row_inner][vc_row_inner inner_container=\u00bbtrue\u00bb css=\u00bb.vc_custom_1719325563336{margin-top: 1% !important;}\u00bb][vc_column_inner width=\u00bb1\/2&#8243;][vc_column_text css=\u00bb\u00bb]<\/p>\n<h5>Desarrollo<\/h5>\n<p><strong>1. An\u00e1lisis y gesti\u00f3n de requisitos<br \/>\n<\/strong>Comenzamos con un an\u00e1lisis exhaustivo de los requisitos para comprender las necesidades y objetivos espec\u00edficos de su proyecto. Nuestra gesti\u00f3n de requisitos garantiza que todos los requisitos t\u00e9cnicos est\u00e9n completa y claramente documentados, a fin de crear una base s\u00f3lida para el desarrollo posterior.<\/p>\n<p><strong>2. Desarrollo de software<br \/>\n<\/strong>Ponemos en pr\u00e1ctica los dise\u00f1os previstos y desarrollamos soluciones de software a medida. Trabajamos con tecnolog\u00edas modernas, herramientas y m\u00e9todos probados para garantizar la m\u00e1xima calidad y rendimiento.<\/p>\n<p><strong>3. Integraci\u00f3n y verificaci\u00f3n<br \/>\n<\/strong>La integraci\u00f3n y verificaci\u00f3n de todos los componentes del sistema se lleva a cabo paso a paso para garantizar que todas las piezas funcionen juntas a la perfecci\u00f3n. Realizamos pruebas de verificaci\u00f3n exhaustivas para identificar y rectificar posibles errores en una fase temprana.<\/p>\n<p><strong>4. Validaci\u00f3n y pruebas del sistema<br \/>\n<\/strong>Durante la validaci\u00f3n, comprobamos si el sistema desarrollado cumple los requisitos originales. Simulamos condiciones de funcionamiento reales para confirmar la funcionalidad y fiabilidad del sistema.<\/p>\n<p><strong>5. Pruebas y protecci\u00f3n<br \/>\n<\/strong>Ofrecemos servicios completos de ensayo y validaci\u00f3n para garantizar la calidad y seguridad de sus productos. Manual o automatizado para diferentes dominios y profundidades de prueba.<\/p>\n<p><strong>6. Mantenimiento y desarrollo posterior<br \/>\n<\/strong>Tras una implantaci\u00f3n y un PNT satisfactorios, ofrecemos asistencia en serie continua. Nuestro objetivo es garantizar y mejorar continuamente el rendimiento y la actualizaci\u00f3n de tus sistemas a largo plazo.[\/vc_column_text][\/vc_column_inner][vc_column_inner width=\u00bb1\/2&#8243;][vc_single_image image=\u00bb15237&#8243; img_size=\u00bbfull\u00bb alignment=\u00bbright\u00bb css=\u00bb.vc_custom_1719496714567{margin-top: 3% !important;padding-bottom: 10% !important;}\u00bb][\/vc_column_inner][\/vc_row_inner][\/vc_column][\/vc_row][vc_row css=\u00bb.vc_custom_1718789291681{background-position: center !important;background-repeat: no-repeat !important;background-size: cover !important;}\u00bb][vc_column]<div class=\"noo-rev-slider\" >\n\n\t\t\t<!-- START Trenner advincon Engineering REVOLUTION SLIDER 6.7.11 --><p class=\"rs-p-wp-fix\"><\/p>\n\t\t\t<rs-module-wrap id=\"rev_slider_17_2_wrapper\" data-source=\"gallery\" style=\"visibility:hidden;background:transparent;padding:0;margin:0px auto;margin-top:0;margin-bottom:0;\">\n\t\t\t\t<rs-module id=\"rev_slider_17_2\" style=\"\" data-version=\"6.7.11\">\n\t\t\t\t\t<rs-slides style=\"overflow: hidden; position: absolute;\">\n\t\t\t\t\t\t<rs-slide style=\"position: absolute;\" data-key=\"rs-31\" data-title=\"Slide\"data-sba=\"b:false;\" data-anim=\"ms:10;\" data-in=\"o:1;\" data-out=\"a:false;\">\n\t\t\t\t\t\t\t<img decoding=\"async\" src=\"\/\/advincon.de\/wp-content\/plugins\/revslider\/sr6\/assets\/assets\/dummy.png\" alt=\"\" title=\"adv_Parallax_Consulting\" width=\"1000\" height=\"593\" class=\"rev-slidebg tp-rs-img rs-lazyload\" data-lazyload=\"\/\/advincon.de\/wp-content\/uploads\/2024\/06\/adv_Parallax_Consulting-4.jpg\" data-parallax=\"15\" data-no-retina>\n<!--\n\t\t\t\t\t\t\t--><rs-layer\n\t\t\t\t\t\t\t\tid=\"slider-17-slide-31-layer-0\" \n\t\t\t\t\t\t\t\tdata-type=\"image\"\n\t\t\t\t\t\t\t\tdata-rsp_ch=\"on\"\n\t\t\t\t\t\t\t\tdata-xy=\"x:c;xo:-1px;y:354px;\"\n\t\t\t\t\t\t\t\tdata-text=\"w:normal;\"\n\t\t\t\t\t\t\t\tdata-dim=\"w:1452px;h:203px;\"\n\t\t\t\t\t\t\t\tdata-blendmode=\"multiply\"\n\t\t\t\t\t\t\t\tdata-frame_999=\"o:0;st:w;\"\n\t\t\t\t\t\t\t\tstyle=\"z-index:6;\"\n\t\t\t\t\t\t\t><img decoding=\"async\" src=\"\/\/advincon.de\/wp-content\/plugins\/revslider\/sr6\/assets\/assets\/dummy.png\" alt=\"\" class=\"tp-rs-img rs-lazyload\" width=\"1238\" height=\"173\" data-lazyload=\"\/\/advincon.de\/wp-content\/uploads\/2024\/06\/ADVINCON_rot.png\" data-no-retina> \n\t\t\t\t\t\t\t<\/rs-layer><!--\n-->\t\t\t\t\t<\/rs-slide>\n\t\t\t\t\t<\/rs-slides>\n\t\t\t\t<\/rs-module>\n\t\t\t\t<script>\n\t\t\t\t\tsetREVStartSize({c: 'rev_slider_17_2',rl:[1240,1024,778,480],el:[500],gw:[1240],gh:[500],type:'standard',justify:'',layout:'fullwidth',mh:\"0\"});if (window.RS_MODULES!==undefined && window.RS_MODULES.modules!==undefined && window.RS_MODULES.modules[\"revslider172\"]!==undefined) {window.RS_MODULES.modules[\"revslider172\"].once = false;window.revapi17 = undefined;if (window.RS_MODULES.checkMinimal!==undefined) window.RS_MODULES.checkMinimal()}\n\t\t\t\t<\/script>\n\t\t\t<\/rs-module-wrap>\n\t\t\t<!-- END REVOLUTION SLIDER -->\n\n<\/div>[\/vc_column][\/vc_row][vc_row css=\u00bb.vc_custom_1719216965011{padding-bottom: 7% !important;background-color: #eaeaed !important;}\u00bb][vc_column][vc_row_inner inner_container=\u00bbtrue\u00bb css=\u00bb.vc_custom_1719325602890{margin-top: 1% !important;}\u00bb][vc_column_inner width=\u00bb1\/2&#8243;][vc_column_text css=\u00bb\u00bb]<\/p>\n<h5>Gesti\u00f3n de proveedores<\/h5>\n<p><strong>1. Selecci\u00f3n y evaluaci\u00f3n de proveedores<br \/>\n<\/strong>Le ayudamos a seleccionar y evaluar a sus proveedores para asegurarnos de que cumplen sus requisitos y normas. Nuestra metodolog\u00eda incluye auditor\u00edas y evaluaciones detalladas del rendimiento de los proveedores.<\/p>\n<p><strong>2. Desarrollo de proveedores<br \/>\n<\/strong>Colaboramos estrechamente con sus proveedores para mejorar sus procesos y capacidades. Promovemos la mejora continua y la innovaci\u00f3n mediante formaci\u00f3n espec\u00edfica y talleres.<\/p>\n<p><strong>3. Gesti\u00f3n de riesgos<\/strong><br \/>\nIdentificamos y evaluamos los riesgos potenciales en tu cadena de suministro y desarrollamos estrategias para minimizarlos. Esto aumenta la fiabilidad y estabilidad de tus relaciones de suministro.<\/p>\n<p><strong>4. Supervisi\u00f3n del rendimiento<br \/>\n<\/strong>Supervisamos el rendimiento de sus proveedores, analizamos los datos y elaboramos informes para detectar los puntos d\u00e9biles en una fase temprana y tomar medidas.[\/vc_column_text][vc_column_text css=\u00bb\u00bb]<\/p>\n<h5>Gesti\u00f3n de la calidad<\/h5>\n<p><strong>1. Auditor\u00edas de procesos y productos<br \/>\n<\/strong>Realizamos auditor\u00edas peri\u00f3dicas de procesos y productos en sus proveedores, comprobamos el cumplimiento de las normas de calidad e identificamos el potencial de mejora.<\/p>\n<p><strong>2. Gesti\u00f3n y prevenci\u00f3n de errores<br \/>\n<\/strong>Aplicamos sistemas eficaces de gesti\u00f3n de errores para reconocer y rectificar los problemas de calidad en una fase temprana. Nuestro enfoque preventivo minimiza el riesgo de paradas de producci\u00f3n y retiradas.<\/p>\n<p><strong>3. Programas de mejora de la calidad<br \/>\n<\/strong>Mediante programas de mejora continua, le ayudamos a elevar los niveles de calidad en toda su cadena de suministro. Utilizamos m\u00e9todos probados para aumentar la eficacia y la calidad.[\/vc_column_text][\/vc_column_inner][vc_column_inner width=\u00bb1\/2&#8243;][vc_single_image image=\u00bb15052&#8243; img_size=\u00bbfull\u00bb alignment=\u00bbright\u00bb css=\u00bb.vc_custom_1719325421867{margin-top: 3% !important;padding-bottom: 10% !important;}\u00bb][\/vc_column_inner][\/vc_row_inner][\/vc_column][\/vc_row]<\/p>\n<\/div>","protected":false},"excerpt":{"rendered":"<p>[vc_row][vc_column][\/vc_column][\/vc_row][vc_row css=\u00bb.vc_custom_1719228808155{margin-top: 5% !important;margin-bottom: 5% !important;}\u00bb][vc_column][vc_row_inner inner_container=\u00bbtrue\u00bb css=\u00bb.vc_custom_1719219895710{margin-top: 3% !important;padding-top: 3% !important;}\u00bb][vc_column_inner width=\u00bb2\/3&#8243;][vc_custom_heading text=\u00bbSimplificamos la complejidad\u00bb font_container=\u00bbtag:h6|text_align:left|color:%2344494b\u00bb use_theme_fonts=\u00bbyes\u00bb css=\u00bb.vc_custom_1720603577568{margin-bottom: 3% !important;}\u00bb][vc_custom_heading text=\u00bbOptimiza tu tecno&shy;log\u00eda de desarrollo y pro&shy;ducci\u00f3n con nosotros\u00bb font_container=\u00bbtag:h3|text_align:left|color:%23223035&#8243; use_theme_fonts=\u00bbyes\u00bb css=\u00bb\u00bb][\/vc_column_inner][vc_column_inner width=\u00bb1\/3&#8243;][\/vc_column_inner][\/vc_row_inner][vc_row_inner inner_container=\u00bbtrue\u00bb css=\u00bb.vc_custom_1719325563336{margin-top: 1% !important;}\u00bb][vc_column_inner width=\u00bb1\/2&#8243;][vc_column_text css=\u00bb\u00bb] Desarrollo 1. An\u00e1lisis y gesti\u00f3n de requisitos Comenzamos con un an\u00e1lisis exhaustivo de los requisitos para comprender las necesidades y<\/p>\n","protected":false},"author":11,"featured_media":0,"parent":0,"menu_order":0,"comment_status":"closed","ping_status":"closed","template":"page-full-width.php","meta":{"footnotes":""},"class_list":["post-15829","page","type-page","status-publish","hentry","no-featured","has-left-col"],"_links":{"self":[{"href":"https:\/\/advincon.de\/es\/wp-json\/wp\/v2\/pages\/15829","targetHints":{"allow":["GET"]}}],"collection":[{"href":"https:\/\/advincon.de\/es\/wp-json\/wp\/v2\/pages"}],"about":[{"href":"https:\/\/advincon.de\/es\/wp-json\/wp\/v2\/types\/page"}],"author":[{"embeddable":true,"href":"https:\/\/advincon.de\/es\/wp-json\/wp\/v2\/users\/11"}],"replies":[{"embeddable":true,"href":"https:\/\/advincon.de\/es\/wp-json\/wp\/v2\/comments?post=15829"}],"version-history":[{"count":1,"href":"https:\/\/advincon.de\/es\/wp-json\/wp\/v2\/pages\/15829\/revisions"}],"predecessor-version":[{"id":16672,"href":"https:\/\/advincon.de\/es\/wp-json\/wp\/v2\/pages\/15829\/revisions\/16672"}],"wp:attachment":[{"href":"https:\/\/advincon.de\/es\/wp-json\/wp\/v2\/media?parent=15829"}],"curies":[{"name":"wp","href":"https:\/\/api.w.org\/{rel}","templated":true}]}}