{"id":15834,"date":"2024-06-12T13:37:19","date_gmt":"2024-06-12T11:37:19","guid":{"rendered":"https:\/\/advincon.de\/para-las-empresas\/"},"modified":"2024-10-07T17:23:23","modified_gmt":"2024-10-07T15:23:23","slug":"para-las-empresas","status":"publish","type":"page","link":"https:\/\/advincon.de\/es\/para-las-empresas\/","title":{"rendered":"Para las empresas"},"content":{"rendered":"<div class=\"wpb-content-wrapper\"><p>[vc_row][vc_column]\n\t\t\t<!-- START Slider Unterseiten REVOLUTION SLIDER 6.7.11 --><p class=\"rs-p-wp-fix\"><\/p>\n\t\t\t<rs-module-wrap id=\"rev_slider_5_1_wrapper\" data-source=\"gallery\" style=\"visibility:hidden;background:transparent;padding:0;margin:0px auto;margin-top:0;margin-bottom:0;\">\n\t\t\t\t<rs-module id=\"rev_slider_5_1\" style=\"\" data-version=\"6.7.11\">\n\t\t\t\t\t<rs-slides style=\"overflow: hidden; position: absolute;\">\n\t\t\t\t\t\t<rs-slide style=\"position: absolute;\" data-key=\"rs-13\" data-title=\"Slide\"data-sba=\"b:false;\" data-anim=\"ms:10;\" data-in=\"o:1;\" data-out=\"a:false;\">\n\t\t\t\t\t\t\t<img decoding=\"async\" src=\"\/\/advincon.de\/wp-content\/plugins\/revslider\/sr6\/assets\/assets\/dummy.png\" alt=\"\" title=\"adv_header_untern\" width=\"1896\" height=\"698\" class=\"rev-slidebg tp-rs-img rs-lazyload\" data-lazyload=\"\/\/advincon.de\/wp-content\/uploads\/2024\/07\/adv_header_untern.jpg\" data-parallax=\"15\" data-no-retina>\n\t\t\t\t\t\t\t<rs-bgvideo \n\t\t\t\t\t\t\t\tdata-video=\"w:100%;h:100%;nse:false;l:true;ptimer:false;vfc:true;\"\n\t\t\t\t\t\t\t\tdata-mp4=\"\/\/advincon.de\/wp-content\/uploads\/2024\/06\/adv_header_untern.mp4\"\n\t\t\t\t\t\t\t><\/rs-bgvideo>\n<!--\n\t\t\t\t\t\t\t--><rs-layer\n\t\t\t\t\t\t\t\tid=\"slider-5-slide-13-layer-0\" \n\t\t\t\t\t\t\t\tdata-type=\"shape\"\n\t\t\t\t\t\t\t\tdata-rsp_ch=\"on\"\n\t\t\t\t\t\t\t\tdata-xy=\"xo:935px,935px,935px,361px;y:t,t,t,b;yo:218px,218px,218px,0;\"\n\t\t\t\t\t\t\t\tdata-text=\"w:normal;s:20,20,20,7;l:0,0,0,9;\"\n\t\t\t\t\t\t\t\tdata-dim=\"w:248px,248px,248px,95px;h:238px,238px,238px,91px;\"\n\t\t\t\t\t\t\t\tdata-blendmode=\"multiply\"\n\t\t\t\t\t\t\t\tdata-frame_999=\"o:0;st:w;\"\n\t\t\t\t\t\t\t\tstyle=\"z-index:7;background-color:#e30613;\"\n\t\t\t\t\t\t\t> \n\t\t\t\t\t\t\t<\/rs-layer><!--\n\n\t\t\t\t\t\t\t--><rs-layer\n\t\t\t\t\t\t\t\tid=\"slider-5-slide-13-layer-4\" \n\t\t\t\t\t\t\t\tdata-type=\"shape\"\n\t\t\t\t\t\t\t\tdata-rsp_ch=\"on\"\n\t\t\t\t\t\t\t\tdata-xy=\"x:l,l,l,c;xo:-1183px,-1183px,-1183px,-436px;y:b;yo:-11px,-11px,-11px,-1px;\"\n\t\t\t\t\t\t\t\tdata-text=\"w:normal;s:20,20,20,7;l:0,0,0,9;\"\n\t\t\t\t\t\t\t\tdata-dim=\"w:1183px,1183px,1183px,457px;h:1022px,1022px,1022px,394px;\"\n\t\t\t\t\t\t\t\tdata-frame_999=\"o:0;st:w;\"\n\t\t\t\t\t\t\t\tstyle=\"z-index:7;background-color:rgba(32,40,76,0.49);\"\n\t\t\t\t\t\t\t> \n\t\t\t\t\t\t\t<\/rs-layer><!--\n\n\t\t\t\t\t\t\t--><rs-layer\n\t\t\t\t\t\t\t\tid=\"slider-5-slide-13-layer-5\" \n\t\t\t\t\t\t\t\tdata-type=\"shape\"\n\t\t\t\t\t\t\t\tdata-rsp_ch=\"on\"\n\t\t\t\t\t\t\t\tdata-xy=\"x:l,l,l,c;xo:0,0,0,-49px;y:b;yo:-20px,-20px,-20px,-2px;\"\n\t\t\t\t\t\t\t\tdata-text=\"w:normal;s:20,20,20,7;l:0,0,0,9;\"\n\t\t\t\t\t\t\t\tdata-dim=\"w:1559px,1559px,1559px,602px;h:1022px,1022px,1022px,1020px;\"\n\t\t\t\t\t\t\t\tdata-frame_999=\"o:0;st:w;\"\n\t\t\t\t\t\t\t\tstyle=\"z-index:6;background:linear-gradient(85deg, rgba(32,40,76,0.5) 0%, rgba(215,215,215,0) 75%);\"\n\t\t\t\t\t\t\t> \n\t\t\t\t\t\t\t<\/rs-layer><!--\n-->\t\t\t\t\t<\/rs-slide>\n\t\t\t\t\t<\/rs-slides>\n\t\t\t\t<\/rs-module>\n\t\t\t\t<script>\n\t\t\t\t\tsetREVStartSize({c: 'rev_slider_5_1',rl:[1240,1240,1240,480],el:[400,400,400,400],gw:[1240,1240,1240,480],gh:[400,400,400,400],type:'standard',justify:'',layout:'fullwidth',mh:\"0\"});if (window.RS_MODULES!==undefined && window.RS_MODULES.modules!==undefined && window.RS_MODULES.modules[\"revslider51\"]!==undefined) {window.RS_MODULES.modules[\"revslider51\"].once = false;window.revapi5 = undefined;if (window.RS_MODULES.checkMinimal!==undefined) window.RS_MODULES.checkMinimal()}\n\t\t\t\t<\/script>\n\t\t\t<\/rs-module-wrap>\n\t\t\t<!-- END REVOLUTION SLIDER -->\n[\/vc_column][\/vc_row][vc_row css=\u00bb.vc_custom_1719225606579{margin-top: 5% !important;margin-bottom: 5% !important;}\u00bb][vc_column][vc_row_inner inner_container=\u00bbtrue\u00bb css=\u00bb.vc_custom_1719387089556{margin-top: 3% !important;padding-top: 3% !important;}\u00bb][vc_column_inner width=\u00bb2\/3&#8243;][vc_custom_heading text=\u00bbProveedor de servicios tecnol\u00f3gicos para las m\u00e1s altas exigencias\u00bb font_container=\u00bbtag:h6|text_align:left|color:%235f646a\u00bb use_theme_fonts=\u00bbyes\u00bb css=\u00bb.vc_custom_1719479093773{margin-bottom: 3% !important;}\u00bb][vc_custom_heading text=\u00bbAsegura las estrategias para el \u00e9xito de ma\u00f1ana\u00bb font_container=\u00bbtag:h2|text_align:left|color:%23223035&#8243; use_theme_fonts=\u00bbyes\u00bb css=\u00bb\u00bb][\/vc_column_inner][vc_column_inner width=\u00bb1\/3&#8243;][\/vc_column_inner][\/vc_row_inner][vc_row_inner inner_container=\u00bbtrue\u00bb css=\u00bb.vc_custom_1719387248059{margin-bottom: 6% !important;padding-top: 2% !important;padding-bottom: 5% !important;}\u00bb][vc_column_inner width=\u00bb1\/2&#8243;][vc_column_text css=\u00bb\u00bb]Son las personas las que impulsan el progreso tecnol\u00f3gico. Por eso estamos muy interconectados. Perseguimos visiones y realizamos soluciones para los m\u00e1s altos retos tecnol\u00f3gicos. Entendemos los procesos y requisitos gracias a nuestra destacada experiencia y conocimientos del sector. Contamos con d\u00e9cadas de experiencia en movilidad, electr\u00f3nica e inform\u00e1tica. Y conocemos a las personas que impulsan el progreso. Cumplimos tus requisitos y los combinamos con precisi\u00f3n. En todo el mundo.[\/vc_column_text][\/vc_column_inner][vc_column_inner width=\u00bb1\/2&#8243;][vc_single_image image=\u00bb15057&#8243; img_size=\u00bbfull\u00bb alignment=\u00bbright\u00bb css=\u00bb\u00bb][\/vc_column_inner][\/vc_row_inner][\/vc_column][\/vc_row][vc_row parallax=\u00bbcontent-moving-fade\u00bb parallax_image=\u00bb15023&#8243; parallax_speed_bg=\u00bb2&#8243; css=\u00bb.vc_custom_1719318457696{margin-bottom: 5% !important;padding-top: 7% !important;padding-bottom: 7% !important;background-position: center;background-repeat: no-repeat !important;background-size: cover !important;}\u00bb][vc_column][vc_row_inner inner_container=\u00bbtrue\u00bb][vc_column_inner width=\u00bb1\/2&#8243;][vc_single_image image=\u00bb14394&#8243; img_size=\u00bb200px\u00bb alignment=\u00bbcenter\u00bb css=\u00bb.vc_custom_1718966630296{margin-bottom: 6% !important;}\u00bb][\/vc_column_inner][vc_column_inner width=\u00bb1\/2&#8243;][vc_custom_heading text=\u00bbExpertos trabajando\u00bb font_container=\u00bbtag:h2|text_align:left|color:%23ffffff\u00bb use_theme_fonts=\u00bbyes\u00bb css=\u00bb.vc_custom_1718869537162{margin-top: 8% !important;}\u00bb][vc_custom_heading text=\u00bbValor a\u00f1adido gracias a la experiencia en el sector\u00bb font_container=\u00bbtag:h6|text_align:left|color:%23ffffff\u00bb use_theme_fonts=\u00bbyes\u00bb css=\u00bb\u00bb][\/vc_column_inner][\/vc_row_inner][\/vc_column][\/vc_row][vc_row css=\u00bb.vc_custom_1719384832190{padding-top: 6% !important;background-color: #ffffff !important;}\u00bb][vc_column offset=\u00bbvc_hidden-sm vc_hidden-xs\u00bb][vc_row_inner inner_container=\u00bbtrue\u00bb][vc_column_inner width=\u00bb1\/2&#8243;][vc_custom_heading text=\u00bbConsultor\u00eda, redes y soluciones empresariales\u00bb font_container=\u00bbtag:h4|text_align:left|color:%23223035&#8243; use_theme_fonts=\u00bbyes\u00bb css=\u00bb\u00bb][vc_column_text css=\u00bb\u00bb]Ofrecemos asesoramiento y soluciones empresariales para tareas exigentes. Abarcan de forma exhaustiva casi todas las \u00e1reas: desarrollo de software, gesti\u00f3n de calidad, tecnolog\u00eda de veh\u00edculos, orientaci\u00f3n al cliente, mejora de la eficiencia y estrategias de crecimiento. Disponemos de una amplia red gracias a nuestras asignaciones de trabajo en todo el mundo. Entendemos los requisitos \u00fanicos de tu empresa y te ofrecemos soluciones personalizadas que se adaptan exactamente a tus necesidades.[\/vc_column_text][vc_btn title=\u00bbAsesoramiento para tus proyectos\u00bb style=\u00bboutline-custom\u00bb outline_custom_color=\u00bb#e30613&#8243; outline_custom_hover_background=\u00bb#e30613&#8243; outline_custom_hover_text=\u00bb#ffffff\u00bb shape=\u00bbsquare\u00bb css=\u00bb\u00bb link=\u00bburl:https%3A%2F%2Fadvincon.de%2Fes%2Fconsulta%2F|title:Consulta\u00bb][\/vc_column_inner][vc_column_inner width=\u00bb1\/2&#8243;][vc_single_image image=\u00bb15055&#8243; img_size=\u00bbfull\u00bb css=\u00bb\u00bb][\/vc_column_inner][\/vc_row_inner][\/vc_column][\/vc_row][vc_row css=\u00bb.vc_custom_1718967586526{padding-top: 6% !important;padding-bottom: 5% !important;background-color: #ffffff !important;}\u00bb][vc_column offset=\u00bbvc_hidden-lg vc_hidden-md\u00bb][vc_row_inner inner_container=\u00bbtrue\u00bb][vc_column_inner width=\u00bb1\/2&#8243;][vc_single_image image=\u00bb15055&#8243; img_size=\u00bbfull\u00bb css=\u00bb.vc_custom_1719318817000{padding-bottom: 10% !important;}\u00bb][\/vc_column_inner][vc_column_inner width=\u00bb1\/2&#8243;][vc_custom_heading text=\u00bbConsultor\u00eda, redes y soluciones empresariales\u00bb font_container=\u00bbtag:h4|text_align:left|color:%23223035&#8243; use_theme_fonts=\u00bbyes\u00bb css=\u00bb\u00bb][vc_column_text css=\u00bb\u00bb]Ofrecemos asesoramiento y soluciones empresariales para tareas exigentes. Abarcan casi todos los \u00e1mbitos: desarrollo de software, gesti\u00f3n de calidad, tecnolog\u00eda de veh\u00edculos, orientaci\u00f3n al cliente, mejora de la eficiencia y estrategias de crecimiento. Disponemos de una amplia red gracias a nuestras asignaciones de trabajo en todo el mundo. Comprendemos los requisitos exclusivos de su empresa y le ofrecemos soluciones personalizadas que se adaptan exactamente a sus necesidades.[\/vc_column_text][vc_btn title=\u00bbAsesoramiento para tus proyectos\u00bb style=\u00bboutline-custom\u00bb outline_custom_color=\u00bb#e30613&#8243; outline_custom_hover_background=\u00bb#e30613&#8243; outline_custom_hover_text=\u00bb#ffffff\u00bb shape=\u00bbsquare\u00bb css=\u00bb\u00bb link=\u00bburl:https%3A%2F%2Fadvincon.de%2Fes%2Fconsulta%2F|title:Consulta\u00bb][\/vc_column_inner][\/vc_row_inner][\/vc_column][\/vc_row][vc_row rtl_reverse=\u00bbyes\u00bb css=\u00bb.vc_custom_1719384886575{padding-top: 8% !important;padding-bottom: 7% !important;background-color: #eaeaed !important;}\u00bb][vc_column][vc_row_inner inner_container=\u00bbtrue\u00bb gap=\u00bb30&#8243;][vc_column_inner width=\u00bb1\/2&#8243;][vc_single_image image=\u00bb15066&#8243; img_size=\u00bbfull\u00bb css=\u00bb.vc_custom_1719319202705{padding-bottom: 10% !important;}\u00bb][\/vc_column_inner][vc_column_inner width=\u00bb1\/2&#8243;][vc_custom_heading text=\u00bbEncuentra profesionales m\u00e1s f\u00e1cilmente\u00bb font_container=\u00bbtag:h4|text_align:left|color:%23223035&#8243; use_theme_fonts=\u00bbyes\u00bb css=\u00bb\u00bb][vc_column_text css=\u00bb\u00bb]\u00bfQuieres simplificar tu proceso de contrataci\u00f3n? Por nuestra experiencia como proveedores de servicios de consultor\u00eda en el sector de la ingenier\u00eda y la movilidad, sabemos lo dif\u00edcil que puede resultar cubrir un puesto vacante de ingeniero. Pero gracias a nuestra amplia red, conocemos a los desarrolladores, profesionales y talentos que trabajan en el progreso del ma\u00f1ana. Encuentra con nosotros a los candidatos adecuados para tus puestos, para asegurar tu factor de \u00e9xito m\u00e1s importante: Las personas.[\/vc_column_text][vc_btn title=\u00bbSoluciones de contrataci\u00f3n\u00bb style=\u00bboutline-custom\u00bb outline_custom_color=\u00bb#e30613&#8243; outline_custom_hover_background=\u00bb#e30613&#8243; outline_custom_hover_text=\u00bb#ffffff\u00bb shape=\u00bbsquare\u00bb css=\u00bb\u00bb link=\u00bburl:https%3A%2F%2Fadvincon.de%2Fes%2Freclutamiento%2F|title:Reclutamiento\u00bb][\/vc_column_inner][\/vc_row_inner][\/vc_column][\/vc_row][vc_row css=\u00bb.vc_custom_1719385002380{margin-bottom: -3% !important;padding-top: 8% !important;background-color: #ffffff !important;}\u00bb][vc_column offset=\u00bbvc_hidden-sm vc_hidden-xs\u00bb][vc_row_inner inner_container=\u00bbtrue\u00bb][vc_column_inner width=\u00bb1\/2&#8243;][vc_custom_heading text=\u00bbExperiencia en movilidad, electr\u00f3nica e inform\u00e1tica\u00bb font_container=\u00bbtag:h4|text_align:left|color:%23223035&#8243; use_theme_fonts=\u00bbyes\u00bb css=\u00bb\u00bb][vc_column_text css=\u00bb\u00bb]Llevamos m\u00e1s de 25 a\u00f1os resolviendo para ti los problemas m\u00e1s dif\u00edciles. Somos expertos en tecnolog\u00edas avanzadas combinadas con conocimientos especializados y estamos muy interconectados en los sectores de la automoci\u00f3n y la electr\u00f3nica. Tomamos el pulso a la investigaci\u00f3n y el desarrollo y tenemos una gran experiencia en la implantaci\u00f3n con \u00e9xito de soluciones y procesos. Esta estrategia nos ha convertido en uno de los principales proveedores de servicios de movilidad, electr\u00f3nica e inform\u00e1tica.[\/vc_column_text][vc_btn title=\u00bbNuestra experiencia en el sector\u00bb style=\u00bboutline-custom\u00bb outline_custom_color=\u00bb#e30613&#8243; outline_custom_hover_background=\u00bb#e30613&#8243; outline_custom_hover_text=\u00bb#ffffff\u00bb shape=\u00bbsquare\u00bb css=\u00bb\u00bb link=\u00bburl:https%3A%2F%2Fadvincon.de%2Fes%2Fexperiencia-en-el-sector%2F|title:Experiencia%20en%20el%20sector\u00bb][\/vc_column_inner][vc_column_inner width=\u00bb1\/2&#8243;][vc_single_image image=\u00bb15054&#8243; img_size=\u00bbfull\u00bb css=\u00bb\u00bb][\/vc_column_inner][\/vc_row_inner][\/vc_column][\/vc_row][vc_row css=\u00bb.vc_custom_1718869610909{padding-top: 6% !important;padding-bottom: 8% !important;background-color: #ffffff !important;}\u00bb][vc_column offset=\u00bbvc_hidden-lg vc_hidden-md\u00bb][vc_row_inner inner_container=\u00bbtrue\u00bb][vc_column_inner width=\u00bb1\/2&#8243;][vc_single_image image=\u00bb15054&#8243; img_size=\u00bbfull\u00bb css=\u00bb\u00bb][\/vc_column_inner][vc_column_inner width=\u00bb1\/2&#8243;][vc_custom_heading text=\u00bbExperiencia en movilidad, electr\u00f3nica e inform\u00e1tica\u00bb font_container=\u00bbtag:h4|text_align:left|color:%23223035&#8243; use_theme_fonts=\u00bbyes\u00bb css=\u00bb.vc_custom_1720511564849{padding-top: 5% !important;}\u00bb][vc_column_text css=\u00bb\u00bb]Llevamos m\u00e1s de 25 a\u00f1os resolviendo para ti los problemas m\u00e1s dif\u00edciles. Somos expertos en tecnolog\u00edas avanzadas combinadas con conocimientos especializados y estamos muy interconectados en los sectores de la automoci\u00f3n y la electr\u00f3nica. Tomamos el pulso a la investigaci\u00f3n y el desarrollo y tenemos una gran experiencia en la implantaci\u00f3n con \u00e9xito de soluciones y procesos. Esta estrategia nos ha convertido en uno de los principales proveedores de servicios de movilidad, electr\u00f3nica e inform\u00e1tica.[\/vc_column_text][vc_btn title=\u00bbNuestra experiencia en el sector\u00bb style=\u00bboutline-custom\u00bb outline_custom_color=\u00bb#e30613&#8243; outline_custom_hover_background=\u00bb#e30613&#8243; outline_custom_hover_text=\u00bb#ffffff\u00bb shape=\u00bbsquare\u00bb css=\u00bb\u00bb link=\u00bburl:https%3A%2F%2Fadvincon.de%2Fes%2Fexperiencia-en-el-sector%2F|title:Experiencia%20en%20el%20sector\u00bb][\/vc_column_inner][\/vc_row_inner][\/vc_column][\/vc_row][vc_row css=\u00bb.vc_custom_1719384925632{background-color: #eaeaed !important;}\u00bb][vc_column][vc_row_inner inner_container=\u00bbtrue\u00bb gap=\u00bb30&#8243; css=\u00bb.vc_custom_1718363680251{margin-top: 3% !important;padding-top: 3% !important;padding-bottom: 5% !important;}\u00bb][vc_column_inner width=\u00bb1\/2&#8243;]<span id=\"noo-icon-1\" class=\"noo-icon icon-circle noo-icon-position-center\" style=\" font-size: 35px; color: #e30613;\">\n<i class=\"fa far fa-user\" ><\/i>\n<\/span><div class=\"noo-counter-holder  text-center\" >\n  <span class=\"noo-counter\" style=\" font-size: 40px; color: #5f646a;\">30<\/span>\n<\/div>[vc_column_text css=\u00bb.vc_custom_1719479291038{margin-bottom: 8% !important;padding-right: 15% !important;padding-left: 15% !important;}\u00bb]<\/p>\n<p style=\"text-align: center;\">Clientes satisfechos de empresas cotizadas y PYME<\/p>\n<p>[\/vc_column_text][\/vc_column_inner][vc_column_inner width=\u00bb1\/2&#8243;]<span id=\"noo-icon-2\" class=\"noo-icon icon-circle noo-icon-position-center\" style=\" font-size: 35px; color: #e30613;\">\n<i class=\"fa fas fa-car-alt\" ><\/i>\n<\/span><div class=\"noo-counter-holder  text-center\" >\n  <span class=\"noo-counter\" style=\" font-size: 40px; color: #5f646a;\">1200<\/span>\n<\/div>[vc_column_text css=\u00bb.vc_custom_1719479230219{padding-right: 15% !important;padding-left: 15% !important;}\u00bb]<\/p>\n<p style=\"text-align: center;\">Expertos con experiencia en movilidad, electr\u00f3nica e inform\u00e1tica<\/p>\n<p>[\/vc_column_text][\/vc_column_inner][\/vc_row_inner][\/vc_column][\/vc_row]<\/p>\n<\/div>","protected":false},"excerpt":{"rendered":"<p>[vc_row][vc_column][\/vc_column][\/vc_row][vc_row css=\u00bb.vc_custom_1719225606579{margin-top: 5% !important;margin-bottom: 5% !important;}\u00bb][vc_column][vc_row_inner inner_container=\u00bbtrue\u00bb css=\u00bb.vc_custom_1719387089556{margin-top: 3% !important;padding-top: 3% !important;}\u00bb][vc_column_inner width=\u00bb2\/3&#8243;][vc_custom_heading text=\u00bbProveedor de servicios tecnol\u00f3gicos para las m\u00e1s altas exigencias\u00bb font_container=\u00bbtag:h6|text_align:left|color:%235f646a\u00bb use_theme_fonts=\u00bbyes\u00bb css=\u00bb.vc_custom_1719479093773{margin-bottom: 3% !important;}\u00bb][vc_custom_heading text=\u00bbAsegura las estrategias para el \u00e9xito de ma\u00f1ana\u00bb font_container=\u00bbtag:h2|text_align:left|color:%23223035&#8243; use_theme_fonts=\u00bbyes\u00bb css=\u00bb\u00bb][\/vc_column_inner][vc_column_inner width=\u00bb1\/3&#8243;][\/vc_column_inner][\/vc_row_inner][vc_row_inner inner_container=\u00bbtrue\u00bb css=\u00bb.vc_custom_1719387248059{margin-bottom: 6% !important;padding-top: 2% !important;padding-bottom: 5% !important;}\u00bb][vc_column_inner width=\u00bb1\/2&#8243;][vc_column_text css=\u00bb\u00bb]Son las personas las que impulsan el progreso tecnol\u00f3gico. Por eso estamos<\/p>\n","protected":false},"author":11,"featured_media":0,"parent":0,"menu_order":0,"comment_status":"closed","ping_status":"closed","template":"page-full-width.php","meta":{"footnotes":""},"class_list":["post-15834","page","type-page","status-publish","hentry","no-featured","has-left-col"],"_links":{"self":[{"href":"https:\/\/advincon.de\/es\/wp-json\/wp\/v2\/pages\/15834","targetHints":{"allow":["GET"]}}],"collection":[{"href":"https:\/\/advincon.de\/es\/wp-json\/wp\/v2\/pages"}],"about":[{"href":"https:\/\/advincon.de\/es\/wp-json\/wp\/v2\/types\/page"}],"author":[{"embeddable":true,"href":"https:\/\/advincon.de\/es\/wp-json\/wp\/v2\/users\/11"}],"replies":[{"embeddable":true,"href":"https:\/\/advincon.de\/es\/wp-json\/wp\/v2\/comments?post=15834"}],"version-history":[{"count":1,"href":"https:\/\/advincon.de\/es\/wp-json\/wp\/v2\/pages\/15834\/revisions"}],"predecessor-version":[{"id":16675,"href":"https:\/\/advincon.de\/es\/wp-json\/wp\/v2\/pages\/15834\/revisions\/16675"}],"wp:attachment":[{"href":"https:\/\/advincon.de\/es\/wp-json\/wp\/v2\/media?parent=15834"}],"curies":[{"name":"wp","href":"https:\/\/api.w.org\/{rel}","templated":true}]}}