{"id":15842,"date":"2024-06-13T08:58:31","date_gmt":"2024-06-13T06:58:31","guid":{"rendered":"https:\/\/advincon.de\/reclutamiento\/"},"modified":"2024-10-07T17:23:24","modified_gmt":"2024-10-07T15:23:24","slug":"reclutamiento","status":"publish","type":"page","link":"https:\/\/advincon.de\/es\/reclutamiento\/","title":{"rendered":"Reclutamiento"},"content":{"rendered":"<div class=\"wpb-content-wrapper\"><p>[vc_row][vc_column]\n\t\t\t<!-- START Slider Unterseiten REVOLUTION SLIDER 6.7.11 --><p class=\"rs-p-wp-fix\"><\/p>\n\t\t\t<rs-module-wrap id=\"rev_slider_5_1_wrapper\" data-source=\"gallery\" style=\"visibility:hidden;background:transparent;padding:0;margin:0px auto;margin-top:0;margin-bottom:0;\">\n\t\t\t\t<rs-module id=\"rev_slider_5_1\" style=\"\" data-version=\"6.7.11\">\n\t\t\t\t\t<rs-slides style=\"overflow: hidden; position: absolute;\">\n\t\t\t\t\t\t<rs-slide style=\"position: absolute;\" data-key=\"rs-13\" data-title=\"Slide\"data-sba=\"b:false;\" data-anim=\"ms:10;\" data-in=\"o:1;\" data-out=\"a:false;\">\n\t\t\t\t\t\t\t<img decoding=\"async\" src=\"\/\/advincon.de\/wp-content\/plugins\/revslider\/sr6\/assets\/assets\/dummy.png\" alt=\"\" title=\"adv_header_untern\" width=\"1896\" height=\"698\" class=\"rev-slidebg tp-rs-img rs-lazyload\" data-lazyload=\"\/\/advincon.de\/wp-content\/uploads\/2024\/07\/adv_header_untern.jpg\" data-parallax=\"15\" data-no-retina>\n\t\t\t\t\t\t\t<rs-bgvideo \n\t\t\t\t\t\t\t\tdata-video=\"w:100%;h:100%;nse:false;l:true;ptimer:false;vfc:true;\"\n\t\t\t\t\t\t\t\tdata-mp4=\"\/\/advincon.de\/wp-content\/uploads\/2024\/06\/adv_header_untern.mp4\"\n\t\t\t\t\t\t\t><\/rs-bgvideo>\n<!--\n\t\t\t\t\t\t\t--><rs-layer\n\t\t\t\t\t\t\t\tid=\"slider-5-slide-13-layer-0\" \n\t\t\t\t\t\t\t\tdata-type=\"shape\"\n\t\t\t\t\t\t\t\tdata-rsp_ch=\"on\"\n\t\t\t\t\t\t\t\tdata-xy=\"xo:935px,935px,935px,361px;y:t,t,t,b;yo:218px,218px,218px,0;\"\n\t\t\t\t\t\t\t\tdata-text=\"w:normal;s:20,20,20,7;l:0,0,0,9;\"\n\t\t\t\t\t\t\t\tdata-dim=\"w:248px,248px,248px,95px;h:238px,238px,238px,91px;\"\n\t\t\t\t\t\t\t\tdata-blendmode=\"multiply\"\n\t\t\t\t\t\t\t\tdata-frame_999=\"o:0;st:w;\"\n\t\t\t\t\t\t\t\tstyle=\"z-index:7;background-color:#e30613;\"\n\t\t\t\t\t\t\t> \n\t\t\t\t\t\t\t<\/rs-layer><!--\n\n\t\t\t\t\t\t\t--><rs-layer\n\t\t\t\t\t\t\t\tid=\"slider-5-slide-13-layer-4\" \n\t\t\t\t\t\t\t\tdata-type=\"shape\"\n\t\t\t\t\t\t\t\tdata-rsp_ch=\"on\"\n\t\t\t\t\t\t\t\tdata-xy=\"x:l,l,l,c;xo:-1183px,-1183px,-1183px,-436px;y:b;yo:-11px,-11px,-11px,-1px;\"\n\t\t\t\t\t\t\t\tdata-text=\"w:normal;s:20,20,20,7;l:0,0,0,9;\"\n\t\t\t\t\t\t\t\tdata-dim=\"w:1183px,1183px,1183px,457px;h:1022px,1022px,1022px,394px;\"\n\t\t\t\t\t\t\t\tdata-frame_999=\"o:0;st:w;\"\n\t\t\t\t\t\t\t\tstyle=\"z-index:7;background-color:rgba(32,40,76,0.49);\"\n\t\t\t\t\t\t\t> \n\t\t\t\t\t\t\t<\/rs-layer><!--\n\n\t\t\t\t\t\t\t--><rs-layer\n\t\t\t\t\t\t\t\tid=\"slider-5-slide-13-layer-5\" \n\t\t\t\t\t\t\t\tdata-type=\"shape\"\n\t\t\t\t\t\t\t\tdata-rsp_ch=\"on\"\n\t\t\t\t\t\t\t\tdata-xy=\"x:l,l,l,c;xo:0,0,0,-49px;y:b;yo:-20px,-20px,-20px,-2px;\"\n\t\t\t\t\t\t\t\tdata-text=\"w:normal;s:20,20,20,7;l:0,0,0,9;\"\n\t\t\t\t\t\t\t\tdata-dim=\"w:1559px,1559px,1559px,602px;h:1022px,1022px,1022px,1020px;\"\n\t\t\t\t\t\t\t\tdata-frame_999=\"o:0;st:w;\"\n\t\t\t\t\t\t\t\tstyle=\"z-index:6;background:linear-gradient(85deg, rgba(32,40,76,0.5) 0%, rgba(215,215,215,0) 75%);\"\n\t\t\t\t\t\t\t> \n\t\t\t\t\t\t\t<\/rs-layer><!--\n-->\t\t\t\t\t<\/rs-slide>\n\t\t\t\t\t<\/rs-slides>\n\t\t\t\t<\/rs-module>\n\t\t\t\t<script>\n\t\t\t\t\tsetREVStartSize({c: 'rev_slider_5_1',rl:[1240,1240,1240,480],el:[400,400,400,400],gw:[1240,1240,1240,480],gh:[400,400,400,400],type:'standard',justify:'',layout:'fullwidth',mh:\"0\"});if (window.RS_MODULES!==undefined && window.RS_MODULES.modules!==undefined && window.RS_MODULES.modules[\"revslider51\"]!==undefined) {window.RS_MODULES.modules[\"revslider51\"].once = false;window.revapi5 = undefined;if (window.RS_MODULES.checkMinimal!==undefined) window.RS_MODULES.checkMinimal()}\n\t\t\t\t<\/script>\n\t\t\t<\/rs-module-wrap>\n\t\t\t<!-- END REVOLUTION SLIDER -->\n[\/vc_column][\/vc_row][vc_row css=\u00bb.vc_custom_1719225615715{margin-top: 5% !important;}\u00bb][vc_column][vc_row_inner inner_container=\u00bbtrue\u00bb css=\u00bb.vc_custom_1718789538832{margin-top: 3% !important;padding-top: 3% !important;}\u00bb][vc_column_inner width=\u00bb2\/3&#8243;][vc_custom_heading text=\u00bbTu reclutador de personal especializado en movilidad, TI e ingenier\u00eda\u00bb font_container=\u00bbtag:h6|text_align:left|color:%2344494b\u00bb use_theme_fonts=\u00bbyes\u00bb css=\u00bb.vc_custom_1719225695032{margin-bottom: 3% !important;}\u00bb][vc_custom_heading text=\u00bbEncuentra direc\u00adtivos y profesio&shy;nales m\u00e1s f\u00e1cilmente\u00bb font_container=\u00bbtag:h2|text_align:left|color:%23223035&#8243; use_theme_fonts=\u00bbyes\u00bb css=\u00bb\u00bb][\/vc_column_inner][vc_column_inner width=\u00bb1\/3&#8243;][\/vc_column_inner][\/vc_row_inner][vc_row_inner inner_container=\u00bbtrue\u00bb css=\u00bb.vc_custom_1719225738784{margin-bottom: 6% !important;padding-top: 2% !important;padding-bottom: 5% !important;}\u00bb][vc_column_inner width=\u00bb1\/2&#8243;][vc_column_text css=\u00bb\u00bb]Como consultora de personal y reclutadora de desarrolladores e ingenieros en los sectores de la automoci\u00f3n, la ingenier\u00eda y las TI, ya hemos ayudado a innumerables empresas a cubrir con \u00e9xito sus puestos. Tanto si se trata de una empresa de nueva creaci\u00f3n, una mediana empresa o una corporaci\u00f3n, encontramos el personal adecuado. Colocamos proactivamente a especialistas y directivos emp\u00e1ticos. Como agencia de contrataci\u00f3n especializada, prestamos atenci\u00f3n a la excelencia, a las cualificaciones profesionales en profundidad y a la personalidad.<\/p>\n<p>Act\u00faa con antelaci\u00f3n: La mejor forma de llegar a candidatos competentes y adecuados profesional y personalmente es dirigirse a ellos de forma activa. Tenemos la experiencia y el instinto adecuados. Profesional. Excelente. Entero.<\/p>\n<h5>Nuestro lema: Conocemos a nuestros clientes, sus necesidades.<\/h5>\n<p>[\/vc_column_text][\/vc_column_inner][vc_column_inner width=\u00bb1\/2&#8243;][vc_single_image image=\u00bb15073&#8243; img_size=\u00bbfull\u00bb alignment=\u00bbright\u00bb css=\u00bb\u00bb][\/vc_column_inner][\/vc_row_inner][\/vc_column][\/vc_row][vc_row parallax=\u00bbcontent-moving-fade\u00bb parallax_image=\u00bb15090&#8243; css=\u00bb.vc_custom_1719321358948{padding-top: 5% !important;padding-bottom: 5% !important;}\u00bb][vc_column][vc_row_inner inner_container=\u00bbtrue\u00bb gap=\u00bb30&#8243;][vc_column_inner][vc_column_text css=\u00bb\u00bb]<\/p>\n<h5 style=\"color: #fff;\"><strong>Encontraremos para ti<\/strong><\/h5>\n<p style=\"color: #fff;\">Ingenieros electr\u00f3nicos, mec\u00e1nicos de automoci\u00f3n, ingenieros mecatr\u00f3nicos de automoci\u00f3n, capataces, t\u00e9cnicos, conductores de pruebas, PMO, asistentes, probadores de software, modeladores, simuladores, ingenieros de desarrollo, gestores de componentes, desarrolladores de diagn\u00f3stico, especialistas en redes, desarrolladores de software, gestores de requisitos, SW &amp; Arquitectos de sistemas, propietarios de funciones, especialistas en TI, inform\u00e1ticos, propietarios de productos, ingenieros de DevOps, responsables de pruebas, ingenieros de calidad, responsables de desarrollo empresarial, responsables de ventas, responsables de subproyectos y de proyectos, responsables de CoC, responsables de SE, ingenieros superiores, responsables (UMK, OMK)&#8230;<\/p>\n<p>[\/vc_column_text][\/vc_column_inner][\/vc_row_inner][\/vc_column][\/vc_row][vc_row inner_container=\u00bbtrue\u00bb gap=\u00bb30&#8243; css=\u00bb.vc_custom_1718792229668{margin-top: 10% !important;margin-bottom: 2% !important;}\u00bb][vc_column width=\u00bb1\/2&#8243;][vc_single_image image=\u00bb15039&#8243; img_size=\u00bbfull\u00bb css=\u00bb.vc_custom_1719319594225{padding-bottom: 10% !important;}\u00bb][\/vc_column][vc_column width=\u00bb1\/2&#8243;][vc_custom_heading text=\u00bbTus ventajas\u00bb font_container=\u00bbtag:h4|text_align:left|color:%23223035&#8243; use_theme_fonts=\u00bbyes\u00bb css=\u00bb\u00bb][vc_column_text css=\u00bb\u00bb]<\/p>\n<ul>\n<li>Ingenier\u00eda, TI y Movilidad &#8211; en todo el mundo<\/li>\n<li>Nuestra propia red y candidatos de nuestro pool<\/li>\n<li>Acercamiento directo a los candidatos adecuados<\/li>\n<li>Centrarse en las aptitudes duras y blandas, as\u00ed como en la idoneidad humana<\/li>\n<\/ul>\n<p>[\/vc_column_text][\/vc_column][\/vc_row][vc_row gap=\u00bb30&#8243; css=\u00bb.vc_custom_1718716550536{padding-top: 6% !important;padding-bottom: 5% !important;background-color: #eaeaed !important;}\u00bb][vc_column offset=\u00bbvc_hidden-sm vc_hidden-xs\u00bb][vc_row_inner inner_container=\u00bbtrue\u00bb][vc_column_inner width=\u00bb1\/2&#8243;][vc_custom_heading text=\u00bbC\u00f3mo apoyamos tu proceso de contrataci\u00f3n\u00bb font_container=\u00bbtag:h4|text_align:left|color:%23223035&#8243; use_theme_fonts=\u00bbyes\u00bb css=\u00bb\u00bb][vc_column_text css=\u00bb\u00bb]<\/p>\n<ul>\n<li>Inicio con an\u00e1lisis de necesidades personales y priorizaci\u00f3n<\/li>\n<li>Identificaci\u00f3n y selecci\u00f3n de candidatos en la b\u00fasqueda activa<\/li>\n<li>Entrevistas personales &#8211; antes de que te las env\u00eden<\/li>\n<li>Evaluaci\u00f3n, recomendaci\u00f3n y transmisi\u00f3n de candidatos<\/li>\n<li>Comunicaci\u00f3n regular con el departamento de RRHH y especialistas a petici\u00f3n<\/li>\n<li>Seguimiento e informaci\u00f3n a los candidatos<\/li>\n<li>Documentaci\u00f3n y evaluaci\u00f3n<\/li>\n<\/ul>\n<p>[\/vc_column_text][\/vc_column_inner][vc_column_inner width=\u00bb1\/2&#8243;][vc_single_image image=\u00bb15075&#8243; img_size=\u00bbfull\u00bb css=\u00bb\u00bb][\/vc_column_inner][\/vc_row_inner][\/vc_column][\/vc_row][vc_row gap=\u00bb30&#8243; css=\u00bb.vc_custom_1719225852904{padding-bottom: 5% !important;background-color: #eaeaed !important;}\u00bb][vc_column offset=\u00bbvc_hidden-lg vc_hidden-md\u00bb][vc_row_inner inner_container=\u00bbtrue\u00bb][vc_column_inner width=\u00bb1\/2&#8243;][vc_single_image image=\u00bb15075&#8243; img_size=\u00bbfull\u00bb css=\u00bb.vc_custom_1719319740806{margin-bottom: 10% !important;}\u00bb][\/vc_column_inner][vc_column_inner width=\u00bb1\/2&#8243;][vc_custom_heading text=\u00bbProceso de reclutamiento\u00bb font_container=\u00bbtag:h4|text_align:left|color:%23223035&#8243; use_theme_fonts=\u00bbyes\u00bb css=\u00bb\u00bb][vc_column_text css=\u00bb\u00bb]<\/p>\n<ul>\n<li>Inicio con an\u00e1lisis de necesidades personales y priorizaci\u00f3n<\/li>\n<li>Identificaci\u00f3n y selecci\u00f3n de candidatos en la b\u00fasqueda activa<\/li>\n<li>Entrevistas personales &#8211; antes de que te las env\u00eden<\/li>\n<li>Evaluaci\u00f3n, recomendaci\u00f3n y transmisi\u00f3n de candidatos<\/li>\n<li>Comunicaci\u00f3n regular con el departamento de RRHH y especialistas a petici\u00f3n<\/li>\n<li>Seguimiento e informaci\u00f3n a los candidatos<\/li>\n<li>Documentaci\u00f3n y evaluaci\u00f3n<\/li>\n<\/ul>\n<p>[\/vc_column_text][\/vc_column_inner][\/vc_row_inner][\/vc_column][\/vc_row][vc_row inner_container=\u00bbtrue\u00bb gap=\u00bb30&#8243; css=\u00bb.vc_custom_1718884681249{margin-top: 8% !important;}\u00bb][vc_column width=\u00bb1\/2&#8243;][vc_single_image image=\u00bb15035&#8243; img_size=\u00bbfull\u00bb css=\u00bb\u00bb][\/vc_column][vc_column width=\u00bb1\/2&#8243;][vc_custom_heading text=\u00bb\u00bfQui\u00e9n y d\u00f3nde te buscamos?\u00bb font_container=\u00bbtag:h4|text_align:left|color:%23223035&#8243; use_theme_fonts=\u00bbyes\u00bb css=\u00bb\u00bb][vc_column_text css=\u00bb\u00bb]<\/p>\n<ul>\n<li>Licenciados, profesionales, directivos<\/li>\n<li>Formaci\u00f3n t\u00e9cnica, maestros artesanos, t\u00e9cnicos, acad\u00e9micos<\/li>\n<li>Con o sin experiencia profesional<\/li>\n<li>Alemania, Europa, en todo el mundo<\/li>\n<li>HW y SW, E\/E, ADAS, E-Movilidad, Infoentretenimiento\/Conexi\u00f3n, Seguridad, Calidad\/Procesos, Mec\u00e1nica\/Mecatr\u00f3nica, Oficina y Ventas<\/li>\n<\/ul>\n<p>[\/vc_column_text][\/vc_column][\/vc_row][vc_row inner_container=\u00bbtrue\u00bb css=\u00bb.vc_custom_1718792478585{padding-top: 7% !important;padding-bottom: 7% !important;}\u00bb][vc_column width=\u00bb3\/4&#8243;][vc_column_text css=\u00bb\u00bb]<\/p>\n<h4>Tenemos a las personas adecuadas bajo el cap\u00f3. En todo el mundo.<\/h4>\n<p>Como antiguos gestores, jefes de proyecto, BTV, ingenieros de desarrollo y calidad, etc. dentro de un proceso de desarrollo de productos, sabemos exactamente qu\u00e9 expertos en tecnolog\u00eda e inform\u00e1tica se necesitan, d\u00f3nde y cu\u00e1ndo. Y lo mejor de todo: d\u00f3nde est\u00e1n. Y lo que cuestan. <strong>Habla con nosotros.<\/strong>[\/vc_column_text][\/vc_column][vc_column width=\u00bb1\/4&#8243;][\/vc_column][\/vc_row][vc_row css=\u00bb.vc_custom_1718878270997{padding-top: 6% !important;padding-bottom: 8% !important;background-color: #eaeaed !important;}\u00bb][vc_column][vc_row_inner inner_container=\u00bbtrue\u00bb][vc_column_inner width=\u00bb1\/3&#8243;][vc_single_image image=\u00bb14381&#8243; img_size=\u00bb50px\u00bb alignment=\u00bbcenter\u00bb css=\u00bb.vc_custom_1718876613174{padding-bottom: 10% !important;}\u00bb][vc_custom_heading text=\u00bbExperiencia\u00bb font_container=\u00bbtag:h4|text_align:center|color:%23223035&#8243; use_theme_fonts=\u00bbyes\u00bb css=\u00bb\u00bb][vc_column_text css=\u00bb.vc_custom_1719482181349{padding-right: 5% !important;padding-left: 5% !important;}\u00bb]<\/p>\n<p style=\"text-align: center;\">Somos expertos t\u00e9cnicos e ingenieros de desarrollo, probadores, gestores de proyectos, BTV, gestores de SE, gestores de requisitos, auditores, desarrolladores de negocio, gestores de ventas, gerentes.<\/p>\n<p>[\/vc_column_text][\/vc_column_inner][vc_column_inner width=\u00bb1\/3&#8243;][vc_single_image image=\u00bb14380&#8243; img_size=\u00bb50px\u00bb alignment=\u00bbcenter\u00bb css=\u00bb.vc_custom_1718876888659{padding-bottom: 10% !important;}\u00bb][vc_custom_heading text=\u00bbRed\u00bb font_container=\u00bbtag:h4|text_align:center|color:%23223035&#8243; use_theme_fonts=\u00bbyes\u00bb css=\u00bb\u00bb][vc_column_text css=\u00bb.vc_custom_1718878518859{padding-right: 5% !important;padding-left: 5% !important;}\u00bb]<\/p>\n<p style=\"text-align: center;\">Con m\u00e1s de 25 a\u00f1os de experiencia en el desarrollo de autom\u00f3viles, estamos muy bien conectados con muchos responsables de la toma de decisiones y empresas.<\/p>\n<p>[\/vc_column_text][\/vc_column_inner][vc_column_inner width=\u00bb1\/3&#8243;][vc_single_image image=\u00bb14382&#8243; img_size=\u00bb50px\u00bb alignment=\u00bbcenter\u00bb css=\u00bb.vc_custom_1718876937330{padding-bottom: 10% !important;}\u00bb][vc_custom_heading text=\u00bbCalidad\u00bb font_container=\u00bbtag:h4|text_align:center|color:%23223035&#8243; use_theme_fonts=\u00bbyes\u00bb css=\u00bb\u00bb][vc_column_text css=\u00bb.vc_custom_1720433577706{margin-bottom: 17% !important;padding-right: 5% !important;padding-left: 5% !important;}\u00bb]<\/p>\n<p style=\"text-align: center;\">Gracias a nuestra comprensi\u00f3n t\u00e9cnica, empat\u00eda y a\u00f1os de experiencia en el desarrollo automovil\u00edstico, emparejamos con precisi\u00f3n candidatos y puestos de trabajo.<\/p>\n<p>[\/vc_column_text][\/vc_column_inner][\/vc_row_inner][\/vc_column][\/vc_row]<\/p>\n<\/div>","protected":false},"excerpt":{"rendered":"<p>[vc_row][vc_column][\/vc_column][\/vc_row][vc_row css=\u00bb.vc_custom_1719225615715{margin-top: 5% !important;}\u00bb][vc_column][vc_row_inner inner_container=\u00bbtrue\u00bb css=\u00bb.vc_custom_1718789538832{margin-top: 3% !important;padding-top: 3% !important;}\u00bb][vc_column_inner width=\u00bb2\/3&#8243;][vc_custom_heading text=\u00bbTu reclutador de personal especializado en movilidad, TI e ingenier\u00eda\u00bb font_container=\u00bbtag:h6|text_align:left|color:%2344494b\u00bb use_theme_fonts=\u00bbyes\u00bb css=\u00bb.vc_custom_1719225695032{margin-bottom: 3% !important;}\u00bb][vc_custom_heading text=\u00bbEncuentra direc\u00adtivos y profesio&shy;nales m\u00e1s f\u00e1cilmente\u00bb font_container=\u00bbtag:h2|text_align:left|color:%23223035&#8243; use_theme_fonts=\u00bbyes\u00bb css=\u00bb\u00bb][\/vc_column_inner][vc_column_inner width=\u00bb1\/3&#8243;][\/vc_column_inner][\/vc_row_inner][vc_row_inner inner_container=\u00bbtrue\u00bb css=\u00bb.vc_custom_1719225738784{margin-bottom: 6% !important;padding-top: 2% !important;padding-bottom: 5% !important;}\u00bb][vc_column_inner width=\u00bb1\/2&#8243;][vc_column_text css=\u00bb\u00bb]Como consultora de personal y reclutadora de desarrolladores e ingenieros en los sectores de la<\/p>\n","protected":false},"author":11,"featured_media":0,"parent":0,"menu_order":0,"comment_status":"closed","ping_status":"closed","template":"page-full-width.php","meta":{"footnotes":""},"class_list":["post-15842","page","type-page","status-publish","hentry","no-featured","has-left-col"],"_links":{"self":[{"href":"https:\/\/advincon.de\/es\/wp-json\/wp\/v2\/pages\/15842","targetHints":{"allow":["GET"]}}],"collection":[{"href":"https:\/\/advincon.de\/es\/wp-json\/wp\/v2\/pages"}],"about":[{"href":"https:\/\/advincon.de\/es\/wp-json\/wp\/v2\/types\/page"}],"author":[{"embeddable":true,"href":"https:\/\/advincon.de\/es\/wp-json\/wp\/v2\/users\/11"}],"replies":[{"embeddable":true,"href":"https:\/\/advincon.de\/es\/wp-json\/wp\/v2\/comments?post=15842"}],"version-history":[{"count":1,"href":"https:\/\/advincon.de\/es\/wp-json\/wp\/v2\/pages\/15842\/revisions"}],"predecessor-version":[{"id":16678,"href":"https:\/\/advincon.de\/es\/wp-json\/wp\/v2\/pages\/15842\/revisions\/16678"}],"wp:attachment":[{"href":"https:\/\/advincon.de\/es\/wp-json\/wp\/v2\/media?parent=15842"}],"curies":[{"name":"wp","href":"https:\/\/api.w.org\/{rel}","templated":true}]}}