{"id":15846,"date":"2024-06-13T09:32:23","date_gmt":"2024-06-13T07:32:23","guid":{"rendered":"https:\/\/advincon.de\/sobre-nosotros\/"},"modified":"2026-03-09T14:50:20","modified_gmt":"2026-03-09T13:50:20","slug":"sobre-nosotros","status":"publish","type":"page","link":"https:\/\/advincon.de\/es\/sobre-nosotros\/","title":{"rendered":"Sobre nosotros"},"content":{"rendered":"<div class=\"wpb-content-wrapper\"><p>[vc_row][vc_column]\n\t\t\t<!-- START Slider Unterseiten ueber uns REVOLUTION SLIDER 6.7.11 --><p class=\"rs-p-wp-fix\"><\/p>\n\t\t\t<rs-module-wrap id=\"rev_slider_18_1_wrapper\" data-source=\"gallery\" style=\"visibility:hidden;background:transparent;padding:0;margin:0px auto;margin-top:0;margin-bottom:0;\">\n\t\t\t\t<rs-module id=\"rev_slider_18_1\" style=\"\" data-version=\"6.7.11\">\n\t\t\t\t\t<rs-slides style=\"overflow: hidden; position: absolute;\">\n\t\t\t\t\t\t<rs-slide style=\"position: absolute;\" data-key=\"rs-32\" data-title=\"Slide\"data-sba=\"b:false;\" data-anim=\"ms:10;\" data-in=\"o:1;\" data-out=\"a:false;\">\n\t\t\t\t\t\t\t<img decoding=\"async\" src=\"\/\/advincon.de\/wp-content\/plugins\/revslider\/sr6\/assets\/assets\/dummy.png\" alt=\"\" title=\"adv_header_uns\" width=\"1920\" height=\"698\" class=\"rev-slidebg tp-rs-img rs-lazyload\" data-lazyload=\"\/\/advincon.de\/wp-content\/uploads\/2024\/07\/adv_header_uns.jpg\" data-parallax=\"15\" data-no-retina>\n\t\t\t\t\t\t\t<rs-bgvideo \n\t\t\t\t\t\t\t\tdata-video=\"w:100%;h:100%;nse:false;l:true;ptimer:false;vfc:true;\"\n\t\t\t\t\t\t\t\tdata-mp4=\"\/\/advincon.de\/wp-content\/uploads\/2024\/06\/adv_header_uns.mp4\"\n\t\t\t\t\t\t\t><\/rs-bgvideo>\n<!--\n\t\t\t\t\t\t\t--><rs-layer\n\t\t\t\t\t\t\t\tid=\"slider-18-slide-32-layer-0\" \n\t\t\t\t\t\t\t\tdata-type=\"shape\"\n\t\t\t\t\t\t\t\tdata-rsp_ch=\"on\"\n\t\t\t\t\t\t\t\tdata-xy=\"xo:-22px,-22px,-22px,43px;y:t,t,t,b;yo:254px,254px,254px,0;\"\n\t\t\t\t\t\t\t\tdata-text=\"w:normal;s:20,20,20,7;l:0,0,0,9;\"\n\t\t\t\t\t\t\t\tdata-dim=\"w:248px,248px,248px,95px;h:238px,238px,238px,91px;\"\n\t\t\t\t\t\t\t\tdata-blendmode=\"multiply\"\n\t\t\t\t\t\t\t\tdata-frame_999=\"o:0;st:w;\"\n\t\t\t\t\t\t\t\tstyle=\"z-index:8;background-color:#e30613;\"\n\t\t\t\t\t\t\t> \n\t\t\t\t\t\t\t<\/rs-layer><!--\n\n\t\t\t\t\t\t\t--><rs-layer\n\t\t\t\t\t\t\t\tid=\"slider-18-slide-32-layer-2\" \n\t\t\t\t\t\t\t\tdata-type=\"shape\"\n\t\t\t\t\t\t\t\tdata-rsp_ch=\"on\"\n\t\t\t\t\t\t\t\tdata-xy=\"x:l,l,l,c;xo:-1183px,-1183px,-1183px,-436px;y:b;yo:-11px,-11px,-11px,-1px;\"\n\t\t\t\t\t\t\t\tdata-text=\"w:normal;s:20,20,20,7;l:0,0,0,9;\"\n\t\t\t\t\t\t\t\tdata-dim=\"w:1183px,1183px,1183px,457px;h:1022px,1022px,1022px,394px;\"\n\t\t\t\t\t\t\t\tdata-frame_999=\"o:0;st:w;\"\n\t\t\t\t\t\t\t\tstyle=\"z-index:7;background-color:rgba(32,40,76,0.49);\"\n\t\t\t\t\t\t\t> \n\t\t\t\t\t\t\t<\/rs-layer><!--\n\n\t\t\t\t\t\t\t--><rs-layer\n\t\t\t\t\t\t\t\tid=\"slider-18-slide-32-layer-3\" \n\t\t\t\t\t\t\t\tdata-type=\"shape\"\n\t\t\t\t\t\t\t\tdata-rsp_ch=\"on\"\n\t\t\t\t\t\t\t\tdata-xy=\"x:l,l,l,c;xo:0,0,0,-49px;y:b;yo:-20px,-20px,-20px,-2px;\"\n\t\t\t\t\t\t\t\tdata-text=\"w:normal;s:20,20,20,7;l:0,0,0,9;\"\n\t\t\t\t\t\t\t\tdata-dim=\"w:1559px,1559px,1559px,602px;h:1022px,1022px,1022px,1020px;\"\n\t\t\t\t\t\t\t\tdata-frame_999=\"o:0;st:w;\"\n\t\t\t\t\t\t\t\tstyle=\"z-index:6;background:linear-gradient(85deg, rgba(32,40,76,0.5) 0%, rgba(215,215,215,0) 75%);\"\n\t\t\t\t\t\t\t> \n\t\t\t\t\t\t\t<\/rs-layer><!--\n-->\t\t\t\t\t<\/rs-slide>\n\t\t\t\t\t<\/rs-slides>\n\t\t\t\t<\/rs-module>\n\t\t\t\t<script>\n\t\t\t\t\tsetREVStartSize({c: 'rev_slider_18_1',rl:[1240,1240,1240,480],el:[400,400,400,400],gw:[1240,1240,1240,480],gh:[400,400,400,400],type:'standard',justify:'',layout:'fullwidth',mh:\"0\"});if (window.RS_MODULES!==undefined && window.RS_MODULES.modules!==undefined && window.RS_MODULES.modules[\"revslider181\"]!==undefined) {window.RS_MODULES.modules[\"revslider181\"].once = false;window.revapi18 = undefined;if (window.RS_MODULES.checkMinimal!==undefined) window.RS_MODULES.checkMinimal()}\n\t\t\t\t<\/script>\n\t\t\t<\/rs-module-wrap>\n\t\t\t<!-- END REVOLUTION SLIDER -->\n[\/vc_column][\/vc_row][vc_row css=\u00bb.vc_custom_1719227719627{margin-top: 5% !important;margin-bottom: 5% !important;}\u00bb][vc_column][vc_row_inner inner_container=\u00bbtrue\u00bb css=\u00bb.vc_custom_1720513126660{margin-top: 3% !important;padding-top: 3% !important;}\u00bb][vc_column_inner width=\u00bb5\/6&#8243;][vc_custom_heading text=\u00bbCon una ventaja de conocimiento para el \u00e9xito sostenible\u00bb font_container=\u00bbtag:h6|text_align:left|color:%2344494b\u00bb use_theme_fonts=\u00bbyes\u00bb css=\u00bb.vc_custom_1719228091418{margin-bottom: 3% !important;}\u00bb][vc_custom_heading text=\u00bbIngenier\u00eda, consultor\u00eda y contrataci\u00f3n para el cambio tecnol\u00f3gico\u00bb font_container=\u00bbtag:h2|text_align:left|color:%23223035&#8243; use_theme_fonts=\u00bbyes\u00bb css=\u00bb\u00bb][\/vc_column_inner][vc_column_inner width=\u00bb1\/6&#8243;][\/vc_column_inner][\/vc_row_inner][vc_row_inner inner_container=\u00bbtrue\u00bb css=\u00bb.vc_custom_1720597932249{margin-bottom: 3% !important;padding-top: 2% !important;}\u00bb][vc_column_inner width=\u00bb1\/2&#8243;][vc_column_text css=\u00bb\u00bb]Somos una empresa internacional con d\u00e9cadas de experiencia t\u00e9cnica en ingenier\u00eda, investigaci\u00f3n y desarrollo.<\/p>\n<p>Advincon combina la combinaci\u00f3n adecuada de experiencia y excelente conocimiento del sector con pericia y pasi\u00f3n. Ahora queremos inspirarte a ti tambi\u00e9n.[\/vc_column_text][vc_custom_heading text=\u00bbLa experiencia es como la cilindrada.\u00bb font_container=\u00bbtag:h5|text_align:left|color:%23223035&#8243; use_theme_fonts=\u00bbyes\u00bb css=\u00bb\u00bb][vc_column_text css=\u00bb\u00bb]Nuestro Director General Bert Reimers y el equipo llevan la gasolina en la sangre y la electrifican con m\u00e1s de 25 a\u00f1os de experiencia profesional en el sector de la automoci\u00f3n.<\/p>\n<p>Su experiencia como expertos t\u00e9cnicos e ingenieros de desarrollo, probadores, gestores de proyectos, BTV, gestores de SE, gestores de requisitos, auditores, gestores de proveedores y de calidad, desarrolladores de negocio, gestores de ventas y gerentes se basa en proyectos en todo el mundo para OEM y Tier1 como Audi, BMW, Bosch, Cariad, Continental, Lamborghini, MAN, Mercedes-Benz, Porsche, Telemotive y Volkswagen.[\/vc_column_text][\/vc_column_inner][vc_column_inner width=\u00bb1\/2&#8243; css=\u00bb.vc_custom_1719306003318{background-position: center !important;background-repeat: no-repeat !important;background-size: cover !important;}\u00bb][vc_single_image image=\u00bb14971&#8243; img_size=\u00bbfull\u00bb alignment=\u00bbright\u00bb css=\u00bb.vc_custom_1720597964431{padding-bottom: 10% !important;}\u00bb][\/vc_column_inner][\/vc_row_inner][\/vc_column][\/vc_row][vc_row parallax=\u00bbcontent-moving-fade\u00bb parallax_image=\u00bb15022&#8243; parallax_speed_bg=\u00bb2&#8243; css=\u00bb.vc_custom_1719318506533{margin-bottom: 5% !important;padding-top: 4% !important;padding-bottom: 4% !important;background-position: center;background-repeat: no-repeat !important;background-size: cover !important;}\u00bb][vc_column][vc_row_inner inner_container=\u00bbtrue\u00bb][vc_column_inner width=\u00bb1\/2&#8243;][vc_single_image image=\u00bb14394&#8243; img_size=\u00bb200px\u00bb alignment=\u00bbcenter\u00bb css=\u00bb.vc_custom_1719228222760{padding-top: 80px !important;padding-bottom: 8% !important;}\u00bb][\/vc_column_inner][vc_column_inner width=\u00bb1\/2&#8243;][vc_custom_heading text=\u00bbExpertos en movilidad, electr\u00f3nica e inform\u00e1tica\u00bb font_container=\u00bbtag:h4|text_align:left|color:%23ffffff\u00bb use_theme_fonts=\u00bbyes\u00bb css=\u00bb\u00bb][vc_custom_heading text=\u00bbConsultor\u00eda | Ingenier\u00eda | Contrataci\u00f3n\u00bb font_container=\u00bbtag:h6|text_align:left|color:%23ffffff\u00bb use_theme_fonts=\u00bbyes\u00bb css=\u00bb.vc_custom_1719486476354{padding-bottom: 3% !important;}\u00bb][vc_column_text css=\u00bb\u00bb]<\/p>\n<ul style=\"color: #fff;\">\n<li>M\u00e1s de 25 a\u00f1os de experiencia<\/li>\n<li>Experiencia t\u00e9cnica<\/li>\n<li>PEP Automoci\u00f3n y Gesti\u00f3n de Proyectos<\/li>\n<li>E\/E y desarrollo de SW embebido<\/li>\n<li>Ingenier\u00eda de fabricaci\u00f3n<\/li>\n<li>Desarrollo de la localizaci\u00f3n en el pa\u00eds y en el extranjero<\/li>\n<li>Desarrollo y gesti\u00f3n de centros de beneficio<\/li>\n<li>Desarrollo empresarial y ventas<\/li>\n<li>Colocaci\u00f3n de especialistas y directivos<\/li>\n<\/ul>\n<p>[\/vc_column_text][\/vc_column_inner][\/vc_row_inner][\/vc_column][\/vc_row][vc_row inner_container=\u00bbtrue\u00bb gap=\u00bb30&#8243; css=\u00bb.vc_custom_1720596807531{margin-top: 3% !important;}\u00bb][vc_column width=\u00bb1\/2&#8243; offset=\u00bbvc_hidden-sm vc_hidden-xs\u00bb][vc_custom_heading text=\u00bb\u00bfPor qu\u00e9 Advincon?\u00bb font_container=\u00bbtag:h4|text_align:left|color:%23223035&#8243; use_theme_fonts=\u00bbyes\u00bb css=\u00bb\u00bb][vc_column_text css=\u00bb\u00bb]Somos una cartera cosmopolita, familiar, cualificada y comprometida de j\u00f3venes y veteranos que conocen su ubicaci\u00f3n y nivel de madurez gracias a su amplia gama de intereses y a la experiencia adquirida en el entorno laboral. No somos s\u00f3lo expertos.[\/vc_column_text][vc_custom_heading text=\u00bbSomos maestros del desaf\u00edo.\u00bb font_container=\u00bbtag:h5|text_align:left|color:%23223035&#8243; use_theme_fonts=\u00bbyes\u00bb css=\u00bb\u00bb][vc_column_text css=\u00bb.vc_custom_1720597778664{padding-bottom: 5% !important;}\u00bb]Contamos con d\u00e9cadas de experiencia en los procesos de desarrollo y asistencia en serie, as\u00ed como en ingenier\u00eda de fabricaci\u00f3n. Familiarizado con las especificaciones de requisitos y funcionales, los comit\u00e9s de direcci\u00f3n hasta el nivel de junta directiva, los proveedores, los temas de FO, la gesti\u00f3n, las fases del proyecto y los paquetes de trabajo hasta el nivel de trabajo. Impresionamos con nuestra red exclusiva de alto nivel y nuestra fuerza de interfaz. Sin embargo, tambi\u00e9n reconocemos que no ha sido f\u00e1cil alcanzar el nivel de madurez de las competencias y m\u00e9todos que ofrecemos.<\/p>\n<p>Nuestro lema y nuestros valores se basan en la movilidad, la empat\u00eda, el respeto, la reflexi\u00f3n, el aprecio mutuo, la sostenibilidad y la alegr\u00eda de vivir consciente.[\/vc_column_text][\/vc_column][vc_column width=\u00bb1\/2&#8243; css=\u00bb.vc_custom_1720598017408{background-position: center !important;background-repeat: no-repeat !important;background-size: contain !important;}\u00bb offset=\u00bbvc_hidden-sm vc_hidden-xs\u00bb][vc_single_image image=\u00bb15987&#8243; img_size=\u00bbfull\u00bb css=\u00bb.vc_custom_1720597183453{margin-top: 3% !important;padding-bottom: 10% !important;}\u00bb][\/vc_column][\/vc_row][vc_row inner_container=\u00bbtrue\u00bb gap=\u00bb30&#8243; css=\u00bb.vc_custom_1720596807531{margin-top: 3% !important;}\u00bb][vc_column width=\u00bb1\/2&#8243; offset=\u00bbvc_hidden-lg vc_hidden-md\u00bb][vc_custom_heading text=\u00bb\u00bfPor qu\u00e9 Advincon?\u00bb font_container=\u00bbtag:h4|text_align:left|color:%23223035&#8243; use_theme_fonts=\u00bbyes\u00bb css=\u00bb\u00bb][vc_column_text css=\u00bb\u00bb]Somos una cartera cosmopolita, familiar, cualificada y comprometida de j\u00f3venes y veteranos que conocen su ubicaci\u00f3n y nivel de madurez gracias a su amplia gama de intereses y a la experiencia adquirida en el entorno laboral. No somos s\u00f3lo expertos.[\/vc_column_text][vc_custom_heading text=\u00bbSomos maestros del desaf\u00edo.\u00bb font_container=\u00bbtag:h5|text_align:left|color:%23223035&#8243; use_theme_fonts=\u00bbyes\u00bb css=\u00bb\u00bb][vc_column_text css=\u00bb\u00bb]Contamos con d\u00e9cadas de experiencia en los procesos de desarrollo y asistencia en serie, as\u00ed como en ingenier\u00eda de fabricaci\u00f3n. Familiarizado con las especificaciones de requisitos y funcionales, los comit\u00e9s de direcci\u00f3n hasta el nivel de junta directiva, los proveedores, los temas de FO, la gesti\u00f3n, las fases del proyecto y los paquetes de trabajo hasta el nivel de trabajo. Impresionamos con nuestra red exclusiva de alto nivel y nuestra fuerza de interfaz. Sin embargo, tambi\u00e9n reconocemos que no ha sido f\u00e1cil alcanzar el nivel de madurez de las competencias y m\u00e9todos que ofrecemos.<\/p>\n<p>Nuestro lema y nuestros valores se basan en la movilidad, la empat\u00eda, el respeto, la reflexi\u00f3n, el aprecio mutuo, la sostenibilidad y la alegr\u00eda de vivir consciente.[\/vc_column_text][\/vc_column][vc_column width=\u00bb1\/2&#8243; css=\u00bb.vc_custom_1720598041334{background-position: center !important;background-repeat: no-repeat !important;background-size: contain !important;}\u00bb offset=\u00bbvc_hidden-lg vc_hidden-md\u00bb][vc_single_image image=\u00bb15987&#8243; img_size=\u00bbfull\u00bb css=\u00bb.vc_custom_1720598050848{padding-bottom: 10% !important;}\u00bb][\/vc_column][\/vc_row][vc_row css=\u00bb.vc_custom_1719236962650{padding-top: 6% !important;background-color: #eaeaed !important;}\u00bb][vc_column offset=\u00bbvc_hidden-sm vc_hidden-xs\u00bb][vc_row_inner inner_container=\u00bbtrue\u00bb][vc_column_inner width=\u00bb1\/4&#8243;]<hr  class=\"noo-gap\" style=\" margin: 28px 0 0 0;\">[vc_custom_heading text=\u00bb2020&#8243; font_container=\u00bbtag:h5|text_align:right|color:%23e30613&#8243; use_theme_fonts=\u00bbyes\u00bb css=\u00bb.vc_custom_1719238497444{padding-left: 10% !important;}\u00bb][\/vc_column_inner][vc_column_inner width=\u00bb3\/4&#8243;][vc_column_text css=\u00bb.vc_custom_1719297696865{padding-right: 5% !important;padding-bottom: -5% !important;padding-left: 5% !important;}\u00bb]<\/p>\n<h4 style=\"text-align: left;\">Fundaci\u00f3n<\/h4>\n<p>[\/vc_column_text][vc_column_text css=\u00bb.vc_custom_1719297707281{margin-top: -4% !important;padding-right: 5% !important;padding-left: 5% !important;}\u00bb]<\/p>\n<p style=\"text-align: left;\">Fundada en Braunschweig como Consulting GmbH.<\/p>\n<p>[\/vc_column_text][\/vc_column_inner][\/vc_row_inner][vc_row_inner inner_container=\u00bbtrue\u00bb][vc_column_inner width=\u00bb1\/4&#8243;]<hr  class=\"noo-gap\" style=\" margin: 28px 0 0 0;\">[vc_custom_heading text=\u00bb2021&#8243; font_container=\u00bbtag:h5|text_align:right|color:%23e30613&#8243; use_theme_fonts=\u00bbyes\u00bb css=\u00bb\u00bb][\/vc_column_inner][vc_column_inner width=\u00bb3\/4&#8243;][vc_column_text css=\u00bb.vc_custom_1719232760376{padding-right: 5% !important;padding-bottom: -5% !important;padding-left: 5% !important;}\u00bb]<\/p>\n<h4 style=\"text-align: left;\">Desarrollo<\/h4>\n<p>[\/vc_column_text][vc_column_text css=\u00bb.vc_custom_1720513565839{margin-top: -4% !important;padding-right: 5% !important;padding-left: 5% !important;}\u00bb]Asesoramiento a un grupo mundial sobre el establecimiento de un centro de desarrollo automovil\u00edstico en Alemania.<br \/>\nConsultor\u00eda de optimizaci\u00f3n de procesos de grandes empresas Desarrollo de trenes de potencia.<br \/>\nInicio Contrataci\u00f3n para grandes empresas y medianas empresas dentro del proceso de desarrollo de productos de automoci\u00f3n.[\/vc_column_text][\/vc_column_inner][\/vc_row_inner][vc_row_inner inner_container=\u00bbtrue\u00bb][vc_column_inner width=\u00bb1\/4&#8243;]<hr  class=\"noo-gap\" style=\" margin: 28px 0 0 0;\">[vc_custom_heading text=\u00bb2022&#8243; font_container=\u00bbtag:h5|text_align:right|color:%23e30613&#8243; use_theme_fonts=\u00bbyes\u00bb css=\u00bb\u00bb][\/vc_column_inner][vc_column_inner width=\u00bb3\/4&#8243;][vc_column_text css=\u00bb.vc_custom_1719233195365{padding-right: 5% !important;padding-bottom: -5% !important;padding-left: 5% !important;}\u00bb]<\/p>\n<h4 style=\"text-align: left;\">Expansi\u00f3n<\/h4>\n<p>[\/vc_column_text][vc_column_text css=\u00bb.vc_custom_1720523709812{margin-top: -4% !important;padding-right: 5% !important;padding-left: 5% !important;}\u00bb]Expansi\u00f3n de las divisiones de consultor\u00eda y contrataci\u00f3n a las sedes de los clientes en toda Alemania.<br \/>\nAmpliaci\u00f3n de las actividades de consultor\u00eda para las ubicaciones de los Pa\u00edses con Mejores Costes y el mercado espa\u00f1ol.[\/vc_column_text][\/vc_column_inner][\/vc_row_inner][vc_row_inner inner_container=\u00bbtrue\u00bb][vc_column_inner width=\u00bb1\/4&#8243;]<hr  class=\"noo-gap\" style=\" margin: 28px 0 0 0;\">[vc_custom_heading text=\u00bb2023&#8243; font_container=\u00bbtag:h5|text_align:right|color:%23e30613&#8243; use_theme_fonts=\u00bbyes\u00bb css=\u00bb\u00bb][\/vc_column_inner][vc_column_inner width=\u00bb3\/4&#8243;][vc_column_text css=\u00bb.vc_custom_1719233255011{padding-right: 5% !important;padding-bottom: -5% !important;padding-left: 5% !important;}\u00bb]<\/p>\n<h4 style=\"text-align: left;\">Extensi\u00f3n<\/h4>\n<p>[\/vc_column_text][vc_column_text css=\u00bb.vc_custom_1720595361032{margin-top: -4% !important;padding-right: 5% !important;padding-left: 5% !important;}\u00bb]Expansi\u00f3n de la contrataci\u00f3n automovil\u00edstica en EEUU.[\/vc_column_text][\/vc_column_inner][\/vc_row_inner][vc_row_inner inner_container=\u00bbtrue\u00bb][vc_column_inner width=\u00bb1\/4&#8243;]<hr  class=\"noo-gap\" style=\" margin: 28px 0 0 0;\">[vc_custom_heading text=\u00bb2024&#8243; font_container=\u00bbtag:h5|text_align:right|color:%23e30613&#8243; use_theme_fonts=\u00bbyes\u00bb css=\u00bb.vc_custom_1719818196460{margin-bottom: 0px !important;}\u00bb][\/vc_column_inner][vc_column_inner width=\u00bb3\/4&#8243;][vc_column_text css=\u00bb.vc_custom_1719818128961{padding-right: 5% !important;padding-bottom: -5% !important;padding-left: 5% !important;}\u00bb]<\/p>\n<h4 style=\"text-align: left;\">Afiliaci\u00f3n<\/h4>\n<p>[\/vc_column_text][vc_column_text css=\u00bb.vc_custom_1720595368912{margin-top: -4% !important;margin-bottom: 0px !important;padding-right: 5% !important;padding-left: 5% !important;}\u00bb]Admisi\u00f3n como miembro de la VDA y de la BMVD.[\/vc_column_text][\/vc_column_inner][\/vc_row_inner][vc_row_inner inner_container=\u00bbtrue\u00bb][vc_column_inner width=\u00bb1\/4&#8243;]<hr  class=\"noo-gap\" style=\" margin: 56px 0 0 0;\">[vc_custom_heading text=\u00bb2025&#8243; font_container=\u00bbtag:h5|text_align:right|color:%23e30613&#8243; use_theme_fonts=\u00bbyes\u00bb css=\u00bb.vc_custom_1773060222555{margin-bottom: 0px !important;}\u00bb][\/vc_column_inner][vc_column_inner width=\u00bb3\/4&#8243;]<hr  class=\"noo-gap\" style=\" margin: 28px 0 0 0;\">[vc_column_text css=\u00bb.vc_custom_1772994667950{padding-right: 5% !important;padding-bottom: -5% !important;padding-left: 5% !important;}\u00bb]<\/p>\n<h4 style=\"text-align: left;\"><span data-olk-copy-source=\"MessageBody\">Creaci\u00f3n de Advanced Security Consulting 360<\/span><\/h4>\n<p>[\/vc_column_text][vc_column_text css=\u00bb.vc_custom_1773060472107{margin-top: -4% !important;margin-bottom: 0px !important;padding-right: 5% !important;padding-left: 5% !important;}\u00bb]<\/p>\n<div dir=\"auto\" data-olk-copy-source=\"MessageBody\">Advanced Security Consulting 360\u00b0, una unidad multidisciplinar de seguridad, tecnolog\u00eda y consultor\u00eda, se establece en el entorno corporativo de Advanced Industry Consulting GmbH.<\/div>\n<div dir=\"auto\" data-olk-copy-source=\"MessageBody\"><\/div>\n<div dir=\"auto\">El enfoque de asesoramiento combina la consultor\u00eda estrat\u00e9gica, la experiencia en seguridad operativa y la implementaci\u00f3n tecnol\u00f3gica en un modelo de servicios integrado para la industria, las infraestructuras cr\u00edticas, las organizaciones relevantes para la seguridad y las personas de alto riesgo.<\/div>\n<div dir=\"auto\"><\/div>\n<div dir=\"auto\">\n<p>Las oficinas familiares se benefician de una protecci\u00f3n discreta de su patrimonio y privacidad, as\u00ed como de an\u00e1lisis de riesgos exhaustivos para la familia y las participaciones.<\/p>\n<p>Las peque\u00f1as y medianas empresas obtienen una gesti\u00f3n de la seguridad pragm\u00e1tica e integral, entre otras cosas, contra los riesgos cibern\u00e9ticos y las interrupciones del servicio, lo que supone un alivio y una mayor eficiencia.<\/p>\n<\/div>\n<p>[\/vc_column_text][\/vc_column_inner][\/vc_row_inner][\/vc_column][\/vc_row][vc_row css=\u00bb.vc_custom_1719236558008{padding-top: 6% !important;padding-bottom: 8% !important;background-color: #eaeaed !important;}\u00bb][vc_column offset=\u00bbvc_hidden-lg vc_hidden-md\u00bb][vc_row_inner inner_container=\u00bbtrue\u00bb][vc_column_inner width=\u00bb1\/4&#8243;][vc_custom_heading text=\u00bb2020&#8243; font_container=\u00bbtag:h5|text_align:left|color:%23e30613&#8243; use_theme_fonts=\u00bbyes\u00bb css=\u00bb\u00bb][\/vc_column_inner][vc_column_inner width=\u00bb3\/4&#8243;][vc_column_text css=\u00bb.vc_custom_1719238285163{margin-top: -5% !important;}\u00bb]<\/p>\n<h4 style=\"text-align: left;\">Fundaci\u00f3n<\/h4>\n<p>[\/vc_column_text][vc_column_text css=\u00bb.vc_custom_1719238318587{margin-top: -5% !important;}\u00bb]<\/p>\n<p style=\"text-align: left;\">Fundada en Braunschweig como Consulting GmbH.<\/p>\n<p>[\/vc_column_text][\/vc_column_inner][\/vc_row_inner][vc_row_inner inner_container=\u00bbtrue\u00bb][vc_column_inner width=\u00bb1\/4&#8243;]<hr  class=\"noo-gap\" style=\" margin: 28px 0 0 0;\">[vc_custom_heading text=\u00bb2021&#8243; font_container=\u00bbtag:h5|text_align:left|color:%23e30613&#8243; use_theme_fonts=\u00bbyes\u00bb css=\u00bb\u00bb][\/vc_column_inner][vc_column_inner width=\u00bb3\/4&#8243;][vc_column_text css=\u00bb.vc_custom_1719238309011{margin-top: -5% !important;}\u00bb]<\/p>\n<h4 style=\"text-align: left;\">Desarrollo<\/h4>\n<p>[\/vc_column_text][vc_column_text css=\u00bb.vc_custom_1719238105387{margin-top: -4% !important;}\u00bb]Asesoramiento a un grupo mundial sobre el establecimiento de un centro de desarrollo automovil\u00edstico en Alemania.<br \/>\nConsultor\u00eda de optimizaci\u00f3n de procesos de grandes empresas Desarrollo de trenes de potencia.<br \/>\nInicio Contrataci\u00f3n para grandes empresas y medianas empresas dentro del proceso de desarrollo de productos de automoci\u00f3n.[\/vc_column_text][\/vc_column_inner][\/vc_row_inner][vc_row_inner inner_container=\u00bbtrue\u00bb][vc_column_inner width=\u00bb1\/4&#8243;]<hr  class=\"noo-gap\" style=\" margin: 28px 0 0 0;\">[vc_custom_heading text=\u00bb2022&#8243; font_container=\u00bbtag:h5|text_align:left|color:%23e30613&#8243; use_theme_fonts=\u00bbyes\u00bb css=\u00bb\u00bb][\/vc_column_inner][vc_column_inner width=\u00bb3\/4&#8243;][vc_column_text css=\u00bb.vc_custom_1719238337517{margin-top: -5% !important;}\u00bb]<\/p>\n<h4 style=\"text-align: left;\">Expansi\u00f3n<\/h4>\n<p>[\/vc_column_text][vc_column_text css=\u00bb.vc_custom_1720523728725{margin-top: -5% !important;}\u00bb]Expansi\u00f3n de las divisiones de consultor\u00eda y contrataci\u00f3n a las sedes de los clientes en toda Alemania.<br \/>\nAmpliaci\u00f3n de las actividades de consultor\u00eda para las ubicaciones de los Pa\u00edses con Mejores Costes y el mercado espa\u00f1ol.[\/vc_column_text][\/vc_column_inner][\/vc_row_inner][vc_row_inner inner_container=\u00bbtrue\u00bb][vc_column_inner width=\u00bb1\/4&#8243;]<hr  class=\"noo-gap\" style=\" margin: 28px 0 0 0;\">[vc_custom_heading text=\u00bb2023&#8243; font_container=\u00bbtag:h5|text_align:left|color:%23e30613&#8243; use_theme_fonts=\u00bbyes\u00bb css=\u00bb\u00bb][\/vc_column_inner][vc_column_inner width=\u00bb3\/4&#8243;][vc_column_text css=\u00bb.vc_custom_1719238353148{margin-top: -5% !important;}\u00bb]<\/p>\n<h4 style=\"text-align: left;\">Extensi\u00f3n<\/h4>\n<p>[\/vc_column_text][vc_column_text css=\u00bb.vc_custom_1720595611952{margin-top: -5% !important;}\u00bb]Expansi\u00f3n de la contrataci\u00f3n automovil\u00edstica en EEUU.[\/vc_column_text][\/vc_column_inner][\/vc_row_inner][vc_row_inner inner_container=\u00bbtrue\u00bb][vc_column_inner width=\u00bb1\/4&#8243;]<hr  class=\"noo-gap\" style=\" margin: 28px 0 0 0;\">[vc_custom_heading text=\u00bb2024&#8243; font_container=\u00bbtag:h5|text_align:left|color:%23e30613&#8243; use_theme_fonts=\u00bbyes\u00bb css=\u00bb\u00bb][\/vc_column_inner][vc_column_inner width=\u00bb3\/4&#8243;][vc_column_text css=\u00bb.vc_custom_1719238365661{margin-top: -5% !important;}\u00bb]<\/p>\n<h4 style=\"text-align: left;\">Afiliaci\u00f3n<\/h4>\n<p>[\/vc_column_text][vc_column_text css=\u00bb.vc_custom_1720595616978{margin-top: -5% !important;}\u00bb]Admisi\u00f3n como miembro de la VDA y de la BMVD.[\/vc_column_text][\/vc_column_inner][\/vc_row_inner][\/vc_column][\/vc_row]<\/p>\n<\/div>","protected":false},"excerpt":{"rendered":"<p>[vc_row][vc_column][\/vc_column][\/vc_row][vc_row css=\u00bb.vc_custom_1719227719627{margin-top: 5% !important;margin-bottom: 5% !important;}\u00bb][vc_column][vc_row_inner inner_container=\u00bbtrue\u00bb css=\u00bb.vc_custom_1720513126660{margin-top: 3% !important;padding-top: 3% !important;}\u00bb][vc_column_inner width=\u00bb5\/6&#8243;][vc_custom_heading text=\u00bbCon una ventaja de conocimiento para el \u00e9xito sostenible\u00bb font_container=\u00bbtag:h6|text_align:left|color:%2344494b\u00bb use_theme_fonts=\u00bbyes\u00bb css=\u00bb.vc_custom_1719228091418{margin-bottom: 3% !important;}\u00bb][vc_custom_heading text=\u00bbIngenier\u00eda, consultor\u00eda y contrataci\u00f3n para el cambio tecnol\u00f3gico\u00bb font_container=\u00bbtag:h2|text_align:left|color:%23223035&#8243; use_theme_fonts=\u00bbyes\u00bb css=\u00bb\u00bb][\/vc_column_inner][vc_column_inner width=\u00bb1\/6&#8243;][\/vc_column_inner][\/vc_row_inner][vc_row_inner inner_container=\u00bbtrue\u00bb css=\u00bb.vc_custom_1720597932249{margin-bottom: 3% !important;padding-top: 2% !important;}\u00bb][vc_column_inner width=\u00bb1\/2&#8243;][vc_column_text css=\u00bb\u00bb]Somos una empresa internacional con d\u00e9cadas de experiencia t\u00e9cnica en ingenier\u00eda, investigaci\u00f3n y desarrollo.<\/p>\n","protected":false},"author":11,"featured_media":0,"parent":0,"menu_order":0,"comment_status":"closed","ping_status":"closed","template":"page-full-width.php","meta":{"footnotes":""},"class_list":["post-15846","page","type-page","status-publish","hentry","no-featured","has-left-col"],"_links":{"self":[{"href":"https:\/\/advincon.de\/es\/wp-json\/wp\/v2\/pages\/15846","targetHints":{"allow":["GET"]}}],"collection":[{"href":"https:\/\/advincon.de\/es\/wp-json\/wp\/v2\/pages"}],"about":[{"href":"https:\/\/advincon.de\/es\/wp-json\/wp\/v2\/types\/page"}],"author":[{"embeddable":true,"href":"https:\/\/advincon.de\/es\/wp-json\/wp\/v2\/users\/11"}],"replies":[{"embeddable":true,"href":"https:\/\/advincon.de\/es\/wp-json\/wp\/v2\/comments?post=15846"}],"version-history":[{"count":12,"href":"https:\/\/advincon.de\/es\/wp-json\/wp\/v2\/pages\/15846\/revisions"}],"predecessor-version":[{"id":16799,"href":"https:\/\/advincon.de\/es\/wp-json\/wp\/v2\/pages\/15846\/revisions\/16799"}],"wp:attachment":[{"href":"https:\/\/advincon.de\/es\/wp-json\/wp\/v2\/media?parent=15846"}],"curies":[{"name":"wp","href":"https:\/\/api.w.org\/{rel}","templated":true}]}}