{"id":15853,"date":"2024-06-13T10:07:43","date_gmt":"2024-06-13T08:07:43","guid":{"rendered":"https:\/\/advincon.de\/proteccion-de-datos\/"},"modified":"2026-03-09T14:17:41","modified_gmt":"2026-03-09T13:17:41","slug":"proteccion-de-datos","status":"publish","type":"page","link":"https:\/\/advincon.de\/es\/proteccion-de-datos\/","title":{"rendered":"Protecci\u00f3n de datos"},"content":{"rendered":"<div class=\"wpb-content-wrapper\"><p>[vc_row][vc_column]\n\t\t\t<!-- START Slider Unterseiten REVOLUTION SLIDER 6.7.11 --><p class=\"rs-p-wp-fix\"><\/p>\n\t\t\t<rs-module-wrap id=\"rev_slider_5_1_wrapper\" data-source=\"gallery\" style=\"visibility:hidden;background:transparent;padding:0;margin:0px auto;margin-top:0;margin-bottom:0;\">\n\t\t\t\t<rs-module id=\"rev_slider_5_1\" style=\"\" data-version=\"6.7.11\">\n\t\t\t\t\t<rs-slides style=\"overflow: hidden; position: absolute;\">\n\t\t\t\t\t\t<rs-slide style=\"position: absolute;\" data-key=\"rs-13\" data-title=\"Slide\"data-sba=\"b:false;\" data-anim=\"ms:10;\" data-in=\"o:1;\" data-out=\"a:false;\">\n\t\t\t\t\t\t\t<img decoding=\"async\" src=\"\/\/advincon.de\/wp-content\/plugins\/revslider\/sr6\/assets\/assets\/dummy.png\" alt=\"\" title=\"adv_header_untern\" width=\"1896\" height=\"698\" class=\"rev-slidebg tp-rs-img rs-lazyload\" data-lazyload=\"\/\/advincon.de\/wp-content\/uploads\/2024\/07\/adv_header_untern.jpg\" data-parallax=\"15\" data-no-retina>\n\t\t\t\t\t\t\t<rs-bgvideo \n\t\t\t\t\t\t\t\tdata-video=\"w:100%;h:100%;nse:false;l:true;ptimer:false;vfc:true;\"\n\t\t\t\t\t\t\t\tdata-mp4=\"\/\/advincon.de\/wp-content\/uploads\/2024\/06\/adv_header_untern.mp4\"\n\t\t\t\t\t\t\t><\/rs-bgvideo>\n<!--\n\t\t\t\t\t\t\t--><rs-layer\n\t\t\t\t\t\t\t\tid=\"slider-5-slide-13-layer-0\" \n\t\t\t\t\t\t\t\tdata-type=\"shape\"\n\t\t\t\t\t\t\t\tdata-rsp_ch=\"on\"\n\t\t\t\t\t\t\t\tdata-xy=\"xo:935px,935px,935px,361px;y:t,t,t,b;yo:218px,218px,218px,0;\"\n\t\t\t\t\t\t\t\tdata-text=\"w:normal;s:20,20,20,7;l:0,0,0,9;\"\n\t\t\t\t\t\t\t\tdata-dim=\"w:248px,248px,248px,95px;h:238px,238px,238px,91px;\"\n\t\t\t\t\t\t\t\tdata-blendmode=\"multiply\"\n\t\t\t\t\t\t\t\tdata-frame_999=\"o:0;st:w;\"\n\t\t\t\t\t\t\t\tstyle=\"z-index:7;background-color:#e30613;\"\n\t\t\t\t\t\t\t> \n\t\t\t\t\t\t\t<\/rs-layer><!--\n\n\t\t\t\t\t\t\t--><rs-layer\n\t\t\t\t\t\t\t\tid=\"slider-5-slide-13-layer-4\" \n\t\t\t\t\t\t\t\tdata-type=\"shape\"\n\t\t\t\t\t\t\t\tdata-rsp_ch=\"on\"\n\t\t\t\t\t\t\t\tdata-xy=\"x:l,l,l,c;xo:-1183px,-1183px,-1183px,-436px;y:b;yo:-11px,-11px,-11px,-1px;\"\n\t\t\t\t\t\t\t\tdata-text=\"w:normal;s:20,20,20,7;l:0,0,0,9;\"\n\t\t\t\t\t\t\t\tdata-dim=\"w:1183px,1183px,1183px,457px;h:1022px,1022px,1022px,394px;\"\n\t\t\t\t\t\t\t\tdata-frame_999=\"o:0;st:w;\"\n\t\t\t\t\t\t\t\tstyle=\"z-index:7;background-color:rgba(32,40,76,0.49);\"\n\t\t\t\t\t\t\t> \n\t\t\t\t\t\t\t<\/rs-layer><!--\n\n\t\t\t\t\t\t\t--><rs-layer\n\t\t\t\t\t\t\t\tid=\"slider-5-slide-13-layer-5\" \n\t\t\t\t\t\t\t\tdata-type=\"shape\"\n\t\t\t\t\t\t\t\tdata-rsp_ch=\"on\"\n\t\t\t\t\t\t\t\tdata-xy=\"x:l,l,l,c;xo:0,0,0,-49px;y:b;yo:-20px,-20px,-20px,-2px;\"\n\t\t\t\t\t\t\t\tdata-text=\"w:normal;s:20,20,20,7;l:0,0,0,9;\"\n\t\t\t\t\t\t\t\tdata-dim=\"w:1559px,1559px,1559px,602px;h:1022px,1022px,1022px,1020px;\"\n\t\t\t\t\t\t\t\tdata-frame_999=\"o:0;st:w;\"\n\t\t\t\t\t\t\t\tstyle=\"z-index:6;background:linear-gradient(85deg, rgba(32,40,76,0.5) 0%, rgba(215,215,215,0) 75%);\"\n\t\t\t\t\t\t\t> \n\t\t\t\t\t\t\t<\/rs-layer><!--\n-->\t\t\t\t\t<\/rs-slide>\n\t\t\t\t\t<\/rs-slides>\n\t\t\t\t<\/rs-module>\n\t\t\t\t<script>\n\t\t\t\t\tsetREVStartSize({c: 'rev_slider_5_1',rl:[1240,1240,1240,480],el:[400,400,400,400],gw:[1240,1240,1240,480],gh:[400,400,400,400],type:'standard',justify:'',layout:'fullwidth',mh:\"0\"});if (window.RS_MODULES!==undefined && window.RS_MODULES.modules!==undefined && window.RS_MODULES.modules[\"revslider51\"]!==undefined) {window.RS_MODULES.modules[\"revslider51\"].once = false;window.revapi5 = undefined;if (window.RS_MODULES.checkMinimal!==undefined) window.RS_MODULES.checkMinimal()}\n\t\t\t\t<\/script>\n\t\t\t<\/rs-module-wrap>\n\t\t\t<!-- END REVOLUTION SLIDER -->\n[\/vc_column][\/vc_row][vc_row css=\u00bb.vc_custom_1717495343899{margin-top: 50px !important;}\u00bb][vc_column][vc_row_inner inner_container=\u00bbtrue\u00bb css=\u00bb.vc_custom_1718088102212{margin-top: 3% !important;padding-top: 3% !important;padding-bottom: 5% !important;}\u00bb][vc_column_inner][vc_custom_heading text=\u00bbProtecci\u00f3n de datos\u00bb font_container=\u00bbtag:h2|text_align:left|color:%23223035&#8243; use_theme_fonts=\u00bbyes\u00bb css=\u00bb.vc_custom_1720605045378{margin-bottom: 5% !important;}\u00bb][vc_column_text css=\u00bb\u00bb]El responsable del tratamiento en el sentido de las leyes de protecci\u00f3n de datos, en particular el Reglamento General de Protecci\u00f3n de Datos (RGPD) de la UE, es<\/p>\n<p>ADVINCON<br \/>\nConsultor\u00eda Industrial Avanzada GmbH<\/p>\n<p>Friedrichstra\u00dfe 53<br \/>\n38102 Braunschweig<br \/>\n<a href=\"tel:+491628695316\">+49 <span data-olk-copy-source=\"MessageBody\">162 8695316<\/span><\/a><br \/>\n<a href=\"mailto:info@advincon.de\">info@advincon.de<\/a><\/p>\n<div>\n<p><b>Informaci\u00f3n espec\u00edfica sobre protecci\u00f3n de datos para&#8230;<\/b><br \/>\n<a style=\"color: #e30613 !important;\" href=\"https:\/\/advincon.de\/pdf\/Datenschutzinformation_Interessenten_Kunden_Lieferanten.pdf\" target=\"_blank\" rel=\"noopener\">Interesados, clientes y proveedores<\/a><br \/>\n<a style=\"color: #e30613 !important;\" href=\"https:\/\/advincon.de\/pdf\/Datenschutzinformation_BewerberInnen.pdf\" target=\"_blank\" rel=\"noopener\">Solicitantes<\/a><\/p>\n<\/div>\n<h3>Tus derechos como interesado<\/h3>\n<p>Puedes ejercer los siguientes derechos en cualquier momento utilizando los datos de contacto facilitados:<\/p>\n<ul>\n<li>Informaci\u00f3n sobre tus datos almacenados por nosotros y su tratamiento (Art. 15 GDPR),<\/li>\n<li>Correcci\u00f3n de datos personales incorrectos (Art. 16 GDPR),<\/li>\n<li>Eliminaci\u00f3n de tus datos almacenados por nosotros (Art. 17 GDPR),<\/li>\n<li>Restricci\u00f3n del procesamiento de datos si todav\u00eda no se nos permite eliminar tus datos debido a obligaciones legales (Art. 18 GDPR),<\/li>\n<li>Objeci\u00f3n al tratamiento de tus datos por nuestra parte (Art. 21 GDPR) y<\/li>\n<li>Portabilidad de los datos, siempre que hayas dado tu consentimiento al tratamiento de los datos o hayas celebrado un contrato con nosotros (Art. 20 GDPR).<\/li>\n<\/ul>\n<p>Si nos has dado tu consentimiento, puedes revocarlo en cualquier momento con efectos para el futuro.<\/p>\n<p>Puedes presentar una reclamaci\u00f3n ante una autoridad supervisora en cualquier momento, por ejemplo, ante la autoridad supervisora competente en el estado federal de tu lugar de residencia o ante la autoridad responsable de nosotros como responsable del tratamiento.<\/p>\n<p>Puedes encontrar una lista de autoridades supervisoras (para el sector no p\u00fablico) con sus direcciones en: <a style=\"color: #e30613 !important;\" href=\"https:\/\/www.bfdi.bund.de\/DE\/Infothek\/Anschriften_Links\/anschriften_links-node.html\" target=\"_blank\" rel=\"nofollow noopener\">https:\/\/www.bfdi.bund.de\/DE\/Infothek\/Anschriften_Links\/anschriften_links-node.html<\/a>.<\/p>\n<p>&nbsp;<\/p>\n<h3>Formulario de contacto<\/h3>\n<p><b>Naturaleza y finalidad del tratamiento:<\/b><\/p>\n<p>Los datos que introduzcas se almacenar\u00e1n con el fin de mantener una comunicaci\u00f3n personalizada contigo. Para ello, se requiere una direcci\u00f3n de correo electr\u00f3nico v\u00e1lida y tu nombre. Se utiliza para asignar la consulta y responderla posteriormente. La especificaci\u00f3n de otros datos es opcional.<\/p>\n<p><b>Base jur\u00eddica:<\/b><\/p>\n<p>Los datos introducidos en el formulario de contacto se procesan sobre la base de un inter\u00e9s leg\u00edtimo (Art. 6 p\u00e1rr. 1 lit. f GDPR).<\/p>\n<p>Al proporcionar el formulario de contacto, queremos facilitarte el contacto con nosotros. La informaci\u00f3n que proporciones se almacenar\u00e1 con el fin de procesar tu consulta y para posibles preguntas de seguimiento.<\/p>\n<p>Si te pones en contacto con nosotros para solicitar un presupuesto, los datos introducidos en el formulario de contacto se procesar\u00e1n para llevar a cabo medidas precontractuales (Art. 6 p\u00e1rr. 1 lit. b GDPR).<\/p>\n<p><b>Beneficiario:<\/b><\/p>\n<p>Los destinatarios de los datos pueden ser encargados del tratamiento.<\/p>\n<p><b>Duraci\u00f3n del almacenamiento:<\/b><\/p>\n<p>Los datos se eliminar\u00e1n a m\u00e1s tardar 6 meses despu\u00e9s de que se haya procesado la consulta.<\/p>\n<p>Si existe una relaci\u00f3n contractual, estamos sujetos a los periodos de conservaci\u00f3n legales seg\u00fan el C\u00f3digo de Comercio alem\u00e1n (HGB) y eliminamos tus datos una vez transcurridos dichos periodos.<\/p>\n<p><b>Disposici\u00f3n prescrita o exigida:<\/b><\/p>\n<p>El suministro de tus datos personales es voluntario. Sin embargo, s\u00f3lo podemos procesar tu consulta si nos facilitas tu nombre, direcci\u00f3n de correo electr\u00f3nico y el motivo de la consulta.<\/p>\n<p>&nbsp;<\/p>\n<h3>Uso de Google Analytics<\/h3>\n<p><b>Naturaleza y finalidad del tratamiento:<\/b><\/p>\n<p>Este sitio web utiliza Google Analytics, un servicio anal\u00edtico de web prestado por Google LLC, 1600 Amphitheatre Parkway, Mountain View, CA 94043 EE.UU. (en adelante, \u00abGoogle\u00bb). Google Analytics utiliza \u00abcookies\u00bb, que son archivos de texto ubicados en tu ordenador, para ayudar al sitio web a analizar c\u00f3mo lo utilizan los usuarios. La informaci\u00f3n que genera la cookie acerca de tu uso de este sitio web se suele transferir a un servidor de Google en EE.UU. y se almacena all\u00ed. Sin embargo, debido a la activaci\u00f3n de la anonimizaci\u00f3n de IP en estos sitios web, tu direcci\u00f3n IP ser\u00e1 acortada por Google dentro de los estados miembros de la Uni\u00f3n Europea o en otros estados contratantes del Acuerdo sobre el Espacio Econ\u00f3mico Europeo. S\u00f3lo en casos excepcionales se transmitir\u00e1 la direcci\u00f3n IP completa a un servidor de Google en EE.UU. y se truncar\u00e1 all\u00ed. En nombre del operador de este sitio web, Google usar\u00e1 esta informaci\u00f3n para analizar tu uso del sitio web, recopilar informes sobre la actividad del sitio web y prestar al operador del sitio web otros servicios relacionados con la actividad del sitio web y el uso de Internet. La direcci\u00f3n IP transmitida por tu navegador como parte de Google Analytics no se fusionar\u00e1 con otros datos de Google.<\/p>\n<p>Los fines del tratamiento de datos son analizar el uso del sitio web y elaborar informes sobre las actividades en el sitio web. En funci\u00f3n del uso del sitio web y de Internet, se prestar\u00e1n otros servicios asociados.<\/p>\n<p><b>Base jur\u00eddica:<\/b><\/p>\n<p>Los datos se procesan sobre la base del consentimiento del usuario (Art. 6 p\u00e1rr. 1 lit. a GDPR).<\/p>\n<p><b>Beneficiario:<\/b><\/p>\n<p>El destinatario de los datos es Google como encargado del tratamiento. Para ello, hemos suscrito el correspondiente acuerdo de tratamiento de datos con Google.<\/p>\n<p><b>Duraci\u00f3n del almacenamiento:<\/b><\/p>\n<p>Los datos se eliminar\u00e1n en cuanto dejen de ser necesarios para nuestros fines de registro.<\/p>\n<p><b>Transferencia a un tercer pa\u00eds:<\/b><\/p>\n<p>Google procesa tus datos en EE.UU. y se ha sometido al Escudo de Privacidad UE-EE.UU. <a style=\"color: #e30613 !important;\" href=\"https:\/\/www.privacyshield.gov\/EU-US-Framework\">https:\/\/www.privacyshield.gov\/EU-US-Framework.<\/a><\/p>\n<p><b>Disposici\u00f3n prescrita o exigida:<\/b><\/p>\n<p>El suministro de tus datos personales es voluntario, \u00fanicamente sobre la base de tu consentimiento. Si impides el acceso, esto puede provocar restricciones funcionales en el sitio web.<\/p>\n<p><b>Revocaci\u00f3n del consentimiento:<\/b><\/p>\n<p>Puedes rechazar el uso de cookies seleccionando la configuraci\u00f3n adecuada en tu navegador, pero ten en cuenta que si lo haces es posible que no puedas utilizar todas las funciones de este sitio web. Tambi\u00e9n puedes impedir que Google recopile los datos generados por la cookie y relacionados con tu uso del sitio web (incluida tu direcci\u00f3n IP) y que Google procese estos datos descargando e instalando el complemento del navegador disponible en el siguiente enlace: Complemento del navegador <a href=\"http:\/\/tools.google.com\/dlpage\/gaoptout?hl=de\">para desactivar Google Analytics<\/a>.<\/p>\n<p>Adem\u00e1s o como alternativa al complemento del navegador, puedes evitar el seguimiento por parte de Google Analytics en nuestras p\u00e1ginas <a style=\"color: #e30613 !important;\" title=\"Establecer la cookie de inhabilitaci\u00f3n de Google Analytics\" href=\"https:\/\/advincon.de\/es\/proteccion-de-datos\/#\">haciendo clic en este enlace<\/a>. Se instalar\u00e1 una cookie de exclusi\u00f3n en tu dispositivo. Esto impedir\u00e1 que Google Analytics recopile datos para este sitio web y para este navegador en el futuro mientras la cookie permanezca instalada en tu navegador.<\/p>\n<p><b>Perfilado:<\/b><\/p>\n<p>Con la ayuda de la herramienta de seguimiento Google Analytics, se puede evaluar el comportamiento de los visitantes del sitio web y analizar sus intereses. Para ello creamos un perfil de usuario seudonimizado.<\/p>\n<p>&nbsp;<\/p>\n<h3>V\u00eddeos de YouTube incrustados<\/h3>\n<p><b>Naturaleza y finalidad del tratamiento:<\/b><\/p>\n<p>En algunos de nuestros sitios web incrustamos v\u00eddeos de YouTube. El operador de los plugins correspondientes es YouTube, LLC, 901 Cherry Ave, San Bruno, CA 94066, EE.UU. (en lo sucesivo, \u00abYouTube\u00bb). Cuando visitas una p\u00e1gina con el plugin de YouTube, se establece una conexi\u00f3n con los servidores de YouTube. Se informa a YouTube de las p\u00e1ginas que visitas. Si has iniciado sesi\u00f3n en tu cuenta de YouTube, YouTube puede asignarte personalmente tu comportamiento de navegaci\u00f3n. Puedes evitarlo desconect\u00e1ndote previamente de tu cuenta de YouTube.<\/p>\n<p>Cuando se inicia un v\u00eddeo de YouTube, el proveedor utiliza cookies que recogen informaci\u00f3n sobre el comportamiento del usuario.<\/p>\n<p>Puedes encontrar m\u00e1s informaci\u00f3n sobre la finalidad y el alcance de la recopilaci\u00f3n de datos y su tratamiento por parte de YouTube en la pol\u00edtica de privacidad del proveedor, donde tambi\u00e9n encontrar\u00e1s m\u00e1s informaci\u00f3n sobre tus derechos al respecto y las opciones de configuraci\u00f3n para proteger tu privacidad<a style=\"color: #e30613 !important;\" href=\"https:\/\/policies.google.com\/privacy\">(https:\/\/policies.google.com\/privacy)<\/a>. Google procesa tus datos en EE.UU. y se ha sometido al Escudo de Privacidad UE-EE.UU. https:\/\/www.privacyshield.gov\/EU-US-Framework<\/p>\n<p><b>Base jur\u00eddica:<\/b><\/p>\n<p>La base legal para la integraci\u00f3n de YouTube y la transferencia de datos asociada a Google es tu consentimiento (Art. 6 p\u00e1rrafo 1 lit. a GDPR).<\/p>\n<p><b>Beneficiario:<\/b><\/p>\n<p>Al acceder a YouTube se activa autom\u00e1ticamente una conexi\u00f3n con Google.<\/p>\n<p><b>Periodo de almacenamiento y revocaci\u00f3n del consentimiento:<\/b><\/p>\n<p>Si has desactivado el almacenamiento de cookies para el programa de anuncios de Google, no tendr\u00e1s que esperar ninguna cookie de este tipo cuando veas v\u00eddeos de YouTube. Sin embargo, YouTube tambi\u00e9n almacena informaci\u00f3n de uso no personalizada en otras cookies. Si deseas evitarlo, debes bloquear el almacenamiento de cookies en tu navegador.<\/p>\n<p>Puedes encontrar m\u00e1s informaci\u00f3n sobre la protecci\u00f3n de datos en \u00abYouTube\u00bb en la pol\u00edtica de privacidad del proveedor en: <a style=\"color: #e30613 !important;\" href=\"https:\/\/www.google.de\/intl\/de\/policies\/privacy\/\">https: <\/a>\/\/www.google.de\/intl\/de\/policies\/privacy\/  <\/p>\n<p><b>Transferencia a un tercer pa\u00eds:<\/b><\/p>\n<p>Google procesa tus datos en EE.UU. y se ha sometido al Escudo de Privacidad UE-EE.UU. <a href=\"https:\/\/www.privacyshield.gov\/EU-US-Framework\">https:\/\/www.privacyshield.gov\/EU-US-Framework.<\/a><\/p>\n<p><b>Disposici\u00f3n prescrita o exigida:<\/b><\/p>\n<p>El suministro de tus datos personales es voluntario, \u00fanicamente sobre la base de tu consentimiento. Si impides el acceso, esto puede provocar restricciones funcionales en el sitio web.<\/p>\n<p>&nbsp;<\/p>\n<h3>Cambios en nuestra pol\u00edtica de privacidad<\/h3>\n<p>Nos reservamos el derecho a adaptar esta pol\u00edtica de privacidad para que cumpla siempre con los requisitos legales vigentes o a implementar cambios en nuestros servicios en la pol\u00edtica de privacidad, por ejemplo, al introducir nuevos servicios. La nueva pol\u00edtica de privacidad se aplicar\u00e1 a tu pr\u00f3xima visita.<\/p>\n<h3>Preguntas para el responsable de la protecci\u00f3n de datos<\/h3>\n<p>Si tiene alguna pregunta sobre la protecci\u00f3n de datos, env\u00edenos un correo electr\u00f3nico a:<\/p>\n<p>ADVINCON<br \/>\nConsultor\u00eda Industrial Avanzada GmbH<\/p>\n<p>Friedrichstra\u00dfe 53<br \/>\n38102 Braunschweig<br \/>\n<a href=\"tel:+49162%208695316\">+49 <span data-olk-copy-source=\"MessageBody\">162 8695316<\/span><\/a><br \/>\n<a href=\"mailto:datenschutz@advincon.de\">datenschutz@advincon.de<\/a>[\/vc_column_text][\/vc_column_inner][\/vc_row_inner][\/vc_column][\/vc_row]<\/p>\n<\/div>","protected":false},"excerpt":{"rendered":"<p>[vc_row][vc_column][\/vc_column][\/vc_row][vc_row css=\u00bb.vc_custom_1717495343899{margin-top: 50px !important;}\u00bb][vc_column][vc_row_inner inner_container=\u00bbtrue\u00bb css=\u00bb.vc_custom_1718088102212{margin-top: 3% !important;padding-top: 3% !important;padding-bottom: 5% !important;}\u00bb][vc_column_inner][vc_custom_heading text=\u00bbProtecci\u00f3n de datos\u00bb font_container=\u00bbtag:h2|text_align:left|color:%23223035&#8243; use_theme_fonts=\u00bbyes\u00bb css=\u00bb.vc_custom_1720605045378{margin-bottom: 5% !important;}\u00bb][vc_column_text css=\u00bb\u00bb]El responsable del tratamiento en el sentido de las leyes de protecci\u00f3n de datos, en particular el Reglamento General de Protecci\u00f3n de Datos (RGPD) de la UE, es ADVINCON Consultor\u00eda Industrial Avanzada GmbH Friedrichstra\u00dfe 53 38102 Braunschweig +49 162 8695316<\/p>\n","protected":false},"author":11,"featured_media":0,"parent":0,"menu_order":0,"comment_status":"closed","ping_status":"closed","template":"page-full-width.php","meta":{"footnotes":""},"class_list":["post-15853","page","type-page","status-publish","hentry","no-featured","has-left-col"],"_links":{"self":[{"href":"https:\/\/advincon.de\/es\/wp-json\/wp\/v2\/pages\/15853","targetHints":{"allow":["GET"]}}],"collection":[{"href":"https:\/\/advincon.de\/es\/wp-json\/wp\/v2\/pages"}],"about":[{"href":"https:\/\/advincon.de\/es\/wp-json\/wp\/v2\/types\/page"}],"author":[{"embeddable":true,"href":"https:\/\/advincon.de\/es\/wp-json\/wp\/v2\/users\/11"}],"replies":[{"embeddable":true,"href":"https:\/\/advincon.de\/es\/wp-json\/wp\/v2\/comments?post=15853"}],"version-history":[{"count":15,"href":"https:\/\/advincon.de\/es\/wp-json\/wp\/v2\/pages\/15853\/revisions"}],"predecessor-version":[{"id":16788,"href":"https:\/\/advincon.de\/es\/wp-json\/wp\/v2\/pages\/15853\/revisions\/16788"}],"wp:attachment":[{"href":"https:\/\/advincon.de\/es\/wp-json\/wp\/v2\/media?parent=15853"}],"curies":[{"name":"wp","href":"https:\/\/api.w.org\/{rel}","templated":true}]}}